{"id":169962,"date":"2025-02-24T06:53:19","date_gmt":"2025-02-24T06:53:19","guid":{"rendered":"https:\/\/nexgendecors.com\/en\/product\/customized-kitchen-paper-towels-thickened-kitchen-paper-custom-made-decontamination-and-oil-absorption-kitchen-paper-towels-kitchen-paper-factory-wholesale\/"},"modified":"2025-04-06T10:04:54","modified_gmt":"2025-04-06T10:04:54","slug":"toallas-de-papel-de-cocina-personalizadas-papel-de-cocina-engrosado-toallas-de-papel-de-cocina-descontaminantes-y-absorbentes-de-aceite-fabrica-de-papel-de-cocina-al-por-mayor","status":"publish","type":"product","link":"https:\/\/nexgendecors.com\/es\/product\/toallas-de-papel-de-cocina-personalizadas-papel-de-cocina-engrosado-toallas-de-papel-de-cocina-descontaminantes-y-absorbentes-de-aceite-fabrica-de-papel-de-cocina-al-por-mayor\/","title":{"rendered":"Toallas de papel de cocina a medida, papel de cocina espesado, toallas de papel de cocina a medida para descontaminaci\u00f3n y absorci\u00f3n de aceite, f\u00e1brica de papel de cocina al por mayor"},"content":{"rendered":"<p><b>marca<\/b>: Qixing<\/p>\n<p><b>Importado o no<\/b>: No<\/p>\n<p><b>modelo<\/b>: Personalizaci\u00f3n del papel de cocina Qixing<\/p>\n<p><b>Material<\/b>:Pulpa de madera virgen<\/p>\n<p><b>Categor\u00edas de productos<\/b>: Papel absorbente de aceite<\/p>\n<p><b>Personalizaci\u00f3n del procesamiento<\/b>: S\u00ed<\/p>\n<p><b>Duraci\u00f3n<\/b>:3 a\u00f1os<\/p>\n<p><b>N\u00famero de hojas<\/b>:Personalizable<\/p>\n<p><b>Grado del papel<\/b>:Productos calificados<\/p>\n<p><b>peso<\/b>:Personalizable<\/p>\n<p><b>Especificaciones de embalaje<\/b>:Personalizable<\/p>\n<p><b>N\u00famero de pieza<\/b>: Papel de cocina<\/p>\n<p><b>\u00bfEs un paquete a granel?<\/b>: S\u00ed<\/p>\n<p><b>Principales plataformas downstream<\/b>: eBay, Amazon, Wish, Aliexpress, Independent Station, Lazada, otros<\/p>\n<p><b>Principales \u00e1reas de venta<\/b>: \u00c1frica, Europa, Sudam\u00e9rica, Sudeste Asi\u00e1tico, Norteam\u00e9rica, Noreste Asi\u00e1tico, Oriente Medio, Otros<\/p>\n<p><b>Tener una marca privada con licencia<\/b>: S\u00ed<\/p>\n<p><b>Ya sea una fuente dedicada de bienes para la exportaci\u00f3n transfronteriza<\/b>: S\u00ed<\/p>\n<p><b>ordenar por color<\/b>: Este es un enlace personalizado, no est\u00e1 en stock, consulte con el servicio al cliente para obtener m\u00e1s detalles, 21*20cm*65 secciones, 21*20cm*70 secciones, 21*20cm*75 secciones, 25*20cm*65 secciones, 25*20cm*70 secciones, 25*20cm*75 secciones, otras especificaciones consulte con el servicio al cliente<\/p>\n<p><b>tama\u00f1o<\/b>:Personalizable<\/p>\n<p><b>color<\/b>:Personalizable<\/p>\n<p><b>Exportar<\/b>: Poder<\/p>","protected":false},"excerpt":{"rendered":"<p>marca: Qixing Importado o no: no modelo: Qixing papel de cocina personalizaci\u00f3n Material: Pulpa de madera virgen Categor\u00edas de productos: Papel absorbente de aceite<\/p>","protected":false},"featured_media":169961,"comment_status":"open","ping_status":"closed","template":"","meta":[],"product_brand":[],"product_cat":[30927,30938],"product_tag":[],"class_list":{"0":"post-169962","1":"product","2":"type-product","3":"status-publish","4":"has-post-thumbnail","6":"product_cat-bath","7":"product_cat-paper-products","9":"first","10":"instock","11":"taxable","12":"shipping-taxable","13":"purchasable","14":"product-type-variable"},"_links":{"self":[{"href":"https:\/\/nexgendecors.com\/es\/wp-json\/wp\/v2\/product\/169962","targetHints":{"allow":["GET"]}}],"collection":[{"href":"https:\/\/nexgendecors.com\/es\/wp-json\/wp\/v2\/product"}],"about":[{"href":"https:\/\/nexgendecors.com\/es\/wp-json\/wp\/v2\/types\/product"}],"replies":[{"embeddable":true,"href":"https:\/\/nexgendecors.com\/es\/wp-json\/wp\/v2\/comments?post=169962"}],"version-history":[{"count":0,"href":"https:\/\/nexgendecors.com\/es\/wp-json\/wp\/v2\/product\/169962\/revisions"}],"wp:featuredmedia":[{"embeddable":true,"href":"https:\/\/nexgendecors.com\/es\/wp-json\/wp\/v2\/media\/169961"}],"wp:attachment":[{"href":"https:\/\/nexgendecors.com\/es\/wp-json\/wp\/v2\/media?parent=169962"}],"wp:term":[{"taxonomy":"product_brand","embeddable":true,"href":"https:\/\/nexgendecors.com\/es\/wp-json\/wp\/v2\/product_brand?post=169962"},{"taxonomy":"product_cat","embeddable":true,"href":"https:\/\/nexgendecors.com\/es\/wp-json\/wp\/v2\/product_cat?post=169962"},{"taxonomy":"product_tag","embeddable":true,"href":"https:\/\/nexgendecors.com\/es\/wp-json\/wp\/v2\/product_tag?post=169962"}],"curies":[{"name":"wp","href":"https:\/\/api.w.org\/{rel}","templated":true}]}}