{"id":170109,"date":"2025-02-24T12:40:14","date_gmt":"2025-02-24T12:40:14","guid":{"rendered":"https:\/\/nexgendecors.com\/en\/product\/milk-tea-paper-cup-with-lid-disposable-coffee-cup-red-water-cup-three-layer-thickened-anti-scalding-corrugated-hot-drink-cup-customized\/"},"modified":"2025-04-06T10:05:18","modified_gmt":"2025-04-06T10:05:18","slug":"milk-tea-paper-cup-with-lid-disposable-coffee-cup-red-water-cup-three-layer-thickened-anti-scalding-corrugated-hot-drink-cup-customized","status":"publish","type":"product","link":"https:\/\/nexgendecors.com\/es\/product\/milk-tea-paper-cup-with-lid-disposable-coffee-cup-red-water-cup-three-layer-thickened-anti-scalding-corrugated-hot-drink-cup-customized\/","title":{"rendered":"Vaso de papel para t\u00e9 con leche con tapa, vaso de caf\u00e9 desechable, vaso de agua rojo, vaso corrugado anti-escaldado de tres capas, vaso para bebida caliente personalizado"},"content":{"rendered":"<p><b>marca<\/b>: Golden Chief<\/p>\n<p><b>Principales plataformas downstream<\/b>: wish,Amazon,Independent Station,AliExpress,LAZADA,ebay<\/p>\n<p><b>Principales \u00e1reas de venta<\/b>: Southeast Asia, Northeast Asia, Latin America, Africa, Europe, Middle East, China, Others, South America, North America<\/p>\n<p><b>Ya sea una fuente dedicada de bienes para la exportaci\u00f3n transfronteriza<\/b>: No<\/p>\n<p><b>N\u00famero de pieza<\/b>: 01<\/p>\n<p><b>Country\/Region of Origin<\/b>: Porcelana<\/p>\n<p><b>usar<\/b>:Taza de bebida caliente<\/p>\n<p><b>\u00bfHay alguna tapa?<\/b>: No<\/p>\n<p><b>Tener una marca privada con licencia<\/b>: No<\/p>\n<p><b>Can logo be printed?<\/b>: S\u00ed<\/p>\n<p><b>Whether it is independently packaged<\/b>: No<\/p>\n<p><b>Upper mouth*lower mouth*high<\/b>: 50*35*50<\/p>\n<p><b>tipo<\/b>: Corrugated paper cups<\/p>\n<p><b>Origen<\/b>:Wenzhou<\/p>\n<p><b>Applicable scenarios<\/b>: Business reception\/daily life<\/p>\n<p><b>Especificaci\u00f3n<\/b>: 16oz\/500ml,8oz\/280ml,12oz\/400ml,10oz\/320ml<\/p>\n<p><b>color<\/b>: Yellow, red, green, black<\/p>","protected":false},"excerpt":{"rendered":"<p>Marca: Golden Chief Principales plataformas downstream: wish, Amazon, Independent Station, AliExpress, LAZADA, eBay Principales \u00e1reas de venta: Sudeste Asi\u00e1tico, Noreste Asi\u00e1tico, Am\u00e9rica Latina, \u00c1frica, Europa, Oriente Medio<\/p>","protected":false},"featured_media":170108,"comment_status":"open","ping_status":"closed","template":"","meta":[],"product_brand":[],"product_cat":[30935,30928],"product_tag":[],"class_list":{"0":"post-170109","1":"product","2":"type-product","3":"status-publish","4":"has-post-thumbnail","6":"product_cat-coffee-supplies","7":"product_cat-guest-room","9":"first","10":"instock","11":"taxable","12":"shipping-taxable","13":"purchasable","14":"product-type-variable"},"_links":{"self":[{"href":"https:\/\/nexgendecors.com\/es\/wp-json\/wp\/v2\/product\/170109","targetHints":{"allow":["GET"]}}],"collection":[{"href":"https:\/\/nexgendecors.com\/es\/wp-json\/wp\/v2\/product"}],"about":[{"href":"https:\/\/nexgendecors.com\/es\/wp-json\/wp\/v2\/types\/product"}],"replies":[{"embeddable":true,"href":"https:\/\/nexgendecors.com\/es\/wp-json\/wp\/v2\/comments?post=170109"}],"version-history":[{"count":0,"href":"https:\/\/nexgendecors.com\/es\/wp-json\/wp\/v2\/product\/170109\/revisions"}],"wp:featuredmedia":[{"embeddable":true,"href":"https:\/\/nexgendecors.com\/es\/wp-json\/wp\/v2\/media\/170108"}],"wp:attachment":[{"href":"https:\/\/nexgendecors.com\/es\/wp-json\/wp\/v2\/media?parent=170109"}],"wp:term":[{"taxonomy":"product_brand","embeddable":true,"href":"https:\/\/nexgendecors.com\/es\/wp-json\/wp\/v2\/product_brand?post=170109"},{"taxonomy":"product_cat","embeddable":true,"href":"https:\/\/nexgendecors.com\/es\/wp-json\/wp\/v2\/product_cat?post=170109"},{"taxonomy":"product_tag","embeddable":true,"href":"https:\/\/nexgendecors.com\/es\/wp-json\/wp\/v2\/product_tag?post=170109"}],"curies":[{"name":"wp","href":"https:\/\/api.w.org\/{rel}","templated":true}]}}