{"id":170181,"date":"2025-02-24T12:55:26","date_gmt":"2025-02-24T12:55:26","guid":{"rendered":"https:\/\/nexgendecors.com\/en\/product\/gift-household-small-coffee-machine-fashion-kitchen-small-appliance-fully-automatic-household-american-drip-glass-coffee-pot\/"},"modified":"2025-04-10T12:29:44","modified_gmt":"2025-04-10T12:29:44","slug":"cafetera-pequena-de-regalo-para-el-hogar-moderna-y-pequena-para-la-cocina-totalmente-automatica-cafetera-americana-de-goteo-de-cristal","status":"publish","type":"product","link":"https:\/\/nexgendecors.com\/es\/product\/cafetera-pequena-de-regalo-para-el-hogar-moderna-y-pequena-para-la-cocina-totalmente-automatica-cafetera-americana-de-goteo-de-cristal\/","title":{"rendered":"Regalo Hogar Peque\u00f1a M\u00e1quina de Caf\u00e9 Moda Cocina Peque\u00f1o Electrodom\u00e9stico Totalmente Autom\u00e1tico Hogar Americano Goteo Cafetera de Cristal"},"content":{"rendered":"","protected":false},"excerpt":{"rendered":"","protected":false},"featured_media":170180,"comment_status":"open","ping_status":"closed","template":"","meta":[],"product_brand":[],"product_cat":[30930,30928,30984],"product_tag":[],"class_list":{"0":"post-170181","1":"product","2":"type-product","3":"status-publish","4":"has-post-thumbnail","6":"product_cat-coffee-makers","7":"product_cat-guest-room","8":"product_cat-hotel-appliances","10":"first","11":"instock","12":"taxable","13":"shipping-taxable","14":"purchasable","15":"product-type-simple"},"_links":{"self":[{"href":"https:\/\/nexgendecors.com\/es\/wp-json\/wp\/v2\/product\/170181","targetHints":{"allow":["GET"]}}],"collection":[{"href":"https:\/\/nexgendecors.com\/es\/wp-json\/wp\/v2\/product"}],"about":[{"href":"https:\/\/nexgendecors.com\/es\/wp-json\/wp\/v2\/types\/product"}],"replies":[{"embeddable":true,"href":"https:\/\/nexgendecors.com\/es\/wp-json\/wp\/v2\/comments?post=170181"}],"version-history":[{"count":0,"href":"https:\/\/nexgendecors.com\/es\/wp-json\/wp\/v2\/product\/170181\/revisions"}],"wp:featuredmedia":[{"embeddable":true,"href":"https:\/\/nexgendecors.com\/es\/wp-json\/wp\/v2\/media\/170180"}],"wp:attachment":[{"href":"https:\/\/nexgendecors.com\/es\/wp-json\/wp\/v2\/media?parent=170181"}],"wp:term":[{"taxonomy":"product_brand","embeddable":true,"href":"https:\/\/nexgendecors.com\/es\/wp-json\/wp\/v2\/product_brand?post=170181"},{"taxonomy":"product_cat","embeddable":true,"href":"https:\/\/nexgendecors.com\/es\/wp-json\/wp\/v2\/product_cat?post=170181"},{"taxonomy":"product_tag","embeddable":true,"href":"https:\/\/nexgendecors.com\/es\/wp-json\/wp\/v2\/product_tag?post=170181"}],"curies":[{"name":"wp","href":"https:\/\/api.w.org\/{rel}","templated":true}]}}