{"id":170189,"date":"2025-02-24T12:56:58","date_gmt":"2025-02-24T12:56:58","guid":{"rendered":"https:\/\/nexgendecors.com\/en\/product\/hemisphere-electric-kettle-304-stainless-steel-automatic-power-off-insulation-kettle-electric-household-hot-water-large-capacity-2\/"},"modified":"2025-04-10T12:30:54","modified_gmt":"2025-04-10T12:30:54","slug":"hemisphere-electric-kettle-304-stainless-steel-automatic-power-off-insulation-kettle-electric-household-hot-water-large-capacity-2","status":"publish","type":"product","link":"https:\/\/nexgendecors.com\/es\/product\/hemisphere-electric-kettle-304-stainless-steel-automatic-power-off-insulation-kettle-electric-household-hot-water-large-capacity-2\/","title":{"rendered":"Hervidor el\u00e9ctrico Hemisphere de acero inoxidable 304, apagado autom\u00e1tico, hervidor de aislamiento, hervidor el\u00e9ctrico dom\u00e9stico de agua caliente de gran capacidad 2"},"content":{"rendered":"","protected":false},"excerpt":{"rendered":"","protected":false},"featured_media":170188,"comment_status":"open","ping_status":"closed","template":"","meta":[],"product_brand":[],"product_cat":[30933,30928,30984],"product_tag":[],"class_list":{"0":"post-170189","1":"product","2":"type-product","3":"status-publish","4":"has-post-thumbnail","6":"product_cat-fridge-microwave","7":"product_cat-guest-room","8":"product_cat-hotel-appliances","10":"first","11":"instock","12":"taxable","13":"shipping-taxable","14":"purchasable","15":"product-type-simple"},"_links":{"self":[{"href":"https:\/\/nexgendecors.com\/es\/wp-json\/wp\/v2\/product\/170189","targetHints":{"allow":["GET"]}}],"collection":[{"href":"https:\/\/nexgendecors.com\/es\/wp-json\/wp\/v2\/product"}],"about":[{"href":"https:\/\/nexgendecors.com\/es\/wp-json\/wp\/v2\/types\/product"}],"replies":[{"embeddable":true,"href":"https:\/\/nexgendecors.com\/es\/wp-json\/wp\/v2\/comments?post=170189"}],"version-history":[{"count":0,"href":"https:\/\/nexgendecors.com\/es\/wp-json\/wp\/v2\/product\/170189\/revisions"}],"wp:featuredmedia":[{"embeddable":true,"href":"https:\/\/nexgendecors.com\/es\/wp-json\/wp\/v2\/media\/170188"}],"wp:attachment":[{"href":"https:\/\/nexgendecors.com\/es\/wp-json\/wp\/v2\/media?parent=170189"}],"wp:term":[{"taxonomy":"product_brand","embeddable":true,"href":"https:\/\/nexgendecors.com\/es\/wp-json\/wp\/v2\/product_brand?post=170189"},{"taxonomy":"product_cat","embeddable":true,"href":"https:\/\/nexgendecors.com\/es\/wp-json\/wp\/v2\/product_cat?post=170189"},{"taxonomy":"product_tag","embeddable":true,"href":"https:\/\/nexgendecors.com\/es\/wp-json\/wp\/v2\/product_tag?post=170189"}],"curies":[{"name":"wp","href":"https:\/\/api.w.org\/{rel}","templated":true}]}}