{"id":170222,"date":"2025-02-24T12:57:50","date_gmt":"2025-02-24T12:57:50","guid":{"rendered":"https:\/\/nexgendecors.com\/en\/product\/wanlida-electric-kettle-household-kettle-automatic-power-off-insulation-integrated-dormitory-constant-temperature-stainless-steel-kettle\/"},"modified":"2025-04-10T12:30:54","modified_gmt":"2025-04-10T12:30:54","slug":"hervidor-electrico-wanlida-hervidor-domestico-con-apagado-automatico-aislamiento-integrado-hervidor-de-acero-inoxidable-de-temperatura-constante-para-dormitorio","status":"publish","type":"product","link":"https:\/\/nexgendecors.com\/es\/product\/hervidor-electrico-wanlida-hervidor-domestico-con-apagado-automatico-aislamiento-integrado-hervidor-de-acero-inoxidable-de-temperatura-constante-para-dormitorio\/","title":{"rendered":"Wanlida hervidor el\u00e9ctrico hervidor dom\u00e9stico apagado autom\u00e1tico aislamiento integrado dormitorio temperatura constante hervidor de acero inoxidable"},"content":{"rendered":"","protected":false},"excerpt":{"rendered":"","protected":false},"featured_media":170221,"comment_status":"open","ping_status":"closed","template":"","meta":[],"product_brand":[],"product_cat":[30933,30928,30984],"product_tag":[],"class_list":{"0":"post-170222","1":"product","2":"type-product","3":"status-publish","4":"has-post-thumbnail","6":"product_cat-fridge-microwave","7":"product_cat-guest-room","8":"product_cat-hotel-appliances","10":"first","11":"instock","12":"taxable","13":"shipping-taxable","14":"purchasable","15":"product-type-simple"},"_links":{"self":[{"href":"https:\/\/nexgendecors.com\/es\/wp-json\/wp\/v2\/product\/170222","targetHints":{"allow":["GET"]}}],"collection":[{"href":"https:\/\/nexgendecors.com\/es\/wp-json\/wp\/v2\/product"}],"about":[{"href":"https:\/\/nexgendecors.com\/es\/wp-json\/wp\/v2\/types\/product"}],"replies":[{"embeddable":true,"href":"https:\/\/nexgendecors.com\/es\/wp-json\/wp\/v2\/comments?post=170222"}],"version-history":[{"count":0,"href":"https:\/\/nexgendecors.com\/es\/wp-json\/wp\/v2\/product\/170222\/revisions"}],"wp:featuredmedia":[{"embeddable":true,"href":"https:\/\/nexgendecors.com\/es\/wp-json\/wp\/v2\/media\/170221"}],"wp:attachment":[{"href":"https:\/\/nexgendecors.com\/es\/wp-json\/wp\/v2\/media?parent=170222"}],"wp:term":[{"taxonomy":"product_brand","embeddable":true,"href":"https:\/\/nexgendecors.com\/es\/wp-json\/wp\/v2\/product_brand?post=170222"},{"taxonomy":"product_cat","embeddable":true,"href":"https:\/\/nexgendecors.com\/es\/wp-json\/wp\/v2\/product_cat?post=170222"},{"taxonomy":"product_tag","embeddable":true,"href":"https:\/\/nexgendecors.com\/es\/wp-json\/wp\/v2\/product_tag?post=170222"}],"curies":[{"name":"wp","href":"https:\/\/api.w.org\/{rel}","templated":true}]}}