{"id":170290,"date":"2025-02-24T13:01:50","date_gmt":"2025-02-24T13:01:50","guid":{"rendered":"https:\/\/nexgendecors.com\/en\/product\/flocking-solid-wood-hanger-non-slip-seamless-walnut-color-natural-color-household-clothes-hanger-clothing-store-hotel-dedicated-wholesale\/"},"modified":"2025-04-06T10:05:36","modified_gmt":"2025-04-06T10:05:36","slug":"flocking-solid-wood-hanger-non-slip-seamless-walnut-color-natural-color-household-clothes-hanger-clothing-store-hotel-dedicated-wholesale","status":"publish","type":"product","link":"https:\/\/nexgendecors.com\/es\/product\/flocking-solid-wood-hanger-non-slip-seamless-walnut-color-natural-color-household-clothes-hanger-clothing-store-hotel-dedicated-wholesale\/","title":{"rendered":"Percha de madera maciza flocada, antideslizante, sin costuras, color nogal, color natural, percha para ropa del hogar, tienda de ropa, hotel, dedicada al venta al por mayor"},"content":{"rendered":"<p><b>Categor\u00edas de productos<\/b>: Percha<\/p>\n<p><b>Importado o no<\/b>: No<\/p>\n<p><b>marca<\/b>: ninguno<\/p>\n<p><b>Material<\/b>:Esquema superba<\/p>\n<p><b>Origen<\/b>: Guangxi<\/p>\n<p><b>Personalizaci\u00f3n del procesamiento<\/b>: S\u00ed<\/p>\n<p><b>Cantidad por embalaje<\/b>: 50\/100\/120<\/p>\n<p><b>Cantidad por caja<\/b>: 50\/100\/120<\/p>\n<p><b>Especificaci\u00f3n<\/b>: 1<\/p>\n<p><b>Principales \u00e1reas de venta<\/b>:Europa<\/p>\n<p><b>Ya sea una fuente dedicada de bienes para la exportaci\u00f3n transfronteriza<\/b>: S\u00ed<\/p>\n<p><b>estilo<\/b>:Moderno y sencillo<\/p>\n<p><b>\u00bfExiste una patente?<\/b>: No<\/p>\n<p><b>derechos de autor<\/b>: ninguno<\/p>","protected":false},"excerpt":{"rendered":"<p>Categor\u00edas de productos: Percha Importado o no: no Marca: ninguna Material: Schima superba Origen: Guangxi Personalizaci\u00f3n del procesamiento: s\u00ed Cantidad de embalaje:<\/p>","protected":false},"featured_media":170289,"comment_status":"open","ping_status":"closed","template":"","meta":[],"product_brand":[],"product_cat":[30928,30934],"product_tag":[],"class_list":{"0":"post-170290","1":"product","2":"type-product","3":"status-publish","4":"has-post-thumbnail","6":"product_cat-guest-room","7":"product_cat-room-hangers","9":"first","10":"instock","11":"taxable","12":"shipping-taxable","13":"purchasable","14":"product-type-variable"},"_links":{"self":[{"href":"https:\/\/nexgendecors.com\/es\/wp-json\/wp\/v2\/product\/170290","targetHints":{"allow":["GET"]}}],"collection":[{"href":"https:\/\/nexgendecors.com\/es\/wp-json\/wp\/v2\/product"}],"about":[{"href":"https:\/\/nexgendecors.com\/es\/wp-json\/wp\/v2\/types\/product"}],"replies":[{"embeddable":true,"href":"https:\/\/nexgendecors.com\/es\/wp-json\/wp\/v2\/comments?post=170290"}],"version-history":[{"count":0,"href":"https:\/\/nexgendecors.com\/es\/wp-json\/wp\/v2\/product\/170290\/revisions"}],"wp:featuredmedia":[{"embeddable":true,"href":"https:\/\/nexgendecors.com\/es\/wp-json\/wp\/v2\/media\/170289"}],"wp:attachment":[{"href":"https:\/\/nexgendecors.com\/es\/wp-json\/wp\/v2\/media?parent=170290"}],"wp:term":[{"taxonomy":"product_brand","embeddable":true,"href":"https:\/\/nexgendecors.com\/es\/wp-json\/wp\/v2\/product_brand?post=170290"},{"taxonomy":"product_cat","embeddable":true,"href":"https:\/\/nexgendecors.com\/es\/wp-json\/wp\/v2\/product_cat?post=170290"},{"taxonomy":"product_tag","embeddable":true,"href":"https:\/\/nexgendecors.com\/es\/wp-json\/wp\/v2\/product_tag?post=170290"}],"curies":[{"name":"wp","href":"https:\/\/api.w.org\/{rel}","templated":true}]}}