{"id":170306,"date":"2025-02-24T13:07:14","date_gmt":"2025-02-24T13:07:14","guid":{"rendered":"https:\/\/nexgendecors.com\/en\/product\/afc-household-steam-iron-handheld-mini-electric-iron-small-portable-ironing-clothes-ironing-machine-transport-bucket\/"},"modified":"2025-04-10T12:31:36","modified_gmt":"2025-04-10T12:31:36","slug":"afc-household-steam-iron-handheld-mini-electric-iron-small-portable-ironing-clothes-ironing-machine-transport-bucket","status":"publish","type":"product","link":"https:\/\/nexgendecors.com\/es\/product\/afc-household-steam-iron-handheld-mini-electric-iron-small-portable-ironing-clothes-ironing-machine-transport-bucket\/","title":{"rendered":"AFC hogar plancha de vapor de mano mini plancha el\u00e9ctrica peque\u00f1a plancha de ropa port\u00e1til m\u00e1quina de planchar cubo de transporte"},"content":{"rendered":"","protected":false},"excerpt":{"rendered":"","protected":false},"featured_media":170305,"comment_status":"open","ping_status":"closed","template":"","meta":[],"product_brand":[],"product_cat":[30928,30984,30932],"product_tag":[],"class_list":{"0":"post-170306","1":"product","2":"type-product","3":"status-publish","4":"has-post-thumbnail","6":"product_cat-guest-room","7":"product_cat-hotel-appliances","8":"product_cat-ironing-supplies","10":"first","11":"instock","12":"taxable","13":"shipping-taxable","14":"purchasable","15":"product-type-simple"},"_links":{"self":[{"href":"https:\/\/nexgendecors.com\/es\/wp-json\/wp\/v2\/product\/170306","targetHints":{"allow":["GET"]}}],"collection":[{"href":"https:\/\/nexgendecors.com\/es\/wp-json\/wp\/v2\/product"}],"about":[{"href":"https:\/\/nexgendecors.com\/es\/wp-json\/wp\/v2\/types\/product"}],"replies":[{"embeddable":true,"href":"https:\/\/nexgendecors.com\/es\/wp-json\/wp\/v2\/comments?post=170306"}],"version-history":[{"count":0,"href":"https:\/\/nexgendecors.com\/es\/wp-json\/wp\/v2\/product\/170306\/revisions"}],"wp:featuredmedia":[{"embeddable":true,"href":"https:\/\/nexgendecors.com\/es\/wp-json\/wp\/v2\/media\/170305"}],"wp:attachment":[{"href":"https:\/\/nexgendecors.com\/es\/wp-json\/wp\/v2\/media?parent=170306"}],"wp:term":[{"taxonomy":"product_brand","embeddable":true,"href":"https:\/\/nexgendecors.com\/es\/wp-json\/wp\/v2\/product_brand?post=170306"},{"taxonomy":"product_cat","embeddable":true,"href":"https:\/\/nexgendecors.com\/es\/wp-json\/wp\/v2\/product_cat?post=170306"},{"taxonomy":"product_tag","embeddable":true,"href":"https:\/\/nexgendecors.com\/es\/wp-json\/wp\/v2\/product_tag?post=170306"}],"curies":[{"name":"wp","href":"https:\/\/api.w.org\/{rel}","templated":true}]}}