{"id":170364,"date":"2025-02-24T13:10:09","date_gmt":"2025-02-24T13:10:09","guid":{"rendered":"https:\/\/nexgendecors.com\/en\/product\/handheld-hanging-ironing-machine-ironing-machine-high-power-steam-cross-border-household-portable-electric-iron-mini-travel-iron\/"},"modified":"2025-04-10T12:31:35","modified_gmt":"2025-04-10T12:31:35","slug":"handheld-hanging-ironing-machine-ironing-machine-high-power-steam-cross-border-household-portable-electric-iron-mini-travel-iron","status":"publish","type":"product","link":"https:\/\/nexgendecors.com\/es\/product\/handheld-hanging-ironing-machine-ironing-machine-high-power-steam-cross-border-household-portable-electric-iron-mini-travel-iron\/","title":{"rendered":"M\u00e1quina de planchado port\u00e1til de mano, m\u00e1quina de planchado de vapor de alta potencia, plancha el\u00e9ctrica port\u00e1til para el hogar, mini plancha de viaje"},"content":{"rendered":"","protected":false},"excerpt":{"rendered":"","protected":false},"featured_media":170363,"comment_status":"open","ping_status":"closed","template":"","meta":[],"product_brand":[],"product_cat":[30928,30984,30932],"product_tag":[],"class_list":{"0":"post-170364","1":"product","2":"type-product","3":"status-publish","4":"has-post-thumbnail","6":"product_cat-guest-room","7":"product_cat-hotel-appliances","8":"product_cat-ironing-supplies","10":"first","11":"instock","12":"taxable","13":"shipping-taxable","14":"purchasable","15":"product-type-simple"},"_links":{"self":[{"href":"https:\/\/nexgendecors.com\/es\/wp-json\/wp\/v2\/product\/170364","targetHints":{"allow":["GET"]}}],"collection":[{"href":"https:\/\/nexgendecors.com\/es\/wp-json\/wp\/v2\/product"}],"about":[{"href":"https:\/\/nexgendecors.com\/es\/wp-json\/wp\/v2\/types\/product"}],"replies":[{"embeddable":true,"href":"https:\/\/nexgendecors.com\/es\/wp-json\/wp\/v2\/comments?post=170364"}],"version-history":[{"count":0,"href":"https:\/\/nexgendecors.com\/es\/wp-json\/wp\/v2\/product\/170364\/revisions"}],"wp:featuredmedia":[{"embeddable":true,"href":"https:\/\/nexgendecors.com\/es\/wp-json\/wp\/v2\/media\/170363"}],"wp:attachment":[{"href":"https:\/\/nexgendecors.com\/es\/wp-json\/wp\/v2\/media?parent=170364"}],"wp:term":[{"taxonomy":"product_brand","embeddable":true,"href":"https:\/\/nexgendecors.com\/es\/wp-json\/wp\/v2\/product_brand?post=170364"},{"taxonomy":"product_cat","embeddable":true,"href":"https:\/\/nexgendecors.com\/es\/wp-json\/wp\/v2\/product_cat?post=170364"},{"taxonomy":"product_tag","embeddable":true,"href":"https:\/\/nexgendecors.com\/es\/wp-json\/wp\/v2\/product_tag?post=170364"}],"curies":[{"name":"wp","href":"https:\/\/api.w.org\/{rel}","templated":true}]}}