{"id":170372,"date":"2025-02-24T13:16:04","date_gmt":"2025-02-24T13:16:04","guid":{"rendered":"https:\/\/nexgendecors.com\/en\/product\/five-star-hotel-dedicated-telephone-room-front-desk-hotel-wholesale-one-touch-dial-hands-free-wall-mounted-telephone-landline\/"},"modified":"2025-04-10T12:33:41","modified_gmt":"2025-04-10T12:33:41","slug":"five-star-hotel-dedicated-telephone-room-front-desk-hotel-wholesale-one-touch-dial-hands-free-wall-mounted-telephone-landline","status":"publish","type":"product","link":"https:\/\/nexgendecors.com\/es\/product\/five-star-hotel-dedicated-telephone-room-front-desk-hotel-wholesale-one-touch-dial-hands-free-wall-mounted-telephone-landline\/","title":{"rendered":"Hotel de cinco estrellas dedicado tel\u00e9fono habitaci\u00f3n recepci\u00f3n hotel al por mayor de marcaci\u00f3n por una pulsaci\u00f3n manos libres tel\u00e9fono fijo de pared"},"content":{"rendered":"<p><b>color<\/b>: Black 9807 new product launch, Black 9807A-new product launch, Classic white 9807 new product launch, Black 9802B new product launch, Ivory curved panel 9802, Black curved panel 9802, Ivory 9601 hotel bathroom and toilet speakerphone, Black 9601 hotel bathroom and toilet speakerphone, Ivory 9801, Black 9801, Ivory 9803, Black 9803, 9908 hotel telephone, 9908 hotel telephone acrylic, Ivory 9701 caller ID, Black 9701 caller ID<\/p>\n<p><b>marca<\/b>: Chengzeda<\/p>\n<p><b>N\u00famero de pieza<\/b>: 9807<\/p>\n<p><b>modelo<\/b>: 9807<\/p>\n<p><b>Identificador de llamadas<\/b>: ninguno<\/p>\n<p><b>Funci\u00f3n visual<\/b>: ninguno<\/p>\n<p><b>Funci\u00f3n de almacenamiento de n\u00fameros<\/b>: have<\/p>","protected":false},"excerpt":{"rendered":"<p>color: Negro 9807 lanzamiento nuevo producto, Negro 9807A-lanzamiento nuevo producto, Blanco cl\u00e1sico 9807 lanzamiento nuevo producto, Negro 9802B lanzamiento nuevo producto<\/p>","protected":false},"featured_media":170371,"comment_status":"open","ping_status":"closed","template":"","meta":[],"product_brand":[],"product_cat":[30928,30984,30958],"product_tag":[],"class_list":{"0":"post-170372","1":"product","2":"type-product","3":"status-publish","4":"has-post-thumbnail","6":"product_cat-guest-room","7":"product_cat-hotel-appliances","8":"product_cat-telephone","10":"first","11":"instock","12":"taxable","13":"shipping-taxable","14":"purchasable","15":"product-type-variable"},"_links":{"self":[{"href":"https:\/\/nexgendecors.com\/es\/wp-json\/wp\/v2\/product\/170372","targetHints":{"allow":["GET"]}}],"collection":[{"href":"https:\/\/nexgendecors.com\/es\/wp-json\/wp\/v2\/product"}],"about":[{"href":"https:\/\/nexgendecors.com\/es\/wp-json\/wp\/v2\/types\/product"}],"replies":[{"embeddable":true,"href":"https:\/\/nexgendecors.com\/es\/wp-json\/wp\/v2\/comments?post=170372"}],"version-history":[{"count":0,"href":"https:\/\/nexgendecors.com\/es\/wp-json\/wp\/v2\/product\/170372\/revisions"}],"wp:featuredmedia":[{"embeddable":true,"href":"https:\/\/nexgendecors.com\/es\/wp-json\/wp\/v2\/media\/170371"}],"wp:attachment":[{"href":"https:\/\/nexgendecors.com\/es\/wp-json\/wp\/v2\/media?parent=170372"}],"wp:term":[{"taxonomy":"product_brand","embeddable":true,"href":"https:\/\/nexgendecors.com\/es\/wp-json\/wp\/v2\/product_brand?post=170372"},{"taxonomy":"product_cat","embeddable":true,"href":"https:\/\/nexgendecors.com\/es\/wp-json\/wp\/v2\/product_cat?post=170372"},{"taxonomy":"product_tag","embeddable":true,"href":"https:\/\/nexgendecors.com\/es\/wp-json\/wp\/v2\/product_tag?post=170372"}],"curies":[{"name":"wp","href":"https:\/\/api.w.org\/{rel}","templated":true}]}}