{"id":170615,"date":"2025-02-24T14:31:22","date_gmt":"2025-02-24T14:31:22","guid":{"rendered":"https:\/\/nexgendecors.com\/en\/product\/ride-on-battery-powered-automatic-commercial-floor-scrubber-machine\/"},"modified":"2025-04-06T10:06:03","modified_gmt":"2025-04-06T10:06:03","slug":"ride-on-battery-powered-automatic-commercial-floor-scrubber-machine","status":"publish","type":"product","link":"https:\/\/nexgendecors.com\/es\/product\/ride-on-battery-powered-automatic-commercial-floor-scrubber-machine\/","title":{"rendered":"M\u00e1quina fregadora de suelos comercial autom\u00e1tica a bater\u00eda"},"content":{"rendered":"<ul>\n<li><strong>condici\u00f3n : <\/strong> Nuevo<\/li>\n<li><strong>lugar de origen : <\/strong> Anhui, China<\/li>\n<li><strong>nombre de marca: <\/strong> YANGZI<\/li>\n<li><strong>combustible : <\/strong> El\u00e9ctrico<\/li>\n<li><strong>usar : <\/strong> Limpieza de pisos<\/li>\n<li><strong>proceso de limpieza : <\/strong> Limpieza con agua fr\u00eda<\/li>\n<li><strong>tipo de limpieza: <\/strong> CIP de limpieza in situ<\/li>\n<li><strong>powerw : <\/strong> 500W<\/li>\n<li><strong>dimensiones*ancho*alto: <\/strong> 1445*995*1100mm<\/li>\n<li><strong>garant\u00eda : <\/strong> 1 a\u00f1o<\/li>\n<li><strong>peso kg : <\/strong> 211 kg<\/li>\n<li><strong>tipo : <\/strong> Montar a caballo<\/li>\n<li><strong>Nombre del producto : <\/strong> Ride On Battery Powered Automatic Commercial Floor Scrubber Machine<\/li>\n<li><strong>Cleaning Width : <\/strong> 560mm<\/li>\n<li><strong>Squeegee Width : <\/strong> 950mm<\/li>\n<li><strong>Tiempo de trabajo : <\/strong> 3-4h<\/li>\n<li><strong>Vacuum Motor : <\/strong> 450W<\/li>\n<li><strong>Brush Motor : <\/strong> 450W<\/li>\n<li><strong>Brush RPM : <\/strong> 225rpm<\/li>\n<li><strong>Clean Water Tank : <\/strong> 80L<\/li>\n<li><strong>Sewage Tank : <\/strong> 85L<\/li>\n<li><strong>Capacidad de la bater\u00eda: <\/strong> 12V\/100Ah*2<\/li>\n<li><strong>Machine Type : <\/strong> Floor Sweeper<\/li>\n<li><strong>Video outgoing-inspection : <\/strong> Proporcion\u00f3<\/li>\n<li><strong>Machinery Test Report : <\/strong> Proporcion\u00f3<\/li>\n<li><strong>Warranty of core components : <\/strong> 1 a\u00f1o<\/li>\n<li><strong>Material : <\/strong> Pl\u00e1stico<\/li>\n<li><strong>Applicable Industries : <\/strong> hotels, Restaurant, Office, Supermarket, Garage, Factory, Workshop, Warehouse<\/li>\n<li><strong>Core Components : <\/strong> motor, Brush, Battery<\/li>\n<\/ul>","protected":false},"excerpt":{"rendered":"<p>condici\u00f3n : Nuevo lugar de origen : Anhui, China marca : YANGZI combustible : El\u00e9ctrico uso : Limpieza de Suelos<\/p>","protected":false},"featured_media":170614,"comment_status":"open","ping_status":"closed","template":"","meta":[],"product_brand":[],"product_cat":[30959,30947],"product_tag":[],"class_list":{"0":"post-170615","1":"product","2":"type-product","3":"status-publish","4":"has-post-thumbnail","6":"product_cat-cleaning-machine","7":"product_cat-janitorial-supplies","9":"first","10":"instock","11":"taxable","12":"shipping-taxable","13":"purchasable","14":"product-type-variable"},"_links":{"self":[{"href":"https:\/\/nexgendecors.com\/es\/wp-json\/wp\/v2\/product\/170615","targetHints":{"allow":["GET"]}}],"collection":[{"href":"https:\/\/nexgendecors.com\/es\/wp-json\/wp\/v2\/product"}],"about":[{"href":"https:\/\/nexgendecors.com\/es\/wp-json\/wp\/v2\/types\/product"}],"replies":[{"embeddable":true,"href":"https:\/\/nexgendecors.com\/es\/wp-json\/wp\/v2\/comments?post=170615"}],"version-history":[{"count":0,"href":"https:\/\/nexgendecors.com\/es\/wp-json\/wp\/v2\/product\/170615\/revisions"}],"wp:featuredmedia":[{"embeddable":true,"href":"https:\/\/nexgendecors.com\/es\/wp-json\/wp\/v2\/media\/170614"}],"wp:attachment":[{"href":"https:\/\/nexgendecors.com\/es\/wp-json\/wp\/v2\/media?parent=170615"}],"wp:term":[{"taxonomy":"product_brand","embeddable":true,"href":"https:\/\/nexgendecors.com\/es\/wp-json\/wp\/v2\/product_brand?post=170615"},{"taxonomy":"product_cat","embeddable":true,"href":"https:\/\/nexgendecors.com\/es\/wp-json\/wp\/v2\/product_cat?post=170615"},{"taxonomy":"product_tag","embeddable":true,"href":"https:\/\/nexgendecors.com\/es\/wp-json\/wp\/v2\/product_tag?post=170615"}],"curies":[{"name":"wp","href":"https:\/\/api.w.org\/{rel}","templated":true}]}}