{"id":170715,"date":"2025-02-24T15:34:13","date_gmt":"2025-02-24T15:34:13","guid":{"rendered":"https:\/\/nexgendecors.com\/en\/product\/capsule-coffee-machine-household-small-fully-automatic-italian-coffee-machine-office-hotel-multifunctional-american-cross-border\/"},"modified":"2025-04-10T12:29:44","modified_gmt":"2025-04-10T12:29:44","slug":"capsule-coffee-machine-household-small-fully-automatic-italian-coffee-machine-office-hotel-multifunctional-american-cross-border","status":"publish","type":"product","link":"https:\/\/nexgendecors.com\/es\/product\/capsule-coffee-machine-household-small-fully-automatic-italian-coffee-machine-office-hotel-multifunctional-american-cross-border\/","title":{"rendered":"M\u00e1quina de caf\u00e9 en c\u00e1psulas dom\u00e9stica peque\u00f1a m\u00e1quina de caf\u00e9 italiana totalmente autom\u00e1tica oficina hotel multifuncional americana transfronteriza"},"content":{"rendered":"","protected":false},"excerpt":{"rendered":"","protected":false},"featured_media":170714,"comment_status":"open","ping_status":"closed","template":"","meta":[],"product_brand":[],"product_cat":[30930,30928,30984],"product_tag":[],"class_list":{"0":"post-170715","1":"product","2":"type-product","3":"status-publish","4":"has-post-thumbnail","6":"product_cat-coffee-makers","7":"product_cat-guest-room","8":"product_cat-hotel-appliances","10":"first","11":"instock","12":"taxable","13":"shipping-taxable","14":"purchasable","15":"product-type-simple"},"_links":{"self":[{"href":"https:\/\/nexgendecors.com\/es\/wp-json\/wp\/v2\/product\/170715","targetHints":{"allow":["GET"]}}],"collection":[{"href":"https:\/\/nexgendecors.com\/es\/wp-json\/wp\/v2\/product"}],"about":[{"href":"https:\/\/nexgendecors.com\/es\/wp-json\/wp\/v2\/types\/product"}],"replies":[{"embeddable":true,"href":"https:\/\/nexgendecors.com\/es\/wp-json\/wp\/v2\/comments?post=170715"}],"version-history":[{"count":0,"href":"https:\/\/nexgendecors.com\/es\/wp-json\/wp\/v2\/product\/170715\/revisions"}],"wp:featuredmedia":[{"embeddable":true,"href":"https:\/\/nexgendecors.com\/es\/wp-json\/wp\/v2\/media\/170714"}],"wp:attachment":[{"href":"https:\/\/nexgendecors.com\/es\/wp-json\/wp\/v2\/media?parent=170715"}],"wp:term":[{"taxonomy":"product_brand","embeddable":true,"href":"https:\/\/nexgendecors.com\/es\/wp-json\/wp\/v2\/product_brand?post=170715"},{"taxonomy":"product_cat","embeddable":true,"href":"https:\/\/nexgendecors.com\/es\/wp-json\/wp\/v2\/product_cat?post=170715"},{"taxonomy":"product_tag","embeddable":true,"href":"https:\/\/nexgendecors.com\/es\/wp-json\/wp\/v2\/product_tag?post=170715"}],"curies":[{"name":"wp","href":"https:\/\/api.w.org\/{rel}","templated":true}]}}