{"id":170753,"date":"2025-02-24T15:37:23","date_gmt":"2025-02-24T15:37:23","guid":{"rendered":"https:\/\/nexgendecors.com\/en\/product\/konka-coffee-machine-cross-border-home-fully-automatic-integrated-coffee-machine-small-office-brewing-scented-tea-coffee-machine\/"},"modified":"2025-04-10T12:29:44","modified_gmt":"2025-04-10T12:29:44","slug":"konka-coffee-machine-cross-border-home-fully-automatic-integrated-coffee-machine-small-office-brewing-scented-tea-coffee-machine","status":"publish","type":"product","link":"https:\/\/nexgendecors.com\/es\/product\/konka-coffee-machine-cross-border-home-fully-automatic-integrated-coffee-machine-small-office-brewing-scented-tea-coffee-machine\/","title":{"rendered":"Konka m\u00e1quina de caf\u00e9 transfronteriza casa totalmente autom\u00e1tica integrada m\u00e1quina de caf\u00e9 peque\u00f1a oficina elaboraci\u00f3n de la cerveza t\u00e9 perfumado m\u00e1quina de caf\u00e9"},"content":{"rendered":"","protected":false},"excerpt":{"rendered":"","protected":false},"featured_media":170752,"comment_status":"open","ping_status":"closed","template":"","meta":[],"product_brand":[],"product_cat":[30930,30928,30984],"product_tag":[],"class_list":{"0":"post-170753","1":"product","2":"type-product","3":"status-publish","4":"has-post-thumbnail","6":"product_cat-coffee-makers","7":"product_cat-guest-room","8":"product_cat-hotel-appliances","10":"first","11":"instock","12":"taxable","13":"shipping-taxable","14":"purchasable","15":"product-type-simple"},"_links":{"self":[{"href":"https:\/\/nexgendecors.com\/es\/wp-json\/wp\/v2\/product\/170753","targetHints":{"allow":["GET"]}}],"collection":[{"href":"https:\/\/nexgendecors.com\/es\/wp-json\/wp\/v2\/product"}],"about":[{"href":"https:\/\/nexgendecors.com\/es\/wp-json\/wp\/v2\/types\/product"}],"replies":[{"embeddable":true,"href":"https:\/\/nexgendecors.com\/es\/wp-json\/wp\/v2\/comments?post=170753"}],"version-history":[{"count":0,"href":"https:\/\/nexgendecors.com\/es\/wp-json\/wp\/v2\/product\/170753\/revisions"}],"wp:featuredmedia":[{"embeddable":true,"href":"https:\/\/nexgendecors.com\/es\/wp-json\/wp\/v2\/media\/170752"}],"wp:attachment":[{"href":"https:\/\/nexgendecors.com\/es\/wp-json\/wp\/v2\/media?parent=170753"}],"wp:term":[{"taxonomy":"product_brand","embeddable":true,"href":"https:\/\/nexgendecors.com\/es\/wp-json\/wp\/v2\/product_brand?post=170753"},{"taxonomy":"product_cat","embeddable":true,"href":"https:\/\/nexgendecors.com\/es\/wp-json\/wp\/v2\/product_cat?post=170753"},{"taxonomy":"product_tag","embeddable":true,"href":"https:\/\/nexgendecors.com\/es\/wp-json\/wp\/v2\/product_tag?post=170753"}],"curies":[{"name":"wp","href":"https:\/\/api.w.org\/{rel}","templated":true}]}}