{"id":170781,"date":"2025-02-24T15:40:02","date_gmt":"2025-02-24T15:40:02","guid":{"rendered":"https:\/\/nexgendecors.com\/en\/product\/factory-supplies-supermarket-disposable-paper-cups-3-ounces-4-ounces-yogurt-tasting-small-paper-cups-customized-paper-cups\/"},"modified":"2025-04-06T10:06:34","modified_gmt":"2025-04-06T10:06:34","slug":"factory-supplies-supermarket-disposable-paper-cups-3-ounces-4-ounces-yogurt-tasting-small-paper-cups-customized-paper-cups","status":"publish","type":"product","link":"https:\/\/nexgendecors.com\/es\/product\/factory-supplies-supermarket-disposable-paper-cups-3-ounces-4-ounces-yogurt-tasting-small-paper-cups-customized-paper-cups\/","title":{"rendered":"Suministros de f\u00e1brica: vasos de papel desechables para supermercado, de 3 y 4 onzas, para degustaci\u00f3n de yogur, vasos de papel peque\u00f1os, vasos de papel personalizados."},"content":{"rendered":"<p><b>Origen<\/b>: Porcelana<\/p>\n<p><b>Importado o no<\/b>: No<\/p>\n<p><b>Personalizaci\u00f3n del procesamiento<\/b>: S\u00ed<\/p>\n<p><b>usar<\/b>:Taza de bebida caliente<\/p>\n<p><b>\u00bfHay alguna tapa?<\/b>:Con funda<\/p>\n<p><b>Especificaci\u00f3n<\/b>: 3 oz 4 oz<\/p>\n<p><b>Adecuado para ocasiones especiales como regalar.<\/b>: Advertising promotion<\/p>\n<p><b>Impresi\u00f3n de LOGO<\/b>: Poder<\/p>\n<p><b>Tipo de suministro<\/b>:Personalizable<\/p>\n<p><b>\u00bfEst\u00e1 en stock?<\/b>: S\u00ed<\/p>\n<p><b>Principales plataformas downstream<\/b>:Amazon<\/p>\n<p><b>Principales \u00e1reas de venta<\/b>: otro<\/p>\n<p><b>Ya sea una fuente dedicada de bienes para la exportaci\u00f3n transfronteriza<\/b>: S\u00ed<\/p>","protected":false},"excerpt":{"rendered":"<p>Origen: China Importado o no: no Personalizaci\u00f3n de procesamiento: s\u00ed Uso: taza de bebida caliente \u00bfTiene tapa?: Con tapa Especificaci\u00f3n:<\/p>","protected":false},"featured_media":170780,"comment_status":"open","ping_status":"closed","template":"","meta":[],"product_brand":[],"product_cat":[30935,30928],"product_tag":[],"class_list":{"0":"post-170781","1":"product","2":"type-product","3":"status-publish","4":"has-post-thumbnail","6":"product_cat-coffee-supplies","7":"product_cat-guest-room","9":"first","10":"instock","11":"taxable","12":"shipping-taxable","13":"purchasable","14":"product-type-variable"},"_links":{"self":[{"href":"https:\/\/nexgendecors.com\/es\/wp-json\/wp\/v2\/product\/170781","targetHints":{"allow":["GET"]}}],"collection":[{"href":"https:\/\/nexgendecors.com\/es\/wp-json\/wp\/v2\/product"}],"about":[{"href":"https:\/\/nexgendecors.com\/es\/wp-json\/wp\/v2\/types\/product"}],"replies":[{"embeddable":true,"href":"https:\/\/nexgendecors.com\/es\/wp-json\/wp\/v2\/comments?post=170781"}],"version-history":[{"count":0,"href":"https:\/\/nexgendecors.com\/es\/wp-json\/wp\/v2\/product\/170781\/revisions"}],"wp:featuredmedia":[{"embeddable":true,"href":"https:\/\/nexgendecors.com\/es\/wp-json\/wp\/v2\/media\/170780"}],"wp:attachment":[{"href":"https:\/\/nexgendecors.com\/es\/wp-json\/wp\/v2\/media?parent=170781"}],"wp:term":[{"taxonomy":"product_brand","embeddable":true,"href":"https:\/\/nexgendecors.com\/es\/wp-json\/wp\/v2\/product_brand?post=170781"},{"taxonomy":"product_cat","embeddable":true,"href":"https:\/\/nexgendecors.com\/es\/wp-json\/wp\/v2\/product_cat?post=170781"},{"taxonomy":"product_tag","embeddable":true,"href":"https:\/\/nexgendecors.com\/es\/wp-json\/wp\/v2\/product_tag?post=170781"}],"curies":[{"name":"wp","href":"https:\/\/api.w.org\/{rel}","templated":true}]}}