{"id":171107,"date":"2025-02-24T15:51:17","date_gmt":"2025-02-24T15:51:17","guid":{"rendered":"https:\/\/nexgendecors.com\/en\/product\/bamboo-fiber-natural-color-paper-cup-disposable-1000-pcs-cup-water-cup-household-tea-coffee-cup-commercial-large-size\/"},"modified":"2025-04-06T10:06:55","modified_gmt":"2025-04-06T10:06:55","slug":"vaso-de-papel-desechable-de-fibra-de-bambu-de-color-natural-1000-unidades-para-agua-te-cafe-comercial-de-gran-tamano","status":"publish","type":"product","link":"https:\/\/nexgendecors.com\/es\/product\/vaso-de-papel-desechable-de-fibra-de-bambu-de-color-natural-1000-unidades-para-agua-te-cafe-comercial-de-gran-tamano\/","title":{"rendered":"Vaso de papel desechable de fibra de bamb\u00fa de color natural, 1000 unidades, para agua, t\u00e9, caf\u00e9, comercial, de gran tama\u00f1o"},"content":{"rendered":"<p><b>marca<\/b>: Lan Yuexing<\/p>\n<p><b>N\u00famero de pieza<\/b>:TM-654156475534<\/p>\n<p><b>usar<\/b>:Embalaje general<\/p>\n<p><b>Especificaci\u00f3n<\/b>: 50, 100, 200, 1000, 500<\/p>\n<p><b>color<\/b>: 9 onzas [tapa dura s\u00faper gruesa] Flores de monta\u00f1a en plena floraci\u00f3n, 7 onzas [tapa dura gruesa] Taza de color puro, 9 onzas [tapa dura s\u00faper gruesa] Verde fresco, 7 onzas [tapa dura gruesa] Hojas de ginkgo, 9 onzas [tapa dura s\u00faper gruesa] Habitaci\u00f3n de orqu\u00eddeas<\/p>\n<p><b>N\u00famero<\/b>: 200<\/p>","protected":false},"excerpt":{"rendered":"<p>Marca: Lan Yuexing N\u00famero de pieza: TM-654156475534 Uso: Embalaje general Especificaci\u00f3n: 50, 100, 200, 1000, 500 Color: 9 onzas [s\u00faper grueso]<\/p>","protected":false},"featured_media":171106,"comment_status":"open","ping_status":"closed","template":"","meta":[],"product_brand":[],"product_cat":[30935,30928],"product_tag":[],"class_list":{"0":"post-171107","1":"product","2":"type-product","3":"status-publish","4":"has-post-thumbnail","6":"product_cat-coffee-supplies","7":"product_cat-guest-room","9":"first","10":"instock","11":"taxable","12":"shipping-taxable","13":"purchasable","14":"product-type-variable"},"_links":{"self":[{"href":"https:\/\/nexgendecors.com\/es\/wp-json\/wp\/v2\/product\/171107","targetHints":{"allow":["GET"]}}],"collection":[{"href":"https:\/\/nexgendecors.com\/es\/wp-json\/wp\/v2\/product"}],"about":[{"href":"https:\/\/nexgendecors.com\/es\/wp-json\/wp\/v2\/types\/product"}],"replies":[{"embeddable":true,"href":"https:\/\/nexgendecors.com\/es\/wp-json\/wp\/v2\/comments?post=171107"}],"version-history":[{"count":0,"href":"https:\/\/nexgendecors.com\/es\/wp-json\/wp\/v2\/product\/171107\/revisions"}],"wp:featuredmedia":[{"embeddable":true,"href":"https:\/\/nexgendecors.com\/es\/wp-json\/wp\/v2\/media\/171106"}],"wp:attachment":[{"href":"https:\/\/nexgendecors.com\/es\/wp-json\/wp\/v2\/media?parent=171107"}],"wp:term":[{"taxonomy":"product_brand","embeddable":true,"href":"https:\/\/nexgendecors.com\/es\/wp-json\/wp\/v2\/product_brand?post=171107"},{"taxonomy":"product_cat","embeddable":true,"href":"https:\/\/nexgendecors.com\/es\/wp-json\/wp\/v2\/product_cat?post=171107"},{"taxonomy":"product_tag","embeddable":true,"href":"https:\/\/nexgendecors.com\/es\/wp-json\/wp\/v2\/product_tag?post=171107"}],"curies":[{"name":"wp","href":"https:\/\/api.w.org\/{rel}","templated":true}]}}