{"id":17124,"date":"2025-01-13T14:22:48","date_gmt":"2025-01-13T14:22:48","guid":{"rendered":"https:\/\/nexgendecors.com\/product\/acrylic-oval-bathtub-for-small-household-use-independent-seamless-european-style-hotel-and-homestay-bathtub\/"},"modified":"2025-04-06T07:40:08","modified_gmt":"2025-04-06T07:40:08","slug":"banera-ovalada-acrilica-para-uso-domestico-pequeno-independiente-sin-juntas-de-estilo-europeo-para-hoteles-y-casas-de-familia","status":"publish","type":"product","link":"https:\/\/nexgendecors.com\/es\/product\/banera-ovalada-acrilica-para-uso-domestico-pequeno-independiente-sin-juntas-de-estilo-europeo-para-hoteles-y-casas-de-familia\/","title":{"rendered":"Ba\u00f1era ovalada europea de acr\u00edlico sin juntas para espacios de lujo"},"content":{"rendered":"<ul>\n<li>\n<strong>marca<\/strong>:Miguel<\/li>\n<li>\n<strong>modelo<\/strong>:1306<\/li>\n<li>\n<strong>Material<\/strong>:Acr\u00edlico<\/li>\n<li>\n<strong>Origen<\/strong>:China continental<\/li>\n<li>\n<strong>provincia<\/strong>:Provincia de Guangdong<\/li>\n<li>\n<strong>ordenar por color<\/strong>: Tanque vac\u00edo completamente blanco (sin grifo) Tanque vac\u00edo completamente blanco + grifo de piso negro Tanque vac\u00edo completamente blanco + grifo de ducha de cascada montado en la pared negro Tanque vac\u00edo en blanco y negro (comun\u00edquese con el servicio al cliente para personalizar el color) Tanque vac\u00edo completamente blanco + juego de cinco piezas plateado Tanque vac\u00edo completamente blanco + juego de cinco piezas negro Tanque vac\u00edo completamente blanco + juego de cinco piezas plateado + tanque vac\u00edo completamente blanco mate con burbujas Tanque vac\u00edo completamente negro mate Tanque vac\u00edo completamente blanco (ancho exterior de 700 mm)<\/li>\n<li>\n<strong>Servicio en la ciudad<\/strong>:Log\u00edstica intraurbana de entrega puerta a puerta<\/li>\n<li>\n<strong>\u00bfTiene grifo?<\/strong>:No incluido<\/li>\n<li>\n<strong>\u00bfHay pasamanos?<\/strong>:No<\/li>\n<li>\n<strong>forma<\/strong>:Separado<\/li>\n<li>\n<strong>longitud<\/strong>:1,2 m 1,3 m 1,4 m 1,5 m 1,6 m 1,7 m<\/li>\n<\/ul>\n<p><img><\/p>","protected":false},"excerpt":{"rendered":"<p>Marca: Michel Modelo: 1306 Material: Acr\u00edlico Origen: China continental Provincia: Provincia de Guangdong Ordenar por color: Tanque vac\u00edo completamente blanco (sin grifo) Tanque vac\u00edo completamente blanco + inodoro de pie negro<\/p>","protected":false},"featured_media":18870,"comment_status":"open","ping_status":"closed","template":"","meta":[],"product_brand":[],"product_cat":[30971,869],"product_tag":[],"class_list":{"0":"post-17124","1":"product","2":"type-product","3":"status-publish","4":"has-post-thumbnail","6":"product_cat-hp","7":"product_cat-wholesale-bathtub","9":"first","10":"instock","11":"taxable","12":"shipping-taxable","13":"purchasable","14":"product-type-variable"},"_links":{"self":[{"href":"https:\/\/nexgendecors.com\/es\/wp-json\/wp\/v2\/product\/17124","targetHints":{"allow":["GET"]}}],"collection":[{"href":"https:\/\/nexgendecors.com\/es\/wp-json\/wp\/v2\/product"}],"about":[{"href":"https:\/\/nexgendecors.com\/es\/wp-json\/wp\/v2\/types\/product"}],"replies":[{"embeddable":true,"href":"https:\/\/nexgendecors.com\/es\/wp-json\/wp\/v2\/comments?post=17124"}],"version-history":[{"count":0,"href":"https:\/\/nexgendecors.com\/es\/wp-json\/wp\/v2\/product\/17124\/revisions"}],"wp:featuredmedia":[{"embeddable":true,"href":"https:\/\/nexgendecors.com\/es\/wp-json\/wp\/v2\/media\/18870"}],"wp:attachment":[{"href":"https:\/\/nexgendecors.com\/es\/wp-json\/wp\/v2\/media?parent=17124"}],"wp:term":[{"taxonomy":"product_brand","embeddable":true,"href":"https:\/\/nexgendecors.com\/es\/wp-json\/wp\/v2\/product_brand?post=17124"},{"taxonomy":"product_cat","embeddable":true,"href":"https:\/\/nexgendecors.com\/es\/wp-json\/wp\/v2\/product_cat?post=17124"},{"taxonomy":"product_tag","embeddable":true,"href":"https:\/\/nexgendecors.com\/es\/wp-json\/wp\/v2\/product_tag?post=17124"}],"curies":[{"name":"wp","href":"https:\/\/api.w.org\/{rel}","templated":true}]}}