{"id":171348,"date":"2025-02-25T03:04:29","date_gmt":"2025-02-25T03:04:29","guid":{"rendered":"https:\/\/nexgendecors.com\/en\/product\/interhasa-automatic-hand-dryer-wall-mounted-mini-with-850w-energy-efficient-for-household-hotel-commercial-white\/"},"modified":"2025-02-25T03:04:48","modified_gmt":"2025-02-25T03:04:48","slug":"interhasa-automatic-hand-dryer-wall-mounted-mini-with-850w-energy-efficient-for-household-hotel-commercial-white","status":"publish","type":"product","link":"https:\/\/nexgendecors.com\/es\/product\/interhasa-automatic-hand-dryer-wall-mounted-mini-with-850w-energy-efficient-for-household-hotel-commercial-white\/","title":{"rendered":"Interhasa! Automatic Hand Dryer Wall-mounted Mini with 850W Energy Efficient for Household Hotel Commercial White"},"content":{"rendered":"<ul>\n<li><strong>Servicio postventa proporcionado: <\/strong> Centros de llamadas en el extranjero<\/li>\n<li><strong>garant\u00eda : <\/strong> 1 a\u00f1o<\/li>\n<li><strong>solicitud : <\/strong> Hotel, Comercial, Hogar<\/li>\n<li><strong>fuente de energ\u00eda: <\/strong> El\u00e9ctrico<\/li>\n<li><strong>controlado por aplicaci\u00f3n: <\/strong> NO<\/li>\n<li><strong>molde privado: <\/strong> S\u00ed<\/li>\n<li><strong>logotipo\/patr\u00f3n: <\/strong> Impresi\u00f3n 3D<\/li>\n<li><strong>sensor: <\/strong> S\u00ed<\/li>\n<li><strong>potencia w : <\/strong> 1200<\/li>\n<li><strong>voltaje v : <\/strong> 220<\/li>\n<li><strong>nombre de marca: <\/strong> entrehasa<\/li>\n<li><strong>N\u00famero de modelo: <\/strong> HSD-905<\/li>\n<li><strong>lugar de origen : <\/strong> Zhejiang, China<\/li>\n<li><strong>Nombre del producto : <\/strong> automatic hand dryer<\/li>\n<li><strong>Voltaje : <\/strong> AC220V 50HZ<\/li>\n<li><strong>Potencia nominal: <\/strong> 850W<\/li>\n<li><strong>Current : <\/strong> 7.2A<\/li>\n<li><strong>Water splash proof : <\/strong> 1PX1<\/li>\n<li><strong>Blowing rate : <\/strong> 15m\/s<\/li>\n<li><strong>Material : <\/strong> abdominales<\/li>\n<li><strong>Tipo : <\/strong> Secador de manos autom\u00e1tico para inodoro<\/li>\n<li><strong>Color : <\/strong> Personalizado<\/li>\n<li><strong>Caracter\u00edstica : <\/strong> Warm Air<\/li>\n<\/ul>","protected":false},"excerpt":{"rendered":"<p>servicio post-venta proporcionado : Centros de llamadas en el extranjero garant\u00eda : 1 A\u00f1o aplicaci\u00f3n : Hotel, Comercial, Dom\u00e9stico fuente de alimentaci\u00f3n : El\u00e9ctrica<\/p>","protected":false},"featured_media":171347,"comment_status":"open","ping_status":"closed","template":"","meta":[],"product_brand":[],"product_cat":[30927,30940],"product_tag":[],"class_list":{"0":"post-171348","1":"product","2":"type-product","3":"status-publish","4":"has-post-thumbnail","6":"product_cat-bath","7":"product_cat-hotel-shower-dispensers-liquid","9":"first","10":"instock","11":"taxable","12":"shipping-taxable","13":"purchasable","14":"product-type-variable"},"_links":{"self":[{"href":"https:\/\/nexgendecors.com\/es\/wp-json\/wp\/v2\/product\/171348","targetHints":{"allow":["GET"]}}],"collection":[{"href":"https:\/\/nexgendecors.com\/es\/wp-json\/wp\/v2\/product"}],"about":[{"href":"https:\/\/nexgendecors.com\/es\/wp-json\/wp\/v2\/types\/product"}],"replies":[{"embeddable":true,"href":"https:\/\/nexgendecors.com\/es\/wp-json\/wp\/v2\/comments?post=171348"}],"version-history":[{"count":0,"href":"https:\/\/nexgendecors.com\/es\/wp-json\/wp\/v2\/product\/171348\/revisions"}],"wp:featuredmedia":[{"embeddable":true,"href":"https:\/\/nexgendecors.com\/es\/wp-json\/wp\/v2\/media\/171347"}],"wp:attachment":[{"href":"https:\/\/nexgendecors.com\/es\/wp-json\/wp\/v2\/media?parent=171348"}],"wp:term":[{"taxonomy":"product_brand","embeddable":true,"href":"https:\/\/nexgendecors.com\/es\/wp-json\/wp\/v2\/product_brand?post=171348"},{"taxonomy":"product_cat","embeddable":true,"href":"https:\/\/nexgendecors.com\/es\/wp-json\/wp\/v2\/product_cat?post=171348"},{"taxonomy":"product_tag","embeddable":true,"href":"https:\/\/nexgendecors.com\/es\/wp-json\/wp\/v2\/product_tag?post=171348"}],"curies":[{"name":"wp","href":"https:\/\/api.w.org\/{rel}","templated":true}]}}