{"id":171384,"date":"2025-02-25T03:53:36","date_gmt":"2025-02-25T03:53:36","guid":{"rendered":"https:\/\/nexgendecors.com\/en\/product\/toilet-wall-mounted-secador-de-manos-1800w-high-speed-seche-mains-handdroger-pengering-tangan-automatic-jet-air-hand-dryer\/"},"modified":"2025-04-06T10:07:06","modified_gmt":"2025-04-06T10:07:06","slug":"toilet-wall-mounted-secador-de-manos-1800w-high-speed-seche-mains-handdroger-pengering-tangan-automatic-jet-air-hand-dryer","status":"publish","type":"product","link":"https:\/\/nexgendecors.com\/es\/product\/toilet-wall-mounted-secador-de-manos-1800w-high-speed-seche-mains-handdroger-pengering-tangan-automatic-jet-air-hand-dryer\/","title":{"rendered":"Secador de manos de pared para inodoro, 1800 W, alta velocidad, autom\u00e1tico, con chorro de aire"},"content":{"rendered":"<ul>\n<li><strong>Servicio postventa proporcionado: <\/strong> Repuestos gratuitos<\/li>\n<li><strong>garant\u00eda : <\/strong> 1 a\u00f1o<\/li>\n<li><strong>solicitud : <\/strong> Exterior, Hotel, Comercial, Hogar<\/li>\n<li><strong>fuente de energ\u00eda: <\/strong> El\u00e9ctrico<\/li>\n<li><strong>controlado por aplicaci\u00f3n: <\/strong> NO<\/li>\n<li><strong>molde privado: <\/strong> S\u00ed<\/li>\n<li><strong>logotipo\/patr\u00f3n: <\/strong> Impresi\u00f3n 3D<\/li>\n<li><strong>sensor: <\/strong> S\u00ed<\/li>\n<li><strong>potencia w : <\/strong> 1800<\/li>\n<li><strong>voltaje v : <\/strong> 220<\/li>\n<li><strong>nombre de marca: <\/strong> Interhasa<\/li>\n<li><strong>N\u00famero de modelo: <\/strong> HSD-A1688<\/li>\n<li><strong>lugar de origen : <\/strong> Zhejiang, China<\/li>\n<li><strong>Solicitud : <\/strong> Comercial<\/li>\n<li><strong>Material : <\/strong> Pl\u00e1stico ABS<\/li>\n<li><strong>Fuerza : <\/strong> 1800<\/li>\n<li><strong>Color : <\/strong> Personalizado<\/li>\n<li><strong>Nombre del producto : <\/strong> Secador de manos de aire a chorro de alta velocidad<\/li>\n<li><strong>Tipo : <\/strong> Secador de manos autom\u00e1tico para inodoro<\/li>\n<li><strong>Caracter\u00edstica : <\/strong> Secador de manos de viento caliente de alta difusi\u00f3n<\/li>\n<li><strong>Certificaci\u00f3n : <\/strong> CE ROHS CCC ISO9001<\/li>\n<li><strong>Instalaci\u00f3n : <\/strong> Instalaci\u00f3n en pared<\/li>\n<li><strong>Uso: <\/strong> Profesional de ba\u00f1os de hotel<\/li>\n<\/ul>","protected":false},"excerpt":{"rendered":"<p>Servicio posventa proporcionado: Garant\u00eda de repuestos gratuita: 1 a\u00f1o Aplicaci\u00f3n: exterior, hotel, comercial, hogar Fuente de alimentaci\u00f3n:<\/p>","protected":false},"featured_media":171383,"comment_status":"open","ping_status":"closed","template":"","meta":[],"product_brand":[],"product_cat":[30927,30940],"product_tag":[],"class_list":{"0":"post-171384","1":"product","2":"type-product","3":"status-publish","4":"has-post-thumbnail","6":"product_cat-bath","7":"product_cat-hotel-shower-dispensers-liquid","9":"first","10":"instock","11":"taxable","12":"shipping-taxable","13":"purchasable","14":"product-type-variable"},"_links":{"self":[{"href":"https:\/\/nexgendecors.com\/es\/wp-json\/wp\/v2\/product\/171384","targetHints":{"allow":["GET"]}}],"collection":[{"href":"https:\/\/nexgendecors.com\/es\/wp-json\/wp\/v2\/product"}],"about":[{"href":"https:\/\/nexgendecors.com\/es\/wp-json\/wp\/v2\/types\/product"}],"replies":[{"embeddable":true,"href":"https:\/\/nexgendecors.com\/es\/wp-json\/wp\/v2\/comments?post=171384"}],"version-history":[{"count":0,"href":"https:\/\/nexgendecors.com\/es\/wp-json\/wp\/v2\/product\/171384\/revisions"}],"wp:featuredmedia":[{"embeddable":true,"href":"https:\/\/nexgendecors.com\/es\/wp-json\/wp\/v2\/media\/171383"}],"wp:attachment":[{"href":"https:\/\/nexgendecors.com\/es\/wp-json\/wp\/v2\/media?parent=171384"}],"wp:term":[{"taxonomy":"product_brand","embeddable":true,"href":"https:\/\/nexgendecors.com\/es\/wp-json\/wp\/v2\/product_brand?post=171384"},{"taxonomy":"product_cat","embeddable":true,"href":"https:\/\/nexgendecors.com\/es\/wp-json\/wp\/v2\/product_cat?post=171384"},{"taxonomy":"product_tag","embeddable":true,"href":"https:\/\/nexgendecors.com\/es\/wp-json\/wp\/v2\/product_tag?post=171384"}],"curies":[{"name":"wp","href":"https:\/\/api.w.org\/{rel}","templated":true}]}}