{"id":171394,"date":"2025-02-25T03:54:07","date_gmt":"2025-02-25T03:54:07","guid":{"rendered":"https:\/\/nexgendecors.com\/en\/product\/airblade-secador-de-manos-bathroom-high-speed-automatic-hand-dryer-blade-stainless-steel-commercial-for-toilet\/"},"modified":"2025-04-06T10:07:08","modified_gmt":"2025-04-06T10:07:08","slug":"secador-de-manos-automatico-de-alta-velocidad-para-bano-airblade-cuchilla-de-acero-inoxidable-para-uso-comercial-en-inodoros","status":"publish","type":"product","link":"https:\/\/nexgendecors.com\/es\/product\/secador-de-manos-automatico-de-alta-velocidad-para-bano-airblade-cuchilla-de-acero-inoxidable-para-uso-comercial-en-inodoros\/","title":{"rendered":"Secador de manos autom\u00e1tico de alta velocidad Airblade para ba\u00f1o, cuchilla de acero inoxidable, comercial, para inodoro."},"content":{"rendered":"<ul>\n<li><strong>Servicio postventa proporcionado: <\/strong> Centros de llamadas en el extranjero<\/li>\n<li><strong>garant\u00eda : <\/strong> 1 a\u00f1o<\/li>\n<li><strong>solicitud : <\/strong> Hotel, Hogar<\/li>\n<li><strong>fuente de energ\u00eda: <\/strong> El\u00e9ctrico<\/li>\n<li><strong>controlado por aplicaci\u00f3n: <\/strong> NO<\/li>\n<li><strong>molde privado: <\/strong> S\u00ed<\/li>\n<li><strong>logotipo\/patr\u00f3n: <\/strong> Impresi\u00f3n 3D<\/li>\n<li><strong>sensor: <\/strong> S\u00ed<\/li>\n<li><strong>potencia w : <\/strong> 1100<\/li>\n<li><strong>voltaje v : <\/strong> 220<\/li>\n<li><strong>nombre de marca: <\/strong> \u00a1interrupci\u00f3n!<\/li>\n<li><strong>N\u00famero de modelo: <\/strong> A3897<\/li>\n<li><strong>lugar de origen : <\/strong> Zhejiang, China<\/li>\n<li><strong>Nombre del producto : <\/strong> Secador de manos de acero inoxidable<\/li>\n<li><strong>Potencia nominal: <\/strong> 1100 W<\/li>\n<li><strong>Temperatura del viento: <\/strong> 45\u2103<\/li>\n<li><strong>Frecuencia nominal: <\/strong> 50 Hz<\/li>\n<li><strong>Velocidad del viento: <\/strong> Secador de manos de alta velocidad de 95 m\/s<\/li>\n<li><strong>Distancia de detecci\u00f3n: <\/strong> 8-10 cm<\/li>\n<li><strong>Especificaci\u00f3n: <\/strong> Caliente y fr\u00edo<\/li>\n<li><strong>Color : <\/strong> Cepillado o espejado<\/li>\n<li><strong>Certificaci\u00f3n : <\/strong> CE<\/li>\n<\/ul>","protected":false},"excerpt":{"rendered":"<p>Servicio posventa proporcionado: Centros de llamadas en el extranjero Garant\u00eda: 1 a\u00f1o Aplicaci\u00f3n: Hotel, Hogar Fuente de alimentaci\u00f3n: El\u00e9ctrica controlada por aplicaci\u00f3n<\/p>","protected":false},"featured_media":171393,"comment_status":"open","ping_status":"closed","template":"","meta":[],"product_brand":[],"product_cat":[30927,30940],"product_tag":[],"class_list":{"0":"post-171394","1":"product","2":"type-product","3":"status-publish","4":"has-post-thumbnail","6":"product_cat-bath","7":"product_cat-hotel-shower-dispensers-liquid","9":"first","10":"instock","11":"taxable","12":"shipping-taxable","13":"purchasable","14":"product-type-variable"},"_links":{"self":[{"href":"https:\/\/nexgendecors.com\/es\/wp-json\/wp\/v2\/product\/171394","targetHints":{"allow":["GET"]}}],"collection":[{"href":"https:\/\/nexgendecors.com\/es\/wp-json\/wp\/v2\/product"}],"about":[{"href":"https:\/\/nexgendecors.com\/es\/wp-json\/wp\/v2\/types\/product"}],"replies":[{"embeddable":true,"href":"https:\/\/nexgendecors.com\/es\/wp-json\/wp\/v2\/comments?post=171394"}],"version-history":[{"count":0,"href":"https:\/\/nexgendecors.com\/es\/wp-json\/wp\/v2\/product\/171394\/revisions"}],"wp:featuredmedia":[{"embeddable":true,"href":"https:\/\/nexgendecors.com\/es\/wp-json\/wp\/v2\/media\/171393"}],"wp:attachment":[{"href":"https:\/\/nexgendecors.com\/es\/wp-json\/wp\/v2\/media?parent=171394"}],"wp:term":[{"taxonomy":"product_brand","embeddable":true,"href":"https:\/\/nexgendecors.com\/es\/wp-json\/wp\/v2\/product_brand?post=171394"},{"taxonomy":"product_cat","embeddable":true,"href":"https:\/\/nexgendecors.com\/es\/wp-json\/wp\/v2\/product_cat?post=171394"},{"taxonomy":"product_tag","embeddable":true,"href":"https:\/\/nexgendecors.com\/es\/wp-json\/wp\/v2\/product_tag?post=171394"}],"curies":[{"name":"wp","href":"https:\/\/api.w.org\/{rel}","templated":true}]}}