{"id":171427,"date":"2025-02-25T03:55:51","date_gmt":"2025-02-25T03:55:51","guid":{"rendered":"https:\/\/nexgendecors.com\/en\/product\/hotel-toilet-washroom-commercial-electric-sensor-hand-dryer-machine-bathroom-handdryers-for-toilet-2\/"},"modified":"2025-04-06T10:07:16","modified_gmt":"2025-04-06T10:07:16","slug":"hotel-toilet-washroom-commercial-electric-sensor-hand-dryer-machine-bathroom-handdryers-for-toilet-2","status":"publish","type":"product","link":"https:\/\/nexgendecors.com\/es\/product\/hotel-toilet-washroom-commercial-electric-sensor-hand-dryer-machine-bathroom-handdryers-for-toilet-2\/","title":{"rendered":"Secador de manos con sensor el\u00e9ctrico comercial para ba\u00f1os de hotel"},"content":{"rendered":"<ul>\n<li><strong>Servicio postventa proporcionado: <\/strong> Free spare parts, Overseas Call Centers<\/li>\n<li><strong>garant\u00eda : <\/strong> 1 a\u00f1o<\/li>\n<li><strong>solicitud : <\/strong> Hotel, Hogar<\/li>\n<li><strong>fuente de energ\u00eda: <\/strong> El\u00e9ctrico<\/li>\n<li><strong>controlado por aplicaci\u00f3n: <\/strong> NO<\/li>\n<li><strong>molde privado: <\/strong> S\u00ed<\/li>\n<li><strong>logotipo\/patr\u00f3n: <\/strong> Impresi\u00f3n 3D<\/li>\n<li><strong>sensor: <\/strong> S\u00ed<\/li>\n<li><strong>potencia w : <\/strong> 1200<\/li>\n<li><strong>nombre de marca: <\/strong> entrehasa<\/li>\n<li><strong>N\u00famero de modelo: <\/strong> HSD-A1020<\/li>\n<li><strong>lugar de origen : <\/strong> Zhejiang, China<\/li>\n<li><strong>Nombre del producto : <\/strong> automatic hand dryer<\/li>\n<li><strong>Potencia nominal: <\/strong> 1200w<\/li>\n<li><strong>Temperatura del viento: <\/strong> 70-85\u2103<\/li>\n<li><strong>Velocidad del viento: <\/strong> 30m\/s Hand Dryer<\/li>\n<li><strong>Dry hand time : <\/strong> 10-15cm<\/li>\n<li><strong>Especificaci\u00f3n: <\/strong> Caliente y fr\u00edo<\/li>\n<li><strong>Color : <\/strong> Plata, negro y blanco<\/li>\n<li><strong>Certificaci\u00f3n : <\/strong> Ce,Rohs<\/li>\n<li><strong>Material : <\/strong> Pl\u00e1stico ABS<\/li>\n<li><strong>Nombre : <\/strong> Commercial ABS Hand Dryer Machine<\/li>\n<\/ul>","protected":false},"excerpt":{"rendered":"<p>Servicio posventa proporcionado: Repuestos gratuitos, Centros de llamadas en el extranjero Garant\u00eda: 1 a\u00f1o Aplicaci\u00f3n: Hotel, Fuente de alimentaci\u00f3n dom\u00e9stica<\/p>","protected":false},"featured_media":171426,"comment_status":"open","ping_status":"closed","template":"","meta":[],"product_brand":[],"product_cat":[30927,30940],"product_tag":[],"class_list":{"0":"post-171427","1":"product","2":"type-product","3":"status-publish","4":"has-post-thumbnail","6":"product_cat-bath","7":"product_cat-hotel-shower-dispensers-liquid","9":"first","10":"instock","11":"taxable","12":"shipping-taxable","13":"purchasable","14":"product-type-variable"},"_links":{"self":[{"href":"https:\/\/nexgendecors.com\/es\/wp-json\/wp\/v2\/product\/171427","targetHints":{"allow":["GET"]}}],"collection":[{"href":"https:\/\/nexgendecors.com\/es\/wp-json\/wp\/v2\/product"}],"about":[{"href":"https:\/\/nexgendecors.com\/es\/wp-json\/wp\/v2\/types\/product"}],"replies":[{"embeddable":true,"href":"https:\/\/nexgendecors.com\/es\/wp-json\/wp\/v2\/comments?post=171427"}],"version-history":[{"count":0,"href":"https:\/\/nexgendecors.com\/es\/wp-json\/wp\/v2\/product\/171427\/revisions"}],"wp:featuredmedia":[{"embeddable":true,"href":"https:\/\/nexgendecors.com\/es\/wp-json\/wp\/v2\/media\/171426"}],"wp:attachment":[{"href":"https:\/\/nexgendecors.com\/es\/wp-json\/wp\/v2\/media?parent=171427"}],"wp:term":[{"taxonomy":"product_brand","embeddable":true,"href":"https:\/\/nexgendecors.com\/es\/wp-json\/wp\/v2\/product_brand?post=171427"},{"taxonomy":"product_cat","embeddable":true,"href":"https:\/\/nexgendecors.com\/es\/wp-json\/wp\/v2\/product_cat?post=171427"},{"taxonomy":"product_tag","embeddable":true,"href":"https:\/\/nexgendecors.com\/es\/wp-json\/wp\/v2\/product_tag?post=171427"}],"curies":[{"name":"wp","href":"https:\/\/api.w.org\/{rel}","templated":true}]}}