{"id":171464,"date":"2025-02-25T03:56:36","date_gmt":"2025-02-25T03:56:36","guid":{"rendered":"https:\/\/nexgendecors.com\/en\/product\/bathroom-high-speed-toilet-hand-dryer-machine-commercial-with-drip-tray-high-velocity-electric-dryer-for-hotel\/"},"modified":"2025-04-06T10:07:25","modified_gmt":"2025-04-06T10:07:25","slug":"bathroom-high-speed-toilet-hand-dryer-machine-commercial-with-drip-tray-high-velocity-electric-dryer-for-hotel","status":"publish","type":"product","link":"https:\/\/nexgendecors.com\/es\/product\/bathroom-high-speed-toilet-hand-dryer-machine-commercial-with-drip-tray-high-velocity-electric-dryer-for-hotel\/","title":{"rendered":"Secador de manos el\u00e9ctrico de alta velocidad para ba\u00f1o, comercial, con bandeja antigoteo, para hotel."},"content":{"rendered":"<ul>\n<li><strong>Servicio postventa proporcionado: <\/strong> Repuestos gratuitos<\/li>\n<li><strong>garant\u00eda : <\/strong> 1 a\u00f1o<\/li>\n<li><strong>idioma de funcionamiento: <\/strong> Ingl\u00e9s<\/li>\n<li><strong>solicitud : <\/strong> Hotel, Comercial, Hogar<\/li>\n<li><strong>fuente de energ\u00eda: <\/strong> El\u00e9ctrico<\/li>\n<li><strong>controlado por aplicaci\u00f3n: <\/strong> NO<\/li>\n<li><strong>molde privado: <\/strong> S\u00ed<\/li>\n<li><strong>logotipo\/patr\u00f3n: <\/strong> Impresi\u00f3n 3D<\/li>\n<li><strong>sensor: <\/strong> S\u00ed<\/li>\n<li><strong>potencia w : <\/strong> 1250<\/li>\n<li><strong>voltaje v : <\/strong> 220<\/li>\n<li><strong>nombre de marca: <\/strong> Interhasa<\/li>\n<li><strong>N\u00famero de modelo: <\/strong> HSD-3800<\/li>\n<li><strong>lugar de origen : <\/strong> Zhejiang, China<\/li>\n<li><strong>Nombre del producto : <\/strong> Secador de manos de alta velocidad<\/li>\n<li><strong>Material : <\/strong> abdominales<\/li>\n<li><strong>Tipo : <\/strong> Secador de manos autom\u00e1tico para inodoro<\/li>\n<li><strong>Color : <\/strong> Blanco<\/li>\n<li><strong>Modo de control: <\/strong> Sensor corporal<\/li>\n<li><strong>Potencia nominal: <\/strong> 1250 W<\/li>\n<li><strong>Uso: <\/strong> Ba\u00f1o del hotel<\/li>\n<li><strong>Caracter\u00edstica : <\/strong> Secador de manos de viento caliente de alta difusi\u00f3n<\/li>\n<li><strong>Instalaci\u00f3n : <\/strong> Montaje en pared<\/li>\n<li><strong>Tiempo de secado: <\/strong> 7-10 segundos<\/li>\n<\/ul>","protected":false},"excerpt":{"rendered":"<p>Servicio posventa proporcionado: Garant\u00eda de repuestos gratuita: 1 a\u00f1o Idioma de funcionamiento: Ingl\u00e9s Aplicaci\u00f3n: Hotel, Comercial, Hogar<\/p>","protected":false},"featured_media":171463,"comment_status":"open","ping_status":"closed","template":"","meta":[],"product_brand":[],"product_cat":[30927,30940],"product_tag":[],"class_list":{"0":"post-171464","1":"product","2":"type-product","3":"status-publish","4":"has-post-thumbnail","6":"product_cat-bath","7":"product_cat-hotel-shower-dispensers-liquid","9":"first","10":"instock","11":"taxable","12":"shipping-taxable","13":"purchasable","14":"product-type-variable"},"_links":{"self":[{"href":"https:\/\/nexgendecors.com\/es\/wp-json\/wp\/v2\/product\/171464","targetHints":{"allow":["GET"]}}],"collection":[{"href":"https:\/\/nexgendecors.com\/es\/wp-json\/wp\/v2\/product"}],"about":[{"href":"https:\/\/nexgendecors.com\/es\/wp-json\/wp\/v2\/types\/product"}],"replies":[{"embeddable":true,"href":"https:\/\/nexgendecors.com\/es\/wp-json\/wp\/v2\/comments?post=171464"}],"version-history":[{"count":0,"href":"https:\/\/nexgendecors.com\/es\/wp-json\/wp\/v2\/product\/171464\/revisions"}],"wp:featuredmedia":[{"embeddable":true,"href":"https:\/\/nexgendecors.com\/es\/wp-json\/wp\/v2\/media\/171463"}],"wp:attachment":[{"href":"https:\/\/nexgendecors.com\/es\/wp-json\/wp\/v2\/media?parent=171464"}],"wp:term":[{"taxonomy":"product_brand","embeddable":true,"href":"https:\/\/nexgendecors.com\/es\/wp-json\/wp\/v2\/product_brand?post=171464"},{"taxonomy":"product_cat","embeddable":true,"href":"https:\/\/nexgendecors.com\/es\/wp-json\/wp\/v2\/product_cat?post=171464"},{"taxonomy":"product_tag","embeddable":true,"href":"https:\/\/nexgendecors.com\/es\/wp-json\/wp\/v2\/product_tag?post=171464"}],"curies":[{"name":"wp","href":"https:\/\/api.w.org\/{rel}","templated":true}]}}