{"id":171496,"date":"2025-02-25T03:58:43","date_gmt":"2025-02-25T03:58:43","guid":{"rendered":"https:\/\/nexgendecors.com\/en\/product\/new-heavy-duty-commercial-stainless-steel-mini-high-speed-electric-hand-dryers-commercial-infrared-sensor-with-hepa-hsd-3893\/"},"modified":"2025-04-06T10:07:35","modified_gmt":"2025-04-06T10:07:35","slug":"new-heavy-duty-commercial-stainless-steel-mini-high-speed-electric-hand-dryers-commercial-infrared-sensor-with-hepa-hsd-3893","status":"publish","type":"product","link":"https:\/\/nexgendecors.com\/es\/product\/new-heavy-duty-commercial-stainless-steel-mini-high-speed-electric-hand-dryers-commercial-infrared-sensor-with-hepa-hsd-3893\/","title":{"rendered":"New Heavy Duty Commercial Stainless Steel Mini High Speed Electric Hand Dryers Commercial Infrared Sensor With Hepa Hsd-3893"},"content":{"rendered":"<ul>\n<li><strong>Servicio postventa proporcionado: <\/strong> Repuestos gratuitos<\/li>\n<li><strong>garant\u00eda : <\/strong> 1 a\u00f1o<\/li>\n<li><strong>solicitud : <\/strong> Hotel, Comercial, Hogar<\/li>\n<li><strong>fuente de energ\u00eda: <\/strong> El\u00e9ctrico<\/li>\n<li><strong>controlado por aplicaci\u00f3n: <\/strong> NO<\/li>\n<li><strong>molde privado: <\/strong> S\u00ed<\/li>\n<li><strong>logotipo\/patr\u00f3n: <\/strong> Impresi\u00f3n 3D<\/li>\n<li><strong>sensor: <\/strong> S\u00ed<\/li>\n<li><strong>potencia w : <\/strong> 1250<\/li>\n<li><strong>voltaje v : <\/strong> 110<\/li>\n<li><strong>nombre de marca: <\/strong> \u00a1interrupci\u00f3n!<\/li>\n<li><strong>N\u00famero de modelo: <\/strong> HSD-3893<\/li>\n<li><strong>lugar de origen : <\/strong> Zhejiang, China<\/li>\n<li><strong>Nombre del producto : <\/strong> automatic hand dyer<\/li>\n<li><strong>Potencia nominal: <\/strong> 1250 W<\/li>\n<li><strong>Frecuencia nominal: <\/strong> 50 Hz<\/li>\n<li><strong>Velocidad del viento: <\/strong> 90m\/s  High Speed Hand Dryer<\/li>\n<li><strong>Distancia de detecci\u00f3n: <\/strong> 8-10 cm<\/li>\n<li><strong>Especificaci\u00f3n: <\/strong> Caliente y fr\u00edo<\/li>\n<li><strong>Color : <\/strong> custom colors,Silver black and white<\/li>\n<li><strong>Material : <\/strong> Stainless Steel 304<\/li>\n<li><strong>Tipo : <\/strong> Secador de manos autom\u00e1tico para inodoro<\/li>\n<li><strong>Garant\u00eda : <\/strong> 1 a\u00f1o<\/li>\n<\/ul>","protected":false},"excerpt":{"rendered":"<p>Servicio posventa proporcionado: Garant\u00eda de repuestos gratuita: 1 a\u00f1o Aplicaci\u00f3n: Hotel, Comercial, Hogar Fuente de alimentaci\u00f3n: El\u00e9ctrica<\/p>","protected":false},"featured_media":171495,"comment_status":"open","ping_status":"closed","template":"","meta":[],"product_brand":[],"product_cat":[30927,30940],"product_tag":[],"class_list":{"0":"post-171496","1":"product","2":"type-product","3":"status-publish","4":"has-post-thumbnail","6":"product_cat-bath","7":"product_cat-hotel-shower-dispensers-liquid","9":"first","10":"instock","11":"taxable","12":"shipping-taxable","13":"purchasable","14":"product-type-variable"},"_links":{"self":[{"href":"https:\/\/nexgendecors.com\/es\/wp-json\/wp\/v2\/product\/171496","targetHints":{"allow":["GET"]}}],"collection":[{"href":"https:\/\/nexgendecors.com\/es\/wp-json\/wp\/v2\/product"}],"about":[{"href":"https:\/\/nexgendecors.com\/es\/wp-json\/wp\/v2\/types\/product"}],"replies":[{"embeddable":true,"href":"https:\/\/nexgendecors.com\/es\/wp-json\/wp\/v2\/comments?post=171496"}],"version-history":[{"count":0,"href":"https:\/\/nexgendecors.com\/es\/wp-json\/wp\/v2\/product\/171496\/revisions"}],"wp:featuredmedia":[{"embeddable":true,"href":"https:\/\/nexgendecors.com\/es\/wp-json\/wp\/v2\/media\/171495"}],"wp:attachment":[{"href":"https:\/\/nexgendecors.com\/es\/wp-json\/wp\/v2\/media?parent=171496"}],"wp:term":[{"taxonomy":"product_brand","embeddable":true,"href":"https:\/\/nexgendecors.com\/es\/wp-json\/wp\/v2\/product_brand?post=171496"},{"taxonomy":"product_cat","embeddable":true,"href":"https:\/\/nexgendecors.com\/es\/wp-json\/wp\/v2\/product_cat?post=171496"},{"taxonomy":"product_tag","embeddable":true,"href":"https:\/\/nexgendecors.com\/es\/wp-json\/wp\/v2\/product_tag?post=171496"}],"curies":[{"name":"wp","href":"https:\/\/api.w.org\/{rel}","templated":true}]}}