{"id":171566,"date":"2025-02-25T04:02:32","date_gmt":"2025-02-25T04:02:32","guid":{"rendered":"https:\/\/nexgendecors.com\/en\/product\/automatic-rechargeable-electric-wall-mount-auto-dish-liquid-soap-dispenser-sensor-foaming-smart-touchless-for-kitchenbathroom\/"},"modified":"2025-04-06T10:08:04","modified_gmt":"2025-04-06T10:08:04","slug":"dispensador-automatico-de-jabon-liquido-para-platos-electrico-recargable-de-pared-con-sensor-inteligente-sin-contacto-para-cocina-y-bano","status":"publish","type":"product","link":"https:\/\/nexgendecors.com\/es\/product\/dispensador-automatico-de-jabon-liquido-para-platos-electrico-recargable-de-pared-con-sensor-inteligente-sin-contacto-para-cocina-y-bano\/","title":{"rendered":"Dispensador autom\u00e1tico de jab\u00f3n l\u00edquido para platos, el\u00e9ctrico, recargable, de pared, con sensor inteligente, sin contacto, para cocina y ba\u00f1o."},"content":{"rendered":"<ul>\n<li><strong>Garant\u00eda : <\/strong> 1 a\u00f1o<\/li>\n<li><strong>Servicio postventa: <\/strong> Soporte t\u00e9cnico en l\u00ednea<\/li>\n<li><strong>Capacidad de soluci\u00f3n del proyecto: <\/strong> Otros<\/li>\n<li><strong>Solicitud : <\/strong> Ba\u00f1o<\/li>\n<li><strong>Estilo de dise\u00f1o: <\/strong> Moderno<\/li>\n<li><strong>Lugar de origen: <\/strong> Zhejiang, China<\/li>\n<li><strong>Nombre de la marca: <\/strong> entretiempo, entretiempo<\/li>\n<li><strong>N\u00famero de modelo : <\/strong> W1<\/li>\n<li><strong>Caracter\u00edstica : <\/strong> Dispensador de jab\u00f3n en espuma, dispensador de jab\u00f3n doble<\/li>\n<li><strong>Material principal: <\/strong> abdominales<\/li>\n<li><strong>Dispensador de jab\u00f3n l\u00edquido Tipo: <\/strong> Dispensador autom\u00e1tico de jab\u00f3n<\/li>\n<li><strong>Nombre del producto : <\/strong> dispensador autom\u00e1tico de jab\u00f3n en espuma<\/li>\n<li><strong>Fuente de alimentaci\u00f3n: <\/strong> recargable<\/li>\n<li><strong>Material principal: <\/strong> pl\u00e1stico<\/li>\n<li><strong>Capacidad : <\/strong> 300 ml<\/li>\n<li><strong>Caracter\u00edsticas : <\/strong> Visualizaci\u00f3n de temperatura interior, visualizaci\u00f3n de bater\u00eda<\/li>\n<li><strong>Material : <\/strong> ABS 100%<\/li>\n<li><strong>Color : <\/strong> Blanco + Negro<\/li>\n<li><strong>Uso: <\/strong> Inicio Hotel Ba\u00f1o Cocina Encimera<\/li>\n<li><strong>Tipo : <\/strong> Dispensador de jab\u00f3n en espuma de pared<\/li>\n<\/ul>","protected":false},"excerpt":{"rendered":"<p>Garant\u00eda: 1 a\u00f1o Servicio posventa: Soporte t\u00e9cnico en l\u00ednea Capacidad de soluci\u00f3n de proyecto: Otros Aplicaci\u00f3n: Estilo de dise\u00f1o de ba\u00f1o<\/p>","protected":false},"featured_media":171565,"comment_status":"open","ping_status":"closed","template":"","meta":[],"product_brand":[],"product_cat":[30927,30940],"product_tag":[],"class_list":{"0":"post-171566","1":"product","2":"type-product","3":"status-publish","4":"has-post-thumbnail","6":"product_cat-bath","7":"product_cat-hotel-shower-dispensers-liquid","9":"first","10":"instock","11":"taxable","12":"shipping-taxable","13":"purchasable","14":"product-type-variable"},"_links":{"self":[{"href":"https:\/\/nexgendecors.com\/es\/wp-json\/wp\/v2\/product\/171566","targetHints":{"allow":["GET"]}}],"collection":[{"href":"https:\/\/nexgendecors.com\/es\/wp-json\/wp\/v2\/product"}],"about":[{"href":"https:\/\/nexgendecors.com\/es\/wp-json\/wp\/v2\/types\/product"}],"replies":[{"embeddable":true,"href":"https:\/\/nexgendecors.com\/es\/wp-json\/wp\/v2\/comments?post=171566"}],"version-history":[{"count":0,"href":"https:\/\/nexgendecors.com\/es\/wp-json\/wp\/v2\/product\/171566\/revisions"}],"wp:featuredmedia":[{"embeddable":true,"href":"https:\/\/nexgendecors.com\/es\/wp-json\/wp\/v2\/media\/171565"}],"wp:attachment":[{"href":"https:\/\/nexgendecors.com\/es\/wp-json\/wp\/v2\/media?parent=171566"}],"wp:term":[{"taxonomy":"product_brand","embeddable":true,"href":"https:\/\/nexgendecors.com\/es\/wp-json\/wp\/v2\/product_brand?post=171566"},{"taxonomy":"product_cat","embeddable":true,"href":"https:\/\/nexgendecors.com\/es\/wp-json\/wp\/v2\/product_cat?post=171566"},{"taxonomy":"product_tag","embeddable":true,"href":"https:\/\/nexgendecors.com\/es\/wp-json\/wp\/v2\/product_tag?post=171566"}],"curies":[{"name":"wp","href":"https:\/\/api.w.org\/{rel}","templated":true}]}}