{"id":171590,"date":"2025-02-25T04:03:03","date_gmt":"2025-02-25T04:03:03","guid":{"rendered":"https:\/\/nexgendecors.com\/en\/product\/oem-bathroom-300ml-hotel-automatic-gold-shower-gel-dispenser-auto-hand-foaming-no-touch-free-soap-foam-dispenser-gold\/"},"modified":"2025-04-06T10:08:09","modified_gmt":"2025-04-06T10:08:09","slug":"oem-bathroom-300ml-hotel-automatic-gold-shower-gel-dispenser-auto-hand-foaming-no-touch-free-soap-foam-dispenser-gold","status":"publish","type":"product","link":"https:\/\/nexgendecors.com\/es\/product\/oem-bathroom-300ml-hotel-automatic-gold-shower-gel-dispenser-auto-hand-foaming-no-touch-free-soap-foam-dispenser-gold\/","title":{"rendered":"Dispensador autom\u00e1tico de gel de ducha dorado de 300 ml para ba\u00f1o, sin contacto, para hotel, OEM"},"content":{"rendered":"<ul>\n<li><strong>Garant\u00eda : <\/strong> 1 a\u00f1o<\/li>\n<li><strong>Servicio postventa: <\/strong> Online technical support, Free spare parts, Return and Replacement, Other<\/li>\n<li><strong>Capacidad de soluci\u00f3n del proyecto: <\/strong> graphic design, 3D model design, total solution for projects, Cross Categories Consolidation, Others<\/li>\n<li><strong>Solicitud : <\/strong> Hotel, Home.Hotel.Bathroom.Shower Room<\/li>\n<li><strong>Estilo de dise\u00f1o: <\/strong> Moderno<\/li>\n<li><strong>Lugar de origen: <\/strong> Zhejiang, China<\/li>\n<li><strong>Nombre de la marca: <\/strong> interhasa!, interhasa!<\/li>\n<li><strong>N\u00famero de modelo : <\/strong> P1290019<\/li>\n<li><strong>Caracter\u00edstica : <\/strong> Dispensador de jab\u00f3n en espuma<\/li>\n<li><strong>Material principal: <\/strong> Pl\u00e1stico<\/li>\n<li><strong>Dispensador de jab\u00f3n l\u00edquido Tipo: <\/strong> Dispensador autom\u00e1tico de jab\u00f3n<\/li>\n<li><strong>Nombre del producto : <\/strong> Automatic Touchless Liquid Soap Dispenser<\/li>\n<li><strong>Material principal: <\/strong> Plastic ABS<\/li>\n<li><strong>Capacidad : <\/strong> 300 ml<\/li>\n<li><strong>Color : <\/strong> personalizar<\/li>\n<li><strong>Material : <\/strong> Pl\u00e1stico ABS+PC<\/li>\n<li><strong>Uso: <\/strong> Hotel Home Bathroom<\/li>\n<li><strong>Tipo : <\/strong> Dispensador de jab\u00f3n l\u00edquido de manos para hotel<\/li>\n<li><strong>Instalaci\u00f3n : <\/strong> Instalaci\u00f3n en pared<\/li>\n<li><strong>Funci\u00f3n : <\/strong> Hand Foam Dispenser<\/li>\n<\/ul>","protected":false},"excerpt":{"rendered":"<p>Garant\u00eda: 1 a\u00f1o Servicio posventa: Soporte t\u00e9cnico en l\u00ednea, repuestos gratuitos, devoluci\u00f3n y reemplazo, capacidad para resolver otros proyectos<\/p>","protected":false},"featured_media":171589,"comment_status":"open","ping_status":"closed","template":"","meta":[],"product_brand":[],"product_cat":[30927,30940],"product_tag":[],"class_list":{"0":"post-171590","1":"product","2":"type-product","3":"status-publish","4":"has-post-thumbnail","6":"product_cat-bath","7":"product_cat-hotel-shower-dispensers-liquid","9":"first","10":"instock","11":"taxable","12":"shipping-taxable","13":"purchasable","14":"product-type-variable"},"_links":{"self":[{"href":"https:\/\/nexgendecors.com\/es\/wp-json\/wp\/v2\/product\/171590","targetHints":{"allow":["GET"]}}],"collection":[{"href":"https:\/\/nexgendecors.com\/es\/wp-json\/wp\/v2\/product"}],"about":[{"href":"https:\/\/nexgendecors.com\/es\/wp-json\/wp\/v2\/types\/product"}],"replies":[{"embeddable":true,"href":"https:\/\/nexgendecors.com\/es\/wp-json\/wp\/v2\/comments?post=171590"}],"version-history":[{"count":0,"href":"https:\/\/nexgendecors.com\/es\/wp-json\/wp\/v2\/product\/171590\/revisions"}],"wp:featuredmedia":[{"embeddable":true,"href":"https:\/\/nexgendecors.com\/es\/wp-json\/wp\/v2\/media\/171589"}],"wp:attachment":[{"href":"https:\/\/nexgendecors.com\/es\/wp-json\/wp\/v2\/media?parent=171590"}],"wp:term":[{"taxonomy":"product_brand","embeddable":true,"href":"https:\/\/nexgendecors.com\/es\/wp-json\/wp\/v2\/product_brand?post=171590"},{"taxonomy":"product_cat","embeddable":true,"href":"https:\/\/nexgendecors.com\/es\/wp-json\/wp\/v2\/product_cat?post=171590"},{"taxonomy":"product_tag","embeddable":true,"href":"https:\/\/nexgendecors.com\/es\/wp-json\/wp\/v2\/product_tag?post=171590"}],"curies":[{"name":"wp","href":"https:\/\/api.w.org\/{rel}","templated":true}]}}