{"id":171736,"date":"2025-02-25T04:14:21","date_gmt":"2025-02-25T04:14:21","guid":{"rendered":"https:\/\/nexgendecors.com\/en\/product\/oem-no-punching-large-capacity-wall-mounted-kitchen-toilet-paper-towel-dispenser-for-home\/"},"modified":"2025-04-06T10:09:04","modified_gmt":"2025-04-06T10:09:04","slug":"oem-no-punching-large-capacity-wall-mounted-kitchen-toilet-paper-towel-dispenser-for-home","status":"publish","type":"product","link":"https:\/\/nexgendecors.com\/es\/product\/oem-no-punching-large-capacity-wall-mounted-kitchen-toilet-paper-towel-dispenser-for-home\/","title":{"rendered":"Dispensador de toallas de papel higi\u00e9nico de pared de gran capacidad, sin perforaciones, para cocina y hogar, OEM"},"content":{"rendered":"<ul>\n<li><strong>Garant\u00eda : <\/strong> 1 a\u00f1o<\/li>\n<li><strong>Servicio postventa: <\/strong> Soporte t\u00e9cnico en l\u00ednea<\/li>\n<li><strong>Capacidad de soluci\u00f3n del proyecto: <\/strong> dise\u00f1o gr\u00e1fico, dise\u00f1o de modelos 3D, otros<\/li>\n<li><strong>Solicitud : <\/strong> Hotel<\/li>\n<li><strong>Estilo de dise\u00f1o: <\/strong> Moderno<\/li>\n<li><strong>Lugar de origen: <\/strong> Zhejiang, China<\/li>\n<li><strong>Nombre de la marca: <\/strong> INTERHASA<\/li>\n<li><strong>N\u00famero de modelo : <\/strong> HSD-6002<\/li>\n<li><strong>Material : <\/strong> Pl\u00e1stico<\/li>\n<li><strong>Tipo : <\/strong> Dispensador de papel<\/li>\n<li><strong>Color : <\/strong> Rojo, blanco, negro o personalizado<\/li>\n<li><strong>Uso: <\/strong> Inicio Hotel Ba\u00f1o<\/li>\n<li><strong>Materiales: <\/strong> ABS + cromado<\/li>\n<li><strong>Caracter\u00edstica : <\/strong> F\u00e1cil de usar<\/li>\n<li><strong>Tama\u00f1o : <\/strong> 298 x 230 x 110 mm<\/li>\n<li><strong>Peso : <\/strong> 680 gramos<\/li>\n<li><strong>\u00cdndice de impermeabilidad: <\/strong> IPX1<\/li>\n<li><strong>Instalaci\u00f3n : <\/strong> Tornillos<\/li>\n<li><strong>Cantidad m\u00ednima de pedido: <\/strong> 100 piezas<\/li>\n<\/ul>","protected":false},"excerpt":{"rendered":"<p>Garant\u00eda: 1 a\u00f1o Servicio posventa: Soporte t\u00e9cnico en l\u00ednea Capacidad de soluci\u00f3n de proyectos: dise\u00f1o gr\u00e1fico, dise\u00f1o de modelos 3D, otros<\/p>","protected":false},"featured_media":171735,"comment_status":"open","ping_status":"closed","template":"","meta":[],"product_brand":[],"product_cat":[30927,30940],"product_tag":[],"class_list":{"0":"post-171736","1":"product","2":"type-product","3":"status-publish","4":"has-post-thumbnail","6":"product_cat-bath","7":"product_cat-hotel-shower-dispensers-liquid","9":"first","10":"instock","11":"taxable","12":"shipping-taxable","13":"purchasable","14":"product-type-variable"},"_links":{"self":[{"href":"https:\/\/nexgendecors.com\/es\/wp-json\/wp\/v2\/product\/171736","targetHints":{"allow":["GET"]}}],"collection":[{"href":"https:\/\/nexgendecors.com\/es\/wp-json\/wp\/v2\/product"}],"about":[{"href":"https:\/\/nexgendecors.com\/es\/wp-json\/wp\/v2\/types\/product"}],"replies":[{"embeddable":true,"href":"https:\/\/nexgendecors.com\/es\/wp-json\/wp\/v2\/comments?post=171736"}],"version-history":[{"count":0,"href":"https:\/\/nexgendecors.com\/es\/wp-json\/wp\/v2\/product\/171736\/revisions"}],"wp:featuredmedia":[{"embeddable":true,"href":"https:\/\/nexgendecors.com\/es\/wp-json\/wp\/v2\/media\/171735"}],"wp:attachment":[{"href":"https:\/\/nexgendecors.com\/es\/wp-json\/wp\/v2\/media?parent=171736"}],"wp:term":[{"taxonomy":"product_brand","embeddable":true,"href":"https:\/\/nexgendecors.com\/es\/wp-json\/wp\/v2\/product_brand?post=171736"},{"taxonomy":"product_cat","embeddable":true,"href":"https:\/\/nexgendecors.com\/es\/wp-json\/wp\/v2\/product_cat?post=171736"},{"taxonomy":"product_tag","embeddable":true,"href":"https:\/\/nexgendecors.com\/es\/wp-json\/wp\/v2\/product_tag?post=171736"}],"curies":[{"name":"wp","href":"https:\/\/api.w.org\/{rel}","templated":true}]}}