{"id":171774,"date":"2025-02-25T04:15:14","date_gmt":"2025-02-25T04:15:14","guid":{"rendered":"https:\/\/nexgendecors.com\/en\/product\/commercial-kitchen-hand-towel-dispenser-z-vfold-toilet-paper-towel-dispensers-keys-wall-mount-e6015\/"},"modified":"2025-04-06T10:09:24","modified_gmt":"2025-04-06T10:09:24","slug":"commercial-kitchen-hand-towel-dispenser-z-vfold-toilet-paper-towel-dispensers-keys-wall-mount-e6015","status":"publish","type":"product","link":"https:\/\/nexgendecors.com\/es\/product\/commercial-kitchen-hand-towel-dispenser-z-vfold-toilet-paper-towel-dispensers-keys-wall-mount-e6015\/","title":{"rendered":"Dispensador de toallas de mano para cocina comercial, plegable en Z, con llaves para montaje en pared E6015"},"content":{"rendered":"<ul>\n<li><strong>Garant\u00eda : <\/strong> 1 a\u00f1o<\/li>\n<li><strong>Caracter\u00edstica : <\/strong> Plastic, Wall-mounted, Sustainable, Durable  Convenient<\/li>\n<li><strong>Servicio postventa: <\/strong> Soporte t\u00e9cnico en l\u00ednea<\/li>\n<li><strong>Capacidad de soluci\u00f3n del proyecto: <\/strong> Otros<\/li>\n<li><strong>Solicitud : <\/strong> Ba\u00f1o<\/li>\n<li><strong>Estilo de dise\u00f1o: <\/strong> Moderno<\/li>\n<li><strong>Lugar de origen: <\/strong> Zhejiang, China<\/li>\n<li><strong>Nombre de la marca: <\/strong> \u00a1interrupci\u00f3n!<\/li>\n<li><strong>N\u00famero de modelo : <\/strong> HSD-E6015<\/li>\n<li><strong>Material : <\/strong> Pl\u00e1stico<\/li>\n<li><strong>Nombre del producto : <\/strong> Kitchen toilet paper dispenser<\/li>\n<li><strong>Uso: <\/strong> Inicio Hotel Restaurante<\/li>\n<li><strong>Color : <\/strong> Color personalizado<\/li>\n<li><strong>Logotipo : <\/strong> Aceptar logotipo personalizado<\/li>\n<li><strong>Tipo : <\/strong> dispensador de toallas de mano<\/li>\n<li><strong>Instalaci\u00f3n : <\/strong> Montaje en pared<\/li>\n<li><strong>Tama\u00f1o : <\/strong> 278*102*215mm<\/li>\n<li><strong>Embalaje: <\/strong> Caja de color<\/li>\n<li><strong>Funci\u00f3n : <\/strong> Hotel Paper Dispenser<\/li>\n<\/ul>","protected":false},"excerpt":{"rendered":"<p>Garant\u00eda: 1 a\u00f1o Caracter\u00edstica: Pl\u00e1stico, Montaje en pared, Sostenible, Duradero Servicio posventa conveniente: Soporte t\u00e9cnico en l\u00ednea Capacidad de soluci\u00f3n de proyectos<\/p>","protected":false},"featured_media":171772,"comment_status":"open","ping_status":"closed","template":"","meta":[],"product_brand":[],"product_cat":[30927,30940],"product_tag":[],"class_list":{"0":"post-171774","1":"product","2":"type-product","3":"status-publish","4":"has-post-thumbnail","6":"product_cat-bath","7":"product_cat-hotel-shower-dispensers-liquid","9":"first","10":"instock","11":"taxable","12":"shipping-taxable","13":"purchasable","14":"product-type-variable"},"_links":{"self":[{"href":"https:\/\/nexgendecors.com\/es\/wp-json\/wp\/v2\/product\/171774","targetHints":{"allow":["GET"]}}],"collection":[{"href":"https:\/\/nexgendecors.com\/es\/wp-json\/wp\/v2\/product"}],"about":[{"href":"https:\/\/nexgendecors.com\/es\/wp-json\/wp\/v2\/types\/product"}],"replies":[{"embeddable":true,"href":"https:\/\/nexgendecors.com\/es\/wp-json\/wp\/v2\/comments?post=171774"}],"version-history":[{"count":0,"href":"https:\/\/nexgendecors.com\/es\/wp-json\/wp\/v2\/product\/171774\/revisions"}],"wp:featuredmedia":[{"embeddable":true,"href":"https:\/\/nexgendecors.com\/es\/wp-json\/wp\/v2\/media\/171772"}],"wp:attachment":[{"href":"https:\/\/nexgendecors.com\/es\/wp-json\/wp\/v2\/media?parent=171774"}],"wp:term":[{"taxonomy":"product_brand","embeddable":true,"href":"https:\/\/nexgendecors.com\/es\/wp-json\/wp\/v2\/product_brand?post=171774"},{"taxonomy":"product_cat","embeddable":true,"href":"https:\/\/nexgendecors.com\/es\/wp-json\/wp\/v2\/product_cat?post=171774"},{"taxonomy":"product_tag","embeddable":true,"href":"https:\/\/nexgendecors.com\/es\/wp-json\/wp\/v2\/product_tag?post=171774"}],"curies":[{"name":"wp","href":"https:\/\/api.w.org\/{rel}","templated":true}]}}