{"id":171807,"date":"2025-02-25T04:15:51","date_gmt":"2025-02-25T04:15:51","guid":{"rendered":"https:\/\/nexgendecors.com\/en\/product\/commercial-custom-toilet-jumbo-roll-paper-dispenser-large-tissue-dispensers-wall-mounted-tissue-holder\/"},"modified":"2025-04-06T10:09:41","modified_gmt":"2025-04-06T10:09:41","slug":"dispensador-de-papel-higienico-gigante-personalizado-comercial-dispensador-de-panuelos-grandes-soporte-para-panuelos-de-pared","status":"publish","type":"product","link":"https:\/\/nexgendecors.com\/es\/product\/dispensador-de-papel-higienico-gigante-personalizado-comercial-dispensador-de-panuelos-grandes-soporte-para-panuelos-de-pared\/","title":{"rendered":"Dispensador de papel higi\u00e9nico gigante personalizado comercial, dispensador de pa\u00f1uelos grandes, soporte de pared para pa\u00f1uelos"},"content":{"rendered":"<ul>\n<li><strong>Garant\u00eda : <\/strong> 1 a\u00f1o<\/li>\n<li><strong>Caracter\u00edstica : <\/strong> Pl\u00e1stico, de pared, sostenible, duradero<\/li>\n<li><strong>Forma : <\/strong> Circular<\/li>\n<li><strong>Servicio postventa: <\/strong> Soporte t\u00e9cnico en l\u00ednea<\/li>\n<li><strong>Capacidad de soluci\u00f3n del proyecto: <\/strong> Otros<\/li>\n<li><strong>Solicitud : <\/strong> Ba\u00f1o<\/li>\n<li><strong>Estilo de dise\u00f1o: <\/strong> Moderno<\/li>\n<li><strong>Lugar de origen: <\/strong> Zhejiang, China<\/li>\n<li><strong>Nombre de la marca: <\/strong> \u00a1interrupci\u00f3n!<\/li>\n<li><strong>N\u00famero de modelo : <\/strong> HSD-E51018<\/li>\n<li><strong>Material : <\/strong> Pl\u00e1stico, pl\u00e1stico ABS<\/li>\n<li><strong>Color : <\/strong> Color personalizado<\/li>\n<li><strong>Logotipo : <\/strong> Aceptar logotipo personalizado<\/li>\n<li><strong>Instalaci\u00f3n : <\/strong> Montaje en pared<\/li>\n<li><strong>Tama\u00f1o : <\/strong> 28,2 x 13 x 27 cm<\/li>\n<li><strong>Embalaje: <\/strong> Caja de color<\/li>\n<li><strong>Uso: <\/strong> Inicio Hotel Restaurante<\/li>\n<li><strong>Material principal: <\/strong> Material pl\u00e1stico ABS<\/li>\n<li><strong>Funci\u00f3n : <\/strong> Portarrollos de papel higi\u00e9nico<\/li>\n<\/ul>","protected":false},"excerpt":{"rendered":"<p>Garant\u00eda: 1 a\u00f1o Caracter\u00edstica: Pl\u00e1stico, Montaje en pared, Sostenible, Duradero Forma: Circular Servicio posventa: Soporte t\u00e9cnico en l\u00ednea Proyecto<\/p>","protected":false},"featured_media":171806,"comment_status":"open","ping_status":"closed","template":"","meta":[],"product_brand":[],"product_cat":[30927,30940],"product_tag":[],"class_list":{"0":"post-171807","1":"product","2":"type-product","3":"status-publish","4":"has-post-thumbnail","6":"product_cat-bath","7":"product_cat-hotel-shower-dispensers-liquid","9":"first","10":"instock","11":"taxable","12":"shipping-taxable","13":"purchasable","14":"product-type-variable"},"_links":{"self":[{"href":"https:\/\/nexgendecors.com\/es\/wp-json\/wp\/v2\/product\/171807","targetHints":{"allow":["GET"]}}],"collection":[{"href":"https:\/\/nexgendecors.com\/es\/wp-json\/wp\/v2\/product"}],"about":[{"href":"https:\/\/nexgendecors.com\/es\/wp-json\/wp\/v2\/types\/product"}],"replies":[{"embeddable":true,"href":"https:\/\/nexgendecors.com\/es\/wp-json\/wp\/v2\/comments?post=171807"}],"version-history":[{"count":0,"href":"https:\/\/nexgendecors.com\/es\/wp-json\/wp\/v2\/product\/171807\/revisions"}],"wp:featuredmedia":[{"embeddable":true,"href":"https:\/\/nexgendecors.com\/es\/wp-json\/wp\/v2\/media\/171806"}],"wp:attachment":[{"href":"https:\/\/nexgendecors.com\/es\/wp-json\/wp\/v2\/media?parent=171807"}],"wp:term":[{"taxonomy":"product_brand","embeddable":true,"href":"https:\/\/nexgendecors.com\/es\/wp-json\/wp\/v2\/product_brand?post=171807"},{"taxonomy":"product_cat","embeddable":true,"href":"https:\/\/nexgendecors.com\/es\/wp-json\/wp\/v2\/product_cat?post=171807"},{"taxonomy":"product_tag","embeddable":true,"href":"https:\/\/nexgendecors.com\/es\/wp-json\/wp\/v2\/product_tag?post=171807"}],"curies":[{"name":"wp","href":"https:\/\/api.w.org\/{rel}","templated":true}]}}