{"id":171834,"date":"2025-02-25T04:17:11","date_gmt":"2025-02-25T04:17:11","guid":{"rendered":"https:\/\/nexgendecors.com\/en\/product\/wholesale-2022-new-public-toilet-jumbo-large-roll-tissue-paper-dispenser-holder-black-wall-mounted-bathroom-with-phone-shelf\/"},"modified":"2025-04-06T10:10:01","modified_gmt":"2025-04-06T10:10:01","slug":"venta-al-por-mayor-2022-nuevo-dispensador-de-papel-higienico-grande-jumbo-para-bano-publico-soporte-negro-para-montaje-en-pared-con-estante-para-telefono","status":"publish","type":"product","link":"https:\/\/nexgendecors.com\/es\/product\/venta-al-por-mayor-2022-nuevo-dispensador-de-papel-higienico-grande-jumbo-para-bano-publico-soporte-negro-para-montaje-en-pared-con-estante-para-telefono\/","title":{"rendered":"Venta al por mayor 2022, nuevo dispensador de papel higi\u00e9nico grande jumbo para ba\u00f1o p\u00fablico, soporte negro para pared con estante para tel\u00e9fono."},"content":{"rendered":"<ul>\n<li><strong>Garant\u00eda : <\/strong> 1 a\u00f1o<\/li>\n<li><strong>Servicio postventa: <\/strong> Soporte t\u00e9cnico en l\u00ednea<\/li>\n<li><strong>Capacidad de soluci\u00f3n del proyecto: <\/strong> Otros<\/li>\n<li><strong>Solicitud : <\/strong> Ba\u00f1o, Ba\u00f1o<\/li>\n<li><strong>Estilo de dise\u00f1o: <\/strong> Moderno<\/li>\n<li><strong>Lugar de origen: <\/strong> Zhejiang, China<\/li>\n<li><strong>Nombre de la marca: <\/strong> \u00a1Intercambio!<\/li>\n<li><strong>N\u00famero de modelo : <\/strong> HSD-E51021<\/li>\n<li><strong>Material : <\/strong> abdominales<\/li>\n<li><strong>Nombre del producto : <\/strong> Dispensador de rollos de papel higi\u00e9nico comercial<\/li>\n<li><strong>Uso: <\/strong> Inicio Hotel Restaurante<\/li>\n<li><strong>Color : <\/strong> Color personalizado<\/li>\n<li><strong>Logotipo : <\/strong> Aceptar personalizado<\/li>\n<li><strong>Tipo : <\/strong> Portarrollos de papel higi\u00e9nico ecol\u00f3gico<\/li>\n<li><strong>Instalaci\u00f3n : <\/strong> Montaje en pared<\/li>\n<li><strong>Tama\u00f1o : <\/strong> Tama\u00f1o personalizado<\/li>\n<li><strong>Embalaje: <\/strong> Caja de color<\/li>\n<li><strong>Funci\u00f3n : <\/strong> Portarrollos de papel higi\u00e9nico para ba\u00f1o de uso diario<\/li>\n<\/ul>","protected":false},"excerpt":{"rendered":"<p>Garant\u00eda: 1 a\u00f1o Servicio posventa: Soporte t\u00e9cnico en l\u00ednea Capacidad de soluci\u00f3n de proyecto: Otros Aplicaci\u00f3n: Ba\u00f1o, Dise\u00f1o de ba\u00f1o<\/p>","protected":false},"featured_media":171833,"comment_status":"open","ping_status":"closed","template":"","meta":[],"product_brand":[],"product_cat":[30927,30940],"product_tag":[],"class_list":{"0":"post-171834","1":"product","2":"type-product","3":"status-publish","4":"has-post-thumbnail","6":"product_cat-bath","7":"product_cat-hotel-shower-dispensers-liquid","9":"first","10":"instock","11":"taxable","12":"shipping-taxable","13":"purchasable","14":"product-type-variable"},"_links":{"self":[{"href":"https:\/\/nexgendecors.com\/es\/wp-json\/wp\/v2\/product\/171834","targetHints":{"allow":["GET"]}}],"collection":[{"href":"https:\/\/nexgendecors.com\/es\/wp-json\/wp\/v2\/product"}],"about":[{"href":"https:\/\/nexgendecors.com\/es\/wp-json\/wp\/v2\/types\/product"}],"replies":[{"embeddable":true,"href":"https:\/\/nexgendecors.com\/es\/wp-json\/wp\/v2\/comments?post=171834"}],"version-history":[{"count":0,"href":"https:\/\/nexgendecors.com\/es\/wp-json\/wp\/v2\/product\/171834\/revisions"}],"wp:featuredmedia":[{"embeddable":true,"href":"https:\/\/nexgendecors.com\/es\/wp-json\/wp\/v2\/media\/171833"}],"wp:attachment":[{"href":"https:\/\/nexgendecors.com\/es\/wp-json\/wp\/v2\/media?parent=171834"}],"wp:term":[{"taxonomy":"product_brand","embeddable":true,"href":"https:\/\/nexgendecors.com\/es\/wp-json\/wp\/v2\/product_brand?post=171834"},{"taxonomy":"product_cat","embeddable":true,"href":"https:\/\/nexgendecors.com\/es\/wp-json\/wp\/v2\/product_cat?post=171834"},{"taxonomy":"product_tag","embeddable":true,"href":"https:\/\/nexgendecors.com\/es\/wp-json\/wp\/v2\/product_tag?post=171834"}],"curies":[{"name":"wp","href":"https:\/\/api.w.org\/{rel}","templated":true}]}}