{"id":171890,"date":"2025-02-25T04:18:25","date_gmt":"2025-02-25T04:18:25","guid":{"rendered":"https:\/\/nexgendecors.com\/en\/product\/bathroom-paper-towel-dispenser-wall-mounted-large-capacity-punch-free-hotel-toilet-commercial-household-c-fold-multi-fold-tri\/"},"modified":"2025-02-25T04:18:37","modified_gmt":"2025-02-25T04:18:37","slug":"bathroom-paper-towel-dispenser-wall-mounted-large-capacity-punch-free-hotel-toilet-commercial-household-c-fold-multi-fold-tri","status":"publish","type":"product","link":"https:\/\/nexgendecors.com\/es\/product\/bathroom-paper-towel-dispenser-wall-mounted-large-capacity-punch-free-hotel-toilet-commercial-household-c-fold-multi-fold-tri\/","title":{"rendered":"Dispensador de toallas de papel para ba\u00f1o, montado en la pared, gran capacidad, sin perforaciones, para uso comercial en hoteles, uso dom\u00e9stico, plegable en C, multiplegado y triple."},"content":{"rendered":"<ul>\n<li><strong>Garant\u00eda : <\/strong> 1 a\u00f1o<\/li>\n<li><strong>Servicio postventa: <\/strong> Soporte t\u00e9cnico en l\u00ednea<\/li>\n<li><strong>Capacidad de soluci\u00f3n del proyecto: <\/strong> Otros<\/li>\n<li><strong>Solicitud : <\/strong> Ba\u00f1o<\/li>\n<li><strong>Estilo de dise\u00f1o: <\/strong> Moderno<\/li>\n<li><strong>Lugar de origen: <\/strong> Zhejiang, China<\/li>\n<li><strong>Nombre de la marca: <\/strong> \u00a1interrupci\u00f3n!<\/li>\n<li><strong>N\u00famero de modelo : <\/strong> HSD-E6018<\/li>\n<li><strong>Material : <\/strong> Pl\u00e1stico, pl\u00e1stico ABS<\/li>\n<li><strong>Color : <\/strong> Color personalizado<\/li>\n<li><strong>Logotipo : <\/strong> Aceptar personalizado<\/li>\n<li><strong>Tipo : <\/strong> dispensador de toallas de mano<\/li>\n<li><strong>Instalaci\u00f3n : <\/strong> Montaje en pared<\/li>\n<li><strong>Tama\u00f1o : <\/strong> 30.5*30.3*9.7cm<\/li>\n<li><strong>Caracter\u00edstica : <\/strong> Durable<\/li>\n<li><strong>Embalaje: <\/strong> Caja de color<\/li>\n<li><strong>Uso: <\/strong> Inicio Hotel Restaurante<\/li>\n<li><strong>Material principal: <\/strong> Material pl\u00e1stico ABS<\/li>\n<\/ul>","protected":false},"excerpt":{"rendered":"<p>Garant\u00eda: 1 a\u00f1o Servicio posventa: Soporte t\u00e9cnico en l\u00ednea Capacidad de soluci\u00f3n de proyecto: Otros Aplicaci\u00f3n: Estilo de dise\u00f1o de ba\u00f1o<\/p>","protected":false},"featured_media":171889,"comment_status":"open","ping_status":"closed","template":"","meta":[],"product_brand":[],"product_cat":[30927,30940],"product_tag":[],"class_list":{"0":"post-171890","1":"product","2":"type-product","3":"status-publish","4":"has-post-thumbnail","6":"product_cat-bath","7":"product_cat-hotel-shower-dispensers-liquid","9":"first","10":"instock","11":"taxable","12":"shipping-taxable","13":"purchasable","14":"product-type-variable"},"_links":{"self":[{"href":"https:\/\/nexgendecors.com\/es\/wp-json\/wp\/v2\/product\/171890","targetHints":{"allow":["GET"]}}],"collection":[{"href":"https:\/\/nexgendecors.com\/es\/wp-json\/wp\/v2\/product"}],"about":[{"href":"https:\/\/nexgendecors.com\/es\/wp-json\/wp\/v2\/types\/product"}],"replies":[{"embeddable":true,"href":"https:\/\/nexgendecors.com\/es\/wp-json\/wp\/v2\/comments?post=171890"}],"version-history":[{"count":0,"href":"https:\/\/nexgendecors.com\/es\/wp-json\/wp\/v2\/product\/171890\/revisions"}],"wp:featuredmedia":[{"embeddable":true,"href":"https:\/\/nexgendecors.com\/es\/wp-json\/wp\/v2\/media\/171889"}],"wp:attachment":[{"href":"https:\/\/nexgendecors.com\/es\/wp-json\/wp\/v2\/media?parent=171890"}],"wp:term":[{"taxonomy":"product_brand","embeddable":true,"href":"https:\/\/nexgendecors.com\/es\/wp-json\/wp\/v2\/product_brand?post=171890"},{"taxonomy":"product_cat","embeddable":true,"href":"https:\/\/nexgendecors.com\/es\/wp-json\/wp\/v2\/product_cat?post=171890"},{"taxonomy":"product_tag","embeddable":true,"href":"https:\/\/nexgendecors.com\/es\/wp-json\/wp\/v2\/product_tag?post=171890"}],"curies":[{"name":"wp","href":"https:\/\/api.w.org\/{rel}","templated":true}]}}