{"id":171921,"date":"2025-02-25T04:19:13","date_gmt":"2025-02-25T04:19:13","guid":{"rendered":"https:\/\/nexgendecors.com\/en\/product\/kitchen-m-fold-plastic-interfold-paper-towel-dispenser-wall-mount-selfadhesive-c-lock-black-for-home-bathroom-e6006\/"},"modified":"2025-04-06T10:11:00","modified_gmt":"2025-04-06T10:11:00","slug":"kitchen-m-fold-plastic-interfold-paper-towel-dispenser-wall-mount-selfadhesive-c-lock-black-for-home-bathroom-e6006","status":"publish","type":"product","link":"https:\/\/nexgendecors.com\/es\/product\/kitchen-m-fold-plastic-interfold-paper-towel-dispenser-wall-mount-selfadhesive-c-lock-black-for-home-bathroom-e6006\/","title":{"rendered":"Kitchen M Fold Plastic Interfold Paper Towel Dispenser Wall Mount Selfadhesive c Lock Black for Home Bathroom E6006"},"content":{"rendered":"<ul>\n<li><strong>Garant\u00eda : <\/strong> 1 a\u00f1o<\/li>\n<li><strong>Servicio postventa: <\/strong> Soporte t\u00e9cnico en l\u00ednea<\/li>\n<li><strong>Capacidad de soluci\u00f3n del proyecto: <\/strong> Otros<\/li>\n<li><strong>Solicitud : <\/strong> Ba\u00f1o<\/li>\n<li><strong>Estilo de dise\u00f1o: <\/strong> Moderno<\/li>\n<li><strong>Lugar de origen: <\/strong> Zhejiang, China<\/li>\n<li><strong>Nombre de la marca: <\/strong> \u00a1interrupci\u00f3n!<\/li>\n<li><strong>N\u00famero de modelo : <\/strong> HSD-E6006<\/li>\n<li><strong>Material : <\/strong> Pl\u00e1stico, pl\u00e1stico ABS<\/li>\n<li><strong>Nombre del producto : <\/strong> Dispensador de papel higi\u00e9nico para cocina<\/li>\n<li><strong>Color : <\/strong> Color personalizado<\/li>\n<li><strong>Logotipo : <\/strong> Aceptar personalizado<\/li>\n<li><strong>Tipo : <\/strong> dispensador de toallas de mano<\/li>\n<li><strong>Instalaci\u00f3n : <\/strong> Montaje en pared<\/li>\n<li><strong>Tama\u00f1o : <\/strong> 27*10.5*20.5cm<\/li>\n<li><strong>Caracter\u00edstica : <\/strong> Durable<\/li>\n<li><strong>Embalaje: <\/strong> Caja de color<\/li>\n<li><strong>Uso: <\/strong> Bathroom Home Kitchen<\/li>\n<\/ul>","protected":false},"excerpt":{"rendered":"<p>Garant\u00eda: 1 a\u00f1o Servicio posventa: Soporte t\u00e9cnico en l\u00ednea Capacidad de soluci\u00f3n de proyecto: Otros Aplicaci\u00f3n: Estilo de dise\u00f1o de ba\u00f1o<\/p>","protected":false},"featured_media":171920,"comment_status":"open","ping_status":"closed","template":"","meta":[],"product_brand":[],"product_cat":[30927,30940],"product_tag":[],"class_list":{"0":"post-171921","1":"product","2":"type-product","3":"status-publish","4":"has-post-thumbnail","6":"product_cat-bath","7":"product_cat-hotel-shower-dispensers-liquid","9":"first","10":"instock","11":"taxable","12":"shipping-taxable","13":"purchasable","14":"product-type-variable"},"_links":{"self":[{"href":"https:\/\/nexgendecors.com\/es\/wp-json\/wp\/v2\/product\/171921","targetHints":{"allow":["GET"]}}],"collection":[{"href":"https:\/\/nexgendecors.com\/es\/wp-json\/wp\/v2\/product"}],"about":[{"href":"https:\/\/nexgendecors.com\/es\/wp-json\/wp\/v2\/types\/product"}],"replies":[{"embeddable":true,"href":"https:\/\/nexgendecors.com\/es\/wp-json\/wp\/v2\/comments?post=171921"}],"version-history":[{"count":0,"href":"https:\/\/nexgendecors.com\/es\/wp-json\/wp\/v2\/product\/171921\/revisions"}],"wp:featuredmedia":[{"embeddable":true,"href":"https:\/\/nexgendecors.com\/es\/wp-json\/wp\/v2\/media\/171920"}],"wp:attachment":[{"href":"https:\/\/nexgendecors.com\/es\/wp-json\/wp\/v2\/media?parent=171921"}],"wp:term":[{"taxonomy":"product_brand","embeddable":true,"href":"https:\/\/nexgendecors.com\/es\/wp-json\/wp\/v2\/product_brand?post=171921"},{"taxonomy":"product_cat","embeddable":true,"href":"https:\/\/nexgendecors.com\/es\/wp-json\/wp\/v2\/product_cat?post=171921"},{"taxonomy":"product_tag","embeddable":true,"href":"https:\/\/nexgendecors.com\/es\/wp-json\/wp\/v2\/product_tag?post=171921"}],"curies":[{"name":"wp","href":"https:\/\/api.w.org\/{rel}","templated":true}]}}