{"id":172033,"date":"2025-02-25T04:23:31","date_gmt":"2025-02-25T04:23:31","guid":{"rendered":"https:\/\/nexgendecors.com\/en\/product\/1000ml-hotel-double-wall-mount-shower-liquid-pump-manual-2-shampoo-and-soap-dispenser-stainless-steel-with-translucent-container\/"},"modified":"2025-02-25T04:24:13","modified_gmt":"2025-02-25T04:24:13","slug":"1000ml-hotel-double-wall-mount-shower-liquid-pump-manual-2-shampoo-and-soap-dispenser-stainless-steel-with-translucent-container","status":"publish","type":"product","link":"https:\/\/nexgendecors.com\/es\/product\/1000ml-hotel-double-wall-mount-shower-liquid-pump-manual-2-shampoo-and-soap-dispenser-stainless-steel-with-translucent-container\/","title":{"rendered":"Dispensador manual de jab\u00f3n y champ\u00fa para ducha de hotel de 1000 ml con doble pared, de acero inoxidable, con recipiente transl\u00facido."},"content":{"rendered":"<ul>\n<li><strong>Garant\u00eda : <\/strong> 1 a\u00f1o, 1 a\u00f1o<\/li>\n<li><strong>Servicio postventa: <\/strong> Soporte t\u00e9cnico en l\u00ednea<\/li>\n<li><strong>Capacidad de soluci\u00f3n del proyecto: <\/strong> dise\u00f1o gr\u00e1fico, dise\u00f1o de modelos 3D<\/li>\n<li><strong>Solicitud : <\/strong> Hotel, champ\u00fa l\u00edquido para lavar platos<\/li>\n<li><strong>Estilo de dise\u00f1o: <\/strong> Moderno<\/li>\n<li><strong>Lugar de origen: <\/strong> Porcelana<\/li>\n<li><strong>Nombre de la marca: <\/strong> INTERHASA<\/li>\n<li><strong>N\u00famero de modelo : <\/strong> F8009<\/li>\n<li><strong>Caracter\u00edstica : <\/strong> Dispensador de jab\u00f3n en espuma, dispensador de jab\u00f3n doble<\/li>\n<li><strong>Material principal: <\/strong> metal<\/li>\n<li><strong>Metal Liquid Soap Dispenser Finishing : <\/strong> Acero inoxidable<\/li>\n<li><strong>Dispensador de jab\u00f3n l\u00edquido Tipo: <\/strong> Dispensador de jab\u00f3n de manos<\/li>\n<li><strong>Nombre del producto : <\/strong> Wall Mount Shampoo Stainless Steel Triple shower Gel Soap Dispenser<\/li>\n<li><strong>Color : <\/strong> white, gray, chrome, golden, rose golden etc<\/li>\n<li><strong>Capacidad : <\/strong> 500ml-1500ml<\/li>\n<li><strong>Material : <\/strong> ABS Plastic,stainless steel<\/li>\n<li><strong>Instalaci\u00f3n : <\/strong> Instalaci\u00f3n en pared<\/li>\n<li><strong>Estilo : <\/strong> Manual de mano<\/li>\n<li><strong>Servicio : <\/strong> Impresi\u00f3n de logotipos<\/li>\n<li><strong>Tipo : <\/strong> Liquid Soap Dispensers<\/li>\n<\/ul>","protected":false},"excerpt":{"rendered":"<p>Garant\u00eda: 1 a\u00f1o, 1 a\u00f1o de servicio posventa: Soporte t\u00e9cnico en l\u00ednea Capacidad de soluci\u00f3n de proyecto: dise\u00f1o gr\u00e1fico, modelo 3D<\/p>","protected":false},"featured_media":172032,"comment_status":"open","ping_status":"closed","template":"","meta":[],"product_brand":[],"product_cat":[30927,30940],"product_tag":[],"class_list":{"0":"post-172033","1":"product","2":"type-product","3":"status-publish","4":"has-post-thumbnail","6":"product_cat-bath","7":"product_cat-hotel-shower-dispensers-liquid","9":"first","10":"instock","11":"taxable","12":"shipping-taxable","13":"purchasable","14":"product-type-variable"},"_links":{"self":[{"href":"https:\/\/nexgendecors.com\/es\/wp-json\/wp\/v2\/product\/172033","targetHints":{"allow":["GET"]}}],"collection":[{"href":"https:\/\/nexgendecors.com\/es\/wp-json\/wp\/v2\/product"}],"about":[{"href":"https:\/\/nexgendecors.com\/es\/wp-json\/wp\/v2\/types\/product"}],"replies":[{"embeddable":true,"href":"https:\/\/nexgendecors.com\/es\/wp-json\/wp\/v2\/comments?post=172033"}],"version-history":[{"count":0,"href":"https:\/\/nexgendecors.com\/es\/wp-json\/wp\/v2\/product\/172033\/revisions"}],"wp:featuredmedia":[{"embeddable":true,"href":"https:\/\/nexgendecors.com\/es\/wp-json\/wp\/v2\/media\/172032"}],"wp:attachment":[{"href":"https:\/\/nexgendecors.com\/es\/wp-json\/wp\/v2\/media?parent=172033"}],"wp:term":[{"taxonomy":"product_brand","embeddable":true,"href":"https:\/\/nexgendecors.com\/es\/wp-json\/wp\/v2\/product_brand?post=172033"},{"taxonomy":"product_cat","embeddable":true,"href":"https:\/\/nexgendecors.com\/es\/wp-json\/wp\/v2\/product_cat?post=172033"},{"taxonomy":"product_tag","embeddable":true,"href":"https:\/\/nexgendecors.com\/es\/wp-json\/wp\/v2\/product_tag?post=172033"}],"curies":[{"name":"wp","href":"https:\/\/api.w.org\/{rel}","templated":true}]}}