{"id":172118,"date":"2025-02-25T04:25:26","date_gmt":"2025-02-25T04:25:26","guid":{"rendered":"https:\/\/nexgendecors.com\/en\/product\/commercial-2022-new-vertical-wall-mounted-500ml-manual-liquid-hand-soap-dispenser-metal-pump-stainless-steel-for-bathroom\/"},"modified":"2025-04-06T10:12:27","modified_gmt":"2025-04-06T10:12:27","slug":"commercial-2022-new-vertical-wall-mounted-500ml-manual-liquid-hand-soap-dispenser-metal-pump-stainless-steel-for-bathroom","status":"publish","type":"product","link":"https:\/\/nexgendecors.com\/es\/product\/commercial-2022-new-vertical-wall-mounted-500ml-manual-liquid-hand-soap-dispenser-metal-pump-stainless-steel-for-bathroom\/","title":{"rendered":"Dispensador de jab\u00f3n l\u00edquido manual de manos, vertical, de pared, de 500 ml, con bomba de metal y acero inoxidable para ba\u00f1o, modelo comercial 2022."},"content":{"rendered":"<ul>\n<li><strong>Garant\u00eda : <\/strong> 1 a\u00f1o<\/li>\n<li><strong>Servicio postventa: <\/strong> Soporte t\u00e9cnico en l\u00ednea<\/li>\n<li><strong>Capacidad de soluci\u00f3n del proyecto: <\/strong> Otros<\/li>\n<li><strong>Solicitud : <\/strong> Hotel<\/li>\n<li><strong>Estilo de dise\u00f1o: <\/strong> Moderno<\/li>\n<li><strong>Lugar de origen: <\/strong> Zhejiang, China<\/li>\n<li><strong>Nombre de la marca: <\/strong> entretiempo, entretiempo<\/li>\n<li><strong>N\u00famero de modelo : <\/strong> HSD-F818<\/li>\n<li><strong>Caracter\u00edstica : <\/strong> Dispensador de jab\u00f3n en espuma, dispensador de jab\u00f3n doble<\/li>\n<li><strong>Material principal: <\/strong> Acero inoxidable<\/li>\n<li><strong>Dispensador de jab\u00f3n l\u00edquido Tipo: <\/strong> Dispensador de jab\u00f3n de manos<\/li>\n<li><strong>Nombre del producto : <\/strong> 500ml Liquid Soap Dispenser hand soap dispenser<\/li>\n<li><strong>Material principal: <\/strong> Acero inoxidable 304<\/li>\n<li><strong>Capacidad : <\/strong> 500ml\/800ml1000ml<\/li>\n<li><strong>Color : <\/strong> costumbre<\/li>\n<li><strong>Material : <\/strong> Stainless Steel + ABS Plastic<\/li>\n<li><strong>Uso: <\/strong> Inicio Hotel Ba\u00f1o Cocina Encimera<\/li>\n<li><strong>Pump type : <\/strong> Liuqid<\/li>\n<li><strong>Tipo : <\/strong> Dispensador de jab\u00f3n l\u00edquido de manos para hotel<\/li>\n<li><strong>Instalaci\u00f3n : <\/strong> Montaje en pared<\/li>\n<\/ul>","protected":false},"excerpt":{"rendered":"<p>Garant\u00eda: 1 a\u00f1o Servicio posventa: Soporte t\u00e9cnico en l\u00ednea Capacidad de soluci\u00f3n de proyecto: Otros Aplicaci\u00f3n: Estilo de dise\u00f1o de hotel<\/p>","protected":false},"featured_media":172117,"comment_status":"open","ping_status":"closed","template":"","meta":[],"product_brand":[],"product_cat":[30927,30940],"product_tag":[],"class_list":{"0":"post-172118","1":"product","2":"type-product","3":"status-publish","4":"has-post-thumbnail","6":"product_cat-bath","7":"product_cat-hotel-shower-dispensers-liquid","9":"first","10":"instock","11":"taxable","12":"shipping-taxable","13":"purchasable","14":"product-type-variable"},"_links":{"self":[{"href":"https:\/\/nexgendecors.com\/es\/wp-json\/wp\/v2\/product\/172118","targetHints":{"allow":["GET"]}}],"collection":[{"href":"https:\/\/nexgendecors.com\/es\/wp-json\/wp\/v2\/product"}],"about":[{"href":"https:\/\/nexgendecors.com\/es\/wp-json\/wp\/v2\/types\/product"}],"replies":[{"embeddable":true,"href":"https:\/\/nexgendecors.com\/es\/wp-json\/wp\/v2\/comments?post=172118"}],"version-history":[{"count":0,"href":"https:\/\/nexgendecors.com\/es\/wp-json\/wp\/v2\/product\/172118\/revisions"}],"wp:featuredmedia":[{"embeddable":true,"href":"https:\/\/nexgendecors.com\/es\/wp-json\/wp\/v2\/media\/172117"}],"wp:attachment":[{"href":"https:\/\/nexgendecors.com\/es\/wp-json\/wp\/v2\/media?parent=172118"}],"wp:term":[{"taxonomy":"product_brand","embeddable":true,"href":"https:\/\/nexgendecors.com\/es\/wp-json\/wp\/v2\/product_brand?post=172118"},{"taxonomy":"product_cat","embeddable":true,"href":"https:\/\/nexgendecors.com\/es\/wp-json\/wp\/v2\/product_cat?post=172118"},{"taxonomy":"product_tag","embeddable":true,"href":"https:\/\/nexgendecors.com\/es\/wp-json\/wp\/v2\/product_tag?post=172118"}],"curies":[{"name":"wp","href":"https:\/\/api.w.org\/{rel}","templated":true}]}}