{"id":172174,"date":"2025-02-25T04:28:24","date_gmt":"2025-02-25T04:28:24","guid":{"rendered":"https:\/\/nexgendecors.com\/en\/product\/high-speed-automatic-sensor-faucet-tap-hand-dryer-commercial-public-with-hepa-filter-for-bathroom-a3873\/"},"modified":"2025-04-06T10:12:58","modified_gmt":"2025-04-06T10:12:58","slug":"high-speed-automatic-sensor-faucet-tap-hand-dryer-commercial-public-with-hepa-filter-for-bathroom-a3873","status":"publish","type":"product","link":"https:\/\/nexgendecors.com\/es\/product\/high-speed-automatic-sensor-faucet-tap-hand-dryer-commercial-public-with-hepa-filter-for-bathroom-a3873\/","title":{"rendered":"Secador de manos autom\u00e1tico de alta velocidad con sensor para ba\u00f1o p\u00fablico y comercial, con filtro HEPA, A3873"},"content":{"rendered":"<ul>\n<li><strong>Servicio postventa proporcionado: <\/strong> Centros de llamadas en el extranjero<\/li>\n<li><strong>garant\u00eda : <\/strong> 1 a\u00f1o<\/li>\n<li><strong>idioma de funcionamiento: <\/strong> Ingl\u00e9s<\/li>\n<li><strong>solicitud : <\/strong> Hotel, Comercial, Hogar<\/li>\n<li><strong>fuente de energ\u00eda: <\/strong> El\u00e9ctrico<\/li>\n<li><strong>controlado por aplicaci\u00f3n: <\/strong> NO<\/li>\n<li><strong>molde privado: <\/strong> S\u00ed<\/li>\n<li><strong>logotipo\/patr\u00f3n: <\/strong> Impresi\u00f3n 3D<\/li>\n<li><strong>tipos de embalaje: <\/strong> Caja de cart\u00f3n corrugado<\/li>\n<li><strong>sensor: <\/strong> S\u00ed<\/li>\n<li><strong>potencia w : <\/strong> 1150<\/li>\n<li><strong>nombre de marca: <\/strong> entrehasa<\/li>\n<li><strong>N\u00famero de modelo: <\/strong> A3871<\/li>\n<li><strong>lugar de origen : <\/strong> Zhejiang, China<\/li>\n<li><strong>Instalaci\u00f3n : <\/strong> Countertop installation<\/li>\n<li><strong>Material : <\/strong> metal<\/li>\n<li><strong>caracter\u00edstica : <\/strong> Automatic, easy installation, Fast heating<\/li>\n<li><strong>Nombre del producto : <\/strong> tap hand dryer with hepa<\/li>\n<li><strong>Potencia nominal: <\/strong> 1150w<\/li>\n<li><strong>Uso: <\/strong> Profesional de ba\u00f1os de hotel<\/li>\n<li><strong>Voltaje : <\/strong> 220<\/li>\n<li><strong>Velocidad del viento: <\/strong> 90m\/s  High Speed Hand Dryer<\/li>\n<li><strong>Distancia de detecci\u00f3n: <\/strong> 8-12cm<\/li>\n<li><strong>Tipo : <\/strong> Secador de manos autom\u00e1tico para inodoro<\/li>\n<li><strong>Material: : <\/strong> brass<\/li>\n<li><strong>Certificaci\u00f3n : <\/strong> CE ROHS CCC ISO9001<\/li>\n<li><strong>Sensing Type : <\/strong> Touch-free Infrared<\/li>\n<\/ul>","protected":false},"excerpt":{"rendered":"<p>servicio postventa proporcionado : Centros de llamadas en el extranjero garant\u00eda : 1 A\u00f1o idioma de funcionamiento : Ingl\u00e9s aplicaci\u00f3n : Hotel, Comercial, Hogar<\/p>","protected":false},"featured_media":172173,"comment_status":"open","ping_status":"closed","template":"","meta":[],"product_brand":[],"product_cat":[30927,30940],"product_tag":[],"class_list":{"0":"post-172174","1":"product","2":"type-product","3":"status-publish","4":"has-post-thumbnail","6":"product_cat-bath","7":"product_cat-hotel-shower-dispensers-liquid","9":"first","10":"instock","11":"taxable","12":"shipping-taxable","13":"purchasable","14":"product-type-variable"},"_links":{"self":[{"href":"https:\/\/nexgendecors.com\/es\/wp-json\/wp\/v2\/product\/172174","targetHints":{"allow":["GET"]}}],"collection":[{"href":"https:\/\/nexgendecors.com\/es\/wp-json\/wp\/v2\/product"}],"about":[{"href":"https:\/\/nexgendecors.com\/es\/wp-json\/wp\/v2\/types\/product"}],"replies":[{"embeddable":true,"href":"https:\/\/nexgendecors.com\/es\/wp-json\/wp\/v2\/comments?post=172174"}],"version-history":[{"count":0,"href":"https:\/\/nexgendecors.com\/es\/wp-json\/wp\/v2\/product\/172174\/revisions"}],"wp:featuredmedia":[{"embeddable":true,"href":"https:\/\/nexgendecors.com\/es\/wp-json\/wp\/v2\/media\/172173"}],"wp:attachment":[{"href":"https:\/\/nexgendecors.com\/es\/wp-json\/wp\/v2\/media?parent=172174"}],"wp:term":[{"taxonomy":"product_brand","embeddable":true,"href":"https:\/\/nexgendecors.com\/es\/wp-json\/wp\/v2\/product_brand?post=172174"},{"taxonomy":"product_cat","embeddable":true,"href":"https:\/\/nexgendecors.com\/es\/wp-json\/wp\/v2\/product_cat?post=172174"},{"taxonomy":"product_tag","embeddable":true,"href":"https:\/\/nexgendecors.com\/es\/wp-json\/wp\/v2\/product_tag?post=172174"}],"curies":[{"name":"wp","href":"https:\/\/api.w.org\/{rel}","templated":true}]}}