{"id":172185,"date":"2025-02-25T04:28:42","date_gmt":"2025-02-25T04:28:42","guid":{"rendered":"https:\/\/nexgendecors.com\/en\/product\/interhasa-chrome-automatic-sensor-faucet-touchless-brass-smart-quick-induction-kitchen-bathroom-hotel-faucet\/"},"modified":"2025-04-06T10:13:09","modified_gmt":"2025-04-06T10:13:09","slug":"grifo-automatico-con-sensor-cromado-interhasa-sin-contacto-de-laton-inteligente-de-induccion-rapida-para-cocina-bano-y-hotel","status":"publish","type":"product","link":"https:\/\/nexgendecors.com\/es\/product\/grifo-automatico-con-sensor-cromado-interhasa-sin-contacto-de-laton-inteligente-de-induccion-rapida-para-cocina-bano-y-hotel\/","title":{"rendered":"\u00a1Interhasa! Grifo autom\u00e1tico cromado con sensor, sin contacto, de lat\u00f3n, inteligente, de inducci\u00f3n r\u00e1pida, para cocina, ba\u00f1o y hotel."},"content":{"rendered":"<ul>\n<li><strong>Garant\u00eda : <\/strong> 1 a\u00f1o<\/li>\n<li><strong>Material : <\/strong> Lat\u00f3n, cuerpo principal de lat\u00f3n<\/li>\n<li><strong>Servicio postventa: <\/strong> Soporte t\u00e9cnico en l\u00ednea<\/li>\n<li><strong>Tipo de sensor: <\/strong> Sin contacto<\/li>\n<li><strong>Estilo : <\/strong> CL\u00c1SICO<\/li>\n<li><strong>Capacidad de soluci\u00f3n del proyecto: <\/strong> Otros<\/li>\n<li><strong>Solicitud : <\/strong> Hotel, Cocina, Ba\u00f1o, Hotel<\/li>\n<li><strong>Estilo de dise\u00f1o: <\/strong> Moderno<\/li>\n<li><strong>Lugar de origen: <\/strong> Zhejiang, China<\/li>\n<li><strong>Nombre de la marca: <\/strong> Interhasa<\/li>\n<li><strong>Caracter\u00edstica : <\/strong> Grifos Sense<\/li>\n<li><strong>Tratamiento de superficie: <\/strong> Otro<\/li>\n<li><strong>Montaje del grifo: <\/strong> Un solo agujero<\/li>\n<li><strong>Tipo de instalaci\u00f3n: <\/strong> Montado en cubierta<\/li>\n<li><strong>N\u00famero de manijas: <\/strong> Mango \u00fanico<\/li>\n<li><strong>N\u00famero de orificios para la instalaci\u00f3n: <\/strong> Un solo agujero<\/li>\n<li><strong>Material del n\u00facleo de la v\u00e1lvula: <\/strong> Lat\u00f3n<\/li>\n<li><strong>Funci\u00f3n : <\/strong> Agua fr\u00eda caliente<\/li>\n<li><strong>Uso: <\/strong> Ba\u00f1o<\/li>\n<li><strong>Color : <\/strong> Revestimiento cromado pulido<\/li>\n<li><strong>Tipo : <\/strong> Grifos de lavabo<\/li>\n<\/ul>","protected":false},"excerpt":{"rendered":"<p>Garant\u00eda: 1 a\u00f1o Material: Lat\u00f3n, Cuerpo principal de lat\u00f3n Servicio posventa: Soporte t\u00e9cnico en l\u00ednea Tipo de sensor: Sin contacto<\/p>","protected":false},"featured_media":172184,"comment_status":"open","ping_status":"closed","template":"","meta":[],"product_brand":[],"product_cat":[30927,30940],"product_tag":[],"class_list":{"0":"post-172185","1":"product","2":"type-product","3":"status-publish","4":"has-post-thumbnail","6":"product_cat-bath","7":"product_cat-hotel-shower-dispensers-liquid","9":"first","10":"instock","11":"taxable","12":"shipping-taxable","13":"purchasable","14":"product-type-variable"},"_links":{"self":[{"href":"https:\/\/nexgendecors.com\/es\/wp-json\/wp\/v2\/product\/172185","targetHints":{"allow":["GET"]}}],"collection":[{"href":"https:\/\/nexgendecors.com\/es\/wp-json\/wp\/v2\/product"}],"about":[{"href":"https:\/\/nexgendecors.com\/es\/wp-json\/wp\/v2\/types\/product"}],"replies":[{"embeddable":true,"href":"https:\/\/nexgendecors.com\/es\/wp-json\/wp\/v2\/comments?post=172185"}],"version-history":[{"count":0,"href":"https:\/\/nexgendecors.com\/es\/wp-json\/wp\/v2\/product\/172185\/revisions"}],"wp:featuredmedia":[{"embeddable":true,"href":"https:\/\/nexgendecors.com\/es\/wp-json\/wp\/v2\/media\/172184"}],"wp:attachment":[{"href":"https:\/\/nexgendecors.com\/es\/wp-json\/wp\/v2\/media?parent=172185"}],"wp:term":[{"taxonomy":"product_brand","embeddable":true,"href":"https:\/\/nexgendecors.com\/es\/wp-json\/wp\/v2\/product_brand?post=172185"},{"taxonomy":"product_cat","embeddable":true,"href":"https:\/\/nexgendecors.com\/es\/wp-json\/wp\/v2\/product_cat?post=172185"},{"taxonomy":"product_tag","embeddable":true,"href":"https:\/\/nexgendecors.com\/es\/wp-json\/wp\/v2\/product_tag?post=172185"}],"curies":[{"name":"wp","href":"https:\/\/api.w.org\/{rel}","templated":true}]}}