{"id":172213,"date":"2025-02-25T04:29:11","date_gmt":"2025-02-25T04:29:11","guid":{"rendered":"https:\/\/nexgendecors.com\/en\/product\/2021-latest-design-smart-sensor-automatic-sink-mixer-bathroom-basin-faucet-water-tap-for-deck-plate\/"},"modified":"2025-04-06T10:13:30","modified_gmt":"2025-04-06T10:13:30","slug":"2021-latest-design-smart-sensor-automatic-sink-mixer-bathroom-basin-faucet-water-tap-for-deck-plate","status":"publish","type":"product","link":"https:\/\/nexgendecors.com\/es\/product\/2021-latest-design-smart-sensor-automatic-sink-mixer-bathroom-basin-faucet-water-tap-for-deck-plate\/","title":{"rendered":"Grifo mezclador autom\u00e1tico para lavabo de ba\u00f1o con sensor inteligente de \u00faltimo dise\u00f1o 2021, grifo de agua para placa de cubierta"},"content":{"rendered":"<ul>\n<li><strong>Garant\u00eda : <\/strong> 5 years<\/li>\n<li><strong>Servicio postventa: <\/strong> Online technical support, Free spare parts, Return and Replacement<\/li>\n<li><strong>Estilo : <\/strong> Contempor\u00e1neo<\/li>\n<li><strong>Capacidad de soluci\u00f3n del proyecto: <\/strong> graphic design, 3D model design, total solution for projects, Cross Categories Consolidation<\/li>\n<li><strong>Solicitud : <\/strong> hotel<\/li>\n<li><strong>Estilo de dise\u00f1o: <\/strong> Moderno<\/li>\n<li><strong>Lugar de origen: <\/strong> Porcelana<\/li>\n<li><strong>Nombre de la marca: <\/strong> Interhasa, interhasa<\/li>\n<li><strong>Caracter\u00edstica : <\/strong> Grifos Sense<\/li>\n<li><strong>Tratamiento de superficie: <\/strong> Brushed<\/li>\n<li><strong>Montaje del grifo: <\/strong> Un solo agujero<\/li>\n<li><strong>Tipo de instalaci\u00f3n: <\/strong> Montado en cubierta<\/li>\n<li><strong>N\u00famero de manijas: <\/strong> Mango \u00fanico<\/li>\n<li><strong>Material del n\u00facleo de la v\u00e1lvula: <\/strong> cer\u00e1mico<\/li>\n<li><strong>Nombre del producto : <\/strong> Smart Sensor Automatic sink mixer bathroom basin faucet water tap<\/li>\n<li><strong>Salt Spray Test : <\/strong> 24 hours passed<\/li>\n<li><strong>Body Material : <\/strong> Lat\u00f3n<\/li>\n<li><strong>Funci\u00f3n : <\/strong> Cold\/Hot water<\/li>\n<li><strong>OEM and ODM : <\/strong> Acceptable<\/li>\n<li><strong>The thickness of ch : <\/strong> Nickel&gt;8um Chrome&gt;0.2um<\/li>\n<li><strong>Tipo : <\/strong> Grifos de lavabo<\/li>\n<\/ul>","protected":false},"excerpt":{"rendered":"<p>Garant\u00eda: 5 a\u00f1os Servicio posventa: Soporte t\u00e9cnico en l\u00ednea, Repuestos gratuitos, Devoluci\u00f3n y reemplazo Estilo: Proyecto contempor\u00e1neo<\/p>","protected":false},"featured_media":172212,"comment_status":"open","ping_status":"closed","template":"","meta":[],"product_brand":[],"product_cat":[30927,30940],"product_tag":[],"class_list":{"0":"post-172213","1":"product","2":"type-product","3":"status-publish","4":"has-post-thumbnail","6":"product_cat-bath","7":"product_cat-hotel-shower-dispensers-liquid","9":"first","10":"instock","11":"taxable","12":"shipping-taxable","13":"purchasable","14":"product-type-variable"},"_links":{"self":[{"href":"https:\/\/nexgendecors.com\/es\/wp-json\/wp\/v2\/product\/172213","targetHints":{"allow":["GET"]}}],"collection":[{"href":"https:\/\/nexgendecors.com\/es\/wp-json\/wp\/v2\/product"}],"about":[{"href":"https:\/\/nexgendecors.com\/es\/wp-json\/wp\/v2\/types\/product"}],"replies":[{"embeddable":true,"href":"https:\/\/nexgendecors.com\/es\/wp-json\/wp\/v2\/comments?post=172213"}],"version-history":[{"count":0,"href":"https:\/\/nexgendecors.com\/es\/wp-json\/wp\/v2\/product\/172213\/revisions"}],"wp:featuredmedia":[{"embeddable":true,"href":"https:\/\/nexgendecors.com\/es\/wp-json\/wp\/v2\/media\/172212"}],"wp:attachment":[{"href":"https:\/\/nexgendecors.com\/es\/wp-json\/wp\/v2\/media?parent=172213"}],"wp:term":[{"taxonomy":"product_brand","embeddable":true,"href":"https:\/\/nexgendecors.com\/es\/wp-json\/wp\/v2\/product_brand?post=172213"},{"taxonomy":"product_cat","embeddable":true,"href":"https:\/\/nexgendecors.com\/es\/wp-json\/wp\/v2\/product_cat?post=172213"},{"taxonomy":"product_tag","embeddable":true,"href":"https:\/\/nexgendecors.com\/es\/wp-json\/wp\/v2\/product_tag?post=172213"}],"curies":[{"name":"wp","href":"https:\/\/api.w.org\/{rel}","templated":true}]}}