{"id":172237,"date":"2025-02-25T04:30:48","date_gmt":"2025-02-25T04:30:48","guid":{"rendered":"https:\/\/nexgendecors.com\/en\/product\/interhasa-hotel-bathroom-wall-mounted-hair-dryer-hanging-commercial-for-wall-hotel-room\/"},"modified":"2025-04-10T12:30:33","modified_gmt":"2025-04-10T12:30:33","slug":"secador-de-pelo-colgante-de-pared-para-bano-de-hotel-interhasa-comercial-para-pared-de-habitacion-de-hotel","status":"publish","type":"product","link":"https:\/\/nexgendecors.com\/es\/product\/secador-de-pelo-colgante-de-pared-para-bano-de-hotel-interhasa-comercial-para-pared-de-habitacion-de-hotel\/","title":{"rendered":"Interhasa Hotel Cuarto de Ba\u00f1o Secador de Pelo de Pared Colgante Comercial para Pared Habitaci\u00f3n de Hotel"},"content":{"rendered":"<ul>\n<li><strong>Servicio postventa proporcionado: <\/strong> Centros de llamadas en el extranjero<\/li>\n<li><strong>garant\u00eda : <\/strong> 1 a\u00f1o<\/li>\n<li><strong>idioma de funcionamiento: <\/strong> Ingl\u00e9s<\/li>\n<li><strong>solicitud : <\/strong> Hotel, Comercial, Hogar<\/li>\n<li><strong>fuente de energ\u00eda: <\/strong> El\u00e9ctrico<\/li>\n<li><strong>controlado por aplicaci\u00f3n: <\/strong> S\u00ed<\/li>\n<li><strong>molde privado: <\/strong> S\u00ed<\/li>\n<li><strong>logotipo\/patr\u00f3n: <\/strong> Impresi\u00f3n 3D<\/li>\n<li><strong>tipos de embalaje: <\/strong> Caja de color<\/li>\n<li><strong>material : <\/strong> Pl\u00e1stico<\/li>\n<li><strong>ajustes de velocidad: <\/strong> 1<\/li>\n<li><strong>Tipo de boquilla: <\/strong> Concentrador<\/li>\n<li><strong>caracter\u00edstica : <\/strong> Plegable<\/li>\n<li><strong>fuerza : <\/strong> 1200 W<\/li>\n<li><strong>lugar de origen : <\/strong> Zhejiang, China<\/li>\n<li><strong>nombre de marca: <\/strong> INTERHASA<\/li>\n<li><strong>N\u00famero de modelo: <\/strong> HSD-D90290<\/li>\n<li><strong>velocidad del motor: <\/strong> 110.000 rpm<\/li>\n<li><strong>motor: <\/strong> Motor de CA<\/li>\n<li><strong>Tipo : <\/strong> Montaje en pared<\/li>\n<li><strong>Material : <\/strong> Pl\u00e1stico<\/li>\n<li><strong>Ajustes de velocidad: <\/strong> 2<\/li>\n<li><strong>Tipo de boquilla: <\/strong> Concentrador<\/li>\n<li><strong>Fuerza : <\/strong> 1200 W<\/li>\n<li><strong>Caracter\u00edstica : <\/strong> I\u00f3nico<\/li>\n<li><strong>Voltaje : <\/strong> 220 V 50 Hz - 60 Hz<\/li>\n<li><strong>Temperatura del aire: <\/strong> 65+_15\u2103<\/li>\n<li><strong>Velocidad del aire: <\/strong> &gt;11 m\/s<\/li>\n<li><strong>A prueba de salpicaduras de agua: <\/strong> IP*1<\/li>\n<li><strong>Usar : <\/strong> Hotel<\/li>\n<\/ul>","protected":false},"excerpt":{"rendered":"<p>servicio postventa proporcionado : Centros de llamadas en el extranjero garant\u00eda : 1 A\u00f1o idioma de funcionamiento : Ingl\u00e9s aplicaci\u00f3n : Hotel, Comercial, Hogar<\/p>","protected":false},"featured_media":172236,"comment_status":"open","ping_status":"closed","template":"","meta":[],"product_brand":[],"product_cat":[30928,30942,30984],"product_tag":[],"class_list":{"0":"post-172237","1":"product","2":"type-product","3":"status-publish","4":"has-post-thumbnail","6":"product_cat-guest-room","7":"product_cat-hair-dryers","8":"product_cat-hotel-appliances","10":"first","11":"instock","12":"taxable","13":"shipping-taxable","14":"purchasable","15":"product-type-variable"},"_links":{"self":[{"href":"https:\/\/nexgendecors.com\/es\/wp-json\/wp\/v2\/product\/172237","targetHints":{"allow":["GET"]}}],"collection":[{"href":"https:\/\/nexgendecors.com\/es\/wp-json\/wp\/v2\/product"}],"about":[{"href":"https:\/\/nexgendecors.com\/es\/wp-json\/wp\/v2\/types\/product"}],"replies":[{"embeddable":true,"href":"https:\/\/nexgendecors.com\/es\/wp-json\/wp\/v2\/comments?post=172237"}],"version-history":[{"count":0,"href":"https:\/\/nexgendecors.com\/es\/wp-json\/wp\/v2\/product\/172237\/revisions"}],"wp:featuredmedia":[{"embeddable":true,"href":"https:\/\/nexgendecors.com\/es\/wp-json\/wp\/v2\/media\/172236"}],"wp:attachment":[{"href":"https:\/\/nexgendecors.com\/es\/wp-json\/wp\/v2\/media?parent=172237"}],"wp:term":[{"taxonomy":"product_brand","embeddable":true,"href":"https:\/\/nexgendecors.com\/es\/wp-json\/wp\/v2\/product_brand?post=172237"},{"taxonomy":"product_cat","embeddable":true,"href":"https:\/\/nexgendecors.com\/es\/wp-json\/wp\/v2\/product_cat?post=172237"},{"taxonomy":"product_tag","embeddable":true,"href":"https:\/\/nexgendecors.com\/es\/wp-json\/wp\/v2\/product_tag?post=172237"}],"curies":[{"name":"wp","href":"https:\/\/api.w.org\/{rel}","templated":true}]}}