{"id":172406,"date":"2025-02-25T05:36:11","date_gmt":"2025-02-25T05:36:11","guid":{"rendered":"https:\/\/nexgendecors.com\/en\/product\/svavo-best-seller-home-office-wall-mounted-usb-scent-diffuser-100ml-essential-oil-ultrasonic-nebulizing-aroma-diffuser\/"},"modified":"2025-04-06T10:15:10","modified_gmt":"2025-04-06T10:15:10","slug":"svavo-best-seller-home-office-wall-mounted-usb-scent-diffuser-100ml-essential-oil-ultrasonic-nebulizing-aroma-diffuser","status":"publish","type":"product","link":"https:\/\/nexgendecors.com\/es\/product\/svavo-best-seller-home-office-wall-mounted-usb-scent-diffuser-100ml-essential-oil-ultrasonic-nebulizing-aroma-diffuser\/","title":{"rendered":"Difusor de aromas SVAVO, el m\u00e1s vendido, con USB, para pared, para el hogar y la oficina, 100 ml, ultras\u00f3nico, con nebulizaci\u00f3n de aceites esenciales."},"content":{"rendered":"<ul>\n<li><strong>lugar de origen : <\/strong> Guangdong, China<\/li>\n<li><strong>nombre de marca: <\/strong> SVAVO<\/li>\n<li><strong>N\u00famero de modelo: <\/strong> PL-151090<\/li>\n<li><strong>potencia w : <\/strong> 6<\/li>\n<li><strong>voltaje v : <\/strong> 1.5<\/li>\n<li><strong>garant\u00eda : <\/strong> 1 a\u00f1o<\/li>\n<li><strong>idioma de funcionamiento: <\/strong> Ingl\u00e9s<\/li>\n<li><strong>solicitud : <\/strong> Familiar<\/li>\n<li><strong>molde privado: <\/strong> S\u00ed<\/li>\n<li><strong>logotipo\/patr\u00f3n: <\/strong> Serigraf\u00eda, Impresi\u00f3n l\u00e1ser<\/li>\n<li><strong>controlado por aplicaci\u00f3n: <\/strong> NO<\/li>\n<li><strong>capacidad : <\/strong> 51-100 ml<\/li>\n<li><strong>funci\u00f3n de temporizaci\u00f3n: <\/strong> S\u00ed<\/li>\n<li><strong>Nombre del producto : <\/strong> Aroma Diffuser<\/li>\n<li><strong>Color : <\/strong> White\/Black<\/li>\n<li><strong>Tama\u00f1o de la unidad: <\/strong> 168*168*65 mm<\/li>\n<li><strong>packing size : <\/strong> 175*175*77 mm<\/li>\n<li><strong>Voltaje : <\/strong> 1.5V<\/li>\n<li><strong>Oil Consumption : <\/strong> 0.01-0.02ML\/spray<\/li>\n<li><strong>Net Weight : <\/strong> 490g<\/li>\n<li><strong>Instalaci\u00f3n : <\/strong> Free-standing\/wall mounted<\/li>\n<li><strong>Fuente de energ\u00eda: <\/strong> Battery \/ Type &#8211; C<\/li>\n<li><strong>certificate : <\/strong> CE<\/li>\n<\/ul>","protected":false},"excerpt":{"rendered":"<p>place of origin : Guangdong, China brand name : SVAVO model number : PL-151090 power w : 6 voltage v<\/p>","protected":false},"featured_media":172405,"comment_status":"open","ping_status":"closed","template":"","meta":[],"product_brand":[],"product_cat":[30927,30940],"product_tag":[],"class_list":{"0":"post-172406","1":"product","2":"type-product","3":"status-publish","4":"has-post-thumbnail","6":"product_cat-bath","7":"product_cat-hotel-shower-dispensers-liquid","9":"first","10":"instock","11":"taxable","12":"shipping-taxable","13":"purchasable","14":"product-type-variable"},"_links":{"self":[{"href":"https:\/\/nexgendecors.com\/es\/wp-json\/wp\/v2\/product\/172406","targetHints":{"allow":["GET"]}}],"collection":[{"href":"https:\/\/nexgendecors.com\/es\/wp-json\/wp\/v2\/product"}],"about":[{"href":"https:\/\/nexgendecors.com\/es\/wp-json\/wp\/v2\/types\/product"}],"replies":[{"embeddable":true,"href":"https:\/\/nexgendecors.com\/es\/wp-json\/wp\/v2\/comments?post=172406"}],"version-history":[{"count":0,"href":"https:\/\/nexgendecors.com\/es\/wp-json\/wp\/v2\/product\/172406\/revisions"}],"wp:featuredmedia":[{"embeddable":true,"href":"https:\/\/nexgendecors.com\/es\/wp-json\/wp\/v2\/media\/172405"}],"wp:attachment":[{"href":"https:\/\/nexgendecors.com\/es\/wp-json\/wp\/v2\/media?parent=172406"}],"wp:term":[{"taxonomy":"product_brand","embeddable":true,"href":"https:\/\/nexgendecors.com\/es\/wp-json\/wp\/v2\/product_brand?post=172406"},{"taxonomy":"product_cat","embeddable":true,"href":"https:\/\/nexgendecors.com\/es\/wp-json\/wp\/v2\/product_cat?post=172406"},{"taxonomy":"product_tag","embeddable":true,"href":"https:\/\/nexgendecors.com\/es\/wp-json\/wp\/v2\/product_tag?post=172406"}],"curies":[{"name":"wp","href":"https:\/\/api.w.org\/{rel}","templated":true}]}}