{"id":172422,"date":"2025-02-25T05:36:31","date_gmt":"2025-02-25T05:36:31","guid":{"rendered":"https:\/\/nexgendecors.com\/en\/product\/svavo-cheap-price-bathroom-toilet-wall-mounted-battery-operated-air-freshener-automatic-spray-perfume-aerosol-dispenser\/"},"modified":"2025-04-06T10:15:20","modified_gmt":"2025-04-06T10:15:20","slug":"svavo-cheap-price-bathroom-toilet-wall-mounted-battery-operated-air-freshener-automatic-spray-perfume-aerosol-dispenser","status":"publish","type":"product","link":"https:\/\/nexgendecors.com\/es\/product\/svavo-cheap-price-bathroom-toilet-wall-mounted-battery-operated-air-freshener-automatic-spray-perfume-aerosol-dispenser\/","title":{"rendered":"SVAVO - Dispensador autom\u00e1tico de aerosol de perfume para ba\u00f1o, montado en la pared, funciona con pilas, precio econ\u00f3mico"},"content":{"rendered":"<ul>\n<li><strong>lugar de origen : <\/strong> Guangdong<\/li>\n<li><strong>nombre de marca: <\/strong> SVAVO<\/li>\n<li><strong>N\u00famero de modelo: <\/strong> V-740<\/li>\n<li><strong>garant\u00eda : <\/strong> 1 a\u00f1o<\/li>\n<li><strong>solicitud : <\/strong> Hotel<\/li>\n<li><strong>molde privado: <\/strong> S\u00ed<\/li>\n<li><strong>logotipo\/patr\u00f3n: <\/strong> Serigraf\u00eda, Impresi\u00f3n l\u00e1ser<\/li>\n<li><strong>controlado por aplicaci\u00f3n: <\/strong> NO<\/li>\n<li><strong>capacidad : <\/strong> \uff1e200ml<\/li>\n<li><strong>funci\u00f3n de temporizaci\u00f3n: <\/strong> No<\/li>\n<li><strong>Nombre del producto : <\/strong> SVAVO Mounted Spray Automatic Air Freshener<\/li>\n<li><strong>N\u00famero de modelo : <\/strong> V-740<\/li>\n<li><strong>Material : <\/strong> Pl\u00e1stico ABS<\/li>\n<li><strong>Tama\u00f1o de la unidad: <\/strong> L90*W85*H205mm<\/li>\n<li><strong>Fabricante de equipos originales (OEM) y fabricante de dise\u00f1os originales (ODM): <\/strong> Apoyo<\/li>\n<li><strong>Embalaje: <\/strong> 36 Pcs\/ctn<\/li>\n<li><strong>Solicitud : <\/strong> Hotel,commercial,household,school,home,or other public area<\/li>\n<li><strong>Instalaci\u00f3n : <\/strong> Montado en la pared<\/li>\n<li><strong>Comprador comercial: <\/strong> Institutional B399B Solutions<\/li>\n<\/ul>","protected":false},"excerpt":{"rendered":"<p>place of origin : Guangdong brand name : SVAVO model number : V-740 warranty : 1 Year application : Hotel<\/p>","protected":false},"featured_media":172421,"comment_status":"open","ping_status":"closed","template":"","meta":[],"product_brand":[],"product_cat":[30927,30940],"product_tag":[],"class_list":{"0":"post-172422","1":"product","2":"type-product","3":"status-publish","4":"has-post-thumbnail","6":"product_cat-bath","7":"product_cat-hotel-shower-dispensers-liquid","9":"first","10":"instock","11":"taxable","12":"shipping-taxable","13":"purchasable","14":"product-type-variable"},"_links":{"self":[{"href":"https:\/\/nexgendecors.com\/es\/wp-json\/wp\/v2\/product\/172422","targetHints":{"allow":["GET"]}}],"collection":[{"href":"https:\/\/nexgendecors.com\/es\/wp-json\/wp\/v2\/product"}],"about":[{"href":"https:\/\/nexgendecors.com\/es\/wp-json\/wp\/v2\/types\/product"}],"replies":[{"embeddable":true,"href":"https:\/\/nexgendecors.com\/es\/wp-json\/wp\/v2\/comments?post=172422"}],"version-history":[{"count":0,"href":"https:\/\/nexgendecors.com\/es\/wp-json\/wp\/v2\/product\/172422\/revisions"}],"wp:featuredmedia":[{"embeddable":true,"href":"https:\/\/nexgendecors.com\/es\/wp-json\/wp\/v2\/media\/172421"}],"wp:attachment":[{"href":"https:\/\/nexgendecors.com\/es\/wp-json\/wp\/v2\/media?parent=172422"}],"wp:term":[{"taxonomy":"product_brand","embeddable":true,"href":"https:\/\/nexgendecors.com\/es\/wp-json\/wp\/v2\/product_brand?post=172422"},{"taxonomy":"product_cat","embeddable":true,"href":"https:\/\/nexgendecors.com\/es\/wp-json\/wp\/v2\/product_cat?post=172422"},{"taxonomy":"product_tag","embeddable":true,"href":"https:\/\/nexgendecors.com\/es\/wp-json\/wp\/v2\/product_tag?post=172422"}],"curies":[{"name":"wp","href":"https:\/\/api.w.org\/{rel}","templated":true}]}}