{"id":172443,"date":"2025-02-25T05:39:47","date_gmt":"2025-02-25T05:39:47","guid":{"rendered":"https:\/\/nexgendecors.com\/en\/product\/wall-mounted-foam-soap-dispenser-manual-gel-alcohol-spray-sanitizer-dispenser-for-school\/"},"modified":"2025-04-06T10:15:42","modified_gmt":"2025-04-06T10:15:42","slug":"dispensador-de-jabon-en-espuma-de-pared-dispensador-manual-de-desinfectante-en-aerosol-con-alcohol-en-gel-para-escuelas","status":"publish","type":"product","link":"https:\/\/nexgendecors.com\/es\/product\/dispensador-de-jabon-en-espuma-de-pared-dispensador-manual-de-desinfectante-en-aerosol-con-alcohol-en-gel-para-escuelas\/","title":{"rendered":"Dispensador de jab\u00f3n en espuma de pared, dispensador manual de gel desinfectante en aerosol para escuelas"},"content":{"rendered":"<ul>\n<li><strong>Garant\u00eda : <\/strong> 1 a\u00f1o<\/li>\n<li><strong>Servicio postventa: <\/strong> Soporte t\u00e9cnico en l\u00ednea, Instalaci\u00f3n en sitio, Capacitaci\u00f3n en sitio, Inspecci\u00f3n en sitio<\/li>\n<li><strong>Capacidad de soluci\u00f3n del proyecto: <\/strong> Dise\u00f1o gr\u00e1fico, dise\u00f1o de modelos 3D, soluci\u00f3n total para proyectos.<\/li>\n<li><strong>Solicitud : <\/strong> Hotel, Decoraci\u00f3n de ba\u00f1os de hotel<\/li>\n<li><strong>Estilo de dise\u00f1o: <\/strong> Moderno<\/li>\n<li><strong>Lugar de origen: <\/strong> Guangdong, China<\/li>\n<li><strong>Nombre de la marca: <\/strong> SVAVO<\/li>\n<li><strong>N\u00famero de modelo : <\/strong> PL-151053<\/li>\n<li><strong>Caracter\u00edstica : <\/strong> Dispensador de jab\u00f3n en espuma<\/li>\n<li><strong>Material principal: <\/strong> Pl\u00e1stico<\/li>\n<li><strong>Dispensador de jab\u00f3n l\u00edquido Tipo: <\/strong> Dispensador de jab\u00f3n de manos<\/li>\n<li><strong>Tama\u00f1o del producto: <\/strong> Largo 125 x Ancho 111 x Alto 256 mm<\/li>\n<li><strong>Embalaje: <\/strong> 32 piezas\/caja<\/li>\n<li><strong>Tama\u00f1o de la caja: <\/strong> 536*480*558 mm<\/li>\n<li><strong>Tipo : <\/strong> Dispensador de jab\u00f3n de pared<\/li>\n<li><strong>Cantidad m\u00ednima de pedido: <\/strong> 100 piezas<\/li>\n<li><strong>Volumen : <\/strong> 800 ml<\/li>\n<li><strong>Color : <\/strong> negro<\/li>\n<li><strong>Uso: <\/strong> Ba\u00f1o Cocina Hotel Hospital Restaurante<\/li>\n<li><strong>Estilo : <\/strong> Juego de ba\u00f1o moderno<\/li>\n<\/ul>","protected":false},"excerpt":{"rendered":"<p>Warranty : 1 Year After-sale Service : Online technical support, Onsite Installation, Onsite Training, Onsite Inspection Project Solution Capability :<\/p>","protected":false},"featured_media":172442,"comment_status":"open","ping_status":"closed","template":"","meta":[],"product_brand":[],"product_cat":[30927,30940],"product_tag":[],"class_list":{"0":"post-172443","1":"product","2":"type-product","3":"status-publish","4":"has-post-thumbnail","6":"product_cat-bath","7":"product_cat-hotel-shower-dispensers-liquid","9":"first","10":"instock","11":"taxable","12":"shipping-taxable","13":"purchasable","14":"product-type-variable"},"_links":{"self":[{"href":"https:\/\/nexgendecors.com\/es\/wp-json\/wp\/v2\/product\/172443","targetHints":{"allow":["GET"]}}],"collection":[{"href":"https:\/\/nexgendecors.com\/es\/wp-json\/wp\/v2\/product"}],"about":[{"href":"https:\/\/nexgendecors.com\/es\/wp-json\/wp\/v2\/types\/product"}],"replies":[{"embeddable":true,"href":"https:\/\/nexgendecors.com\/es\/wp-json\/wp\/v2\/comments?post=172443"}],"version-history":[{"count":0,"href":"https:\/\/nexgendecors.com\/es\/wp-json\/wp\/v2\/product\/172443\/revisions"}],"wp:featuredmedia":[{"embeddable":true,"href":"https:\/\/nexgendecors.com\/es\/wp-json\/wp\/v2\/media\/172442"}],"wp:attachment":[{"href":"https:\/\/nexgendecors.com\/es\/wp-json\/wp\/v2\/media?parent=172443"}],"wp:term":[{"taxonomy":"product_brand","embeddable":true,"href":"https:\/\/nexgendecors.com\/es\/wp-json\/wp\/v2\/product_brand?post=172443"},{"taxonomy":"product_cat","embeddable":true,"href":"https:\/\/nexgendecors.com\/es\/wp-json\/wp\/v2\/product_cat?post=172443"},{"taxonomy":"product_tag","embeddable":true,"href":"https:\/\/nexgendecors.com\/es\/wp-json\/wp\/v2\/product_tag?post=172443"}],"curies":[{"name":"wp","href":"https:\/\/api.w.org\/{rel}","templated":true}]}}