{"id":172455,"date":"2025-02-25T05:40:02","date_gmt":"2025-02-25T05:40:02","guid":{"rendered":"https:\/\/nexgendecors.com\/en\/product\/new-double-bottle-manual-liquid-soap-dispenser-for-shampoo-and-body-wash-500ml2-dispenser-for-bathroom\/"},"modified":"2025-04-06T10:15:53","modified_gmt":"2025-04-06T10:15:53","slug":"new-double-bottle-manual-liquid-soap-dispenser-for-shampoo-and-body-wash-500ml2-dispenser-for-bathroom","status":"publish","type":"product","link":"https:\/\/nexgendecors.com\/es\/product\/new-double-bottle-manual-liquid-soap-dispenser-for-shampoo-and-body-wash-500ml2-dispenser-for-bathroom\/","title":{"rendered":"Nuevo dispensador manual de jab\u00f3n l\u00edquido de doble botella para champ\u00fa y gel de ducha, 500 ml x 2 dispensadores para ba\u00f1o"},"content":{"rendered":"<ul>\n<li><strong>Garant\u00eda : <\/strong> 1 a\u00f1o<\/li>\n<li><strong>Servicio postventa: <\/strong> Soporte t\u00e9cnico en l\u00ednea<\/li>\n<li><strong>Capacidad de soluci\u00f3n del proyecto: <\/strong> Dise\u00f1o gr\u00e1fico, dise\u00f1o de modelos 3D, soluci\u00f3n total para proyectos.<\/li>\n<li><strong>Solicitud : <\/strong> Hotel<\/li>\n<li><strong>Estilo de dise\u00f1o: <\/strong> Moderno<\/li>\n<li><strong>Lugar de origen: <\/strong> Guangdong, China<\/li>\n<li><strong>Nombre de la marca: <\/strong> SVAVO<\/li>\n<li><strong>N\u00famero de modelo : <\/strong> PL-151052<\/li>\n<li><strong>Caracter\u00edstica : <\/strong> Dispensador de jab\u00f3n doble<\/li>\n<li><strong>Material principal: <\/strong> Pl\u00e1stico<\/li>\n<li><strong>Dispensador de jab\u00f3n l\u00edquido Tipo: <\/strong> Dispensador de jab\u00f3n de manos<\/li>\n<li><strong>Nombre del producto : <\/strong> Bathroom Wall Mounted Soap Dispenser<\/li>\n<li><strong>Tama\u00f1o de la unidad: <\/strong> L145*W95.5*H250mm<\/li>\n<li><strong>Volumen : <\/strong> 550ml*2<\/li>\n<li><strong>Color : <\/strong> White\/White&amp;Grey\/Blcak<\/li>\n<li><strong>Embalaje: <\/strong> 24pcs\/ctn<\/li>\n<li><strong>Instalaci\u00f3n : <\/strong> Montado en la pared<\/li>\n<li><strong>Inner Box : <\/strong> White Box&amp;Gift Box<\/li>\n<li><strong>Net Weight : <\/strong> 580g<\/li>\n<li><strong>Fabricante de equipos originales (OEM) y fabricante de dise\u00f1os originales (ODM): <\/strong> Apoyo<\/li>\n<li><strong>Muestra : <\/strong> Disponible<\/li>\n<\/ul>","protected":false},"excerpt":{"rendered":"<p>Garant\u00eda: 1 a\u00f1o Servicio posventa: Soporte t\u00e9cnico en l\u00ednea Capacidad de soluci\u00f3n de proyectos: dise\u00f1o gr\u00e1fico, dise\u00f1o de modelos 3D, total<\/p>","protected":false},"featured_media":172454,"comment_status":"open","ping_status":"closed","template":"","meta":[],"product_brand":[],"product_cat":[30927,30940],"product_tag":[],"class_list":{"0":"post-172455","1":"product","2":"type-product","3":"status-publish","4":"has-post-thumbnail","6":"product_cat-bath","7":"product_cat-hotel-shower-dispensers-liquid","9":"first","10":"instock","11":"taxable","12":"shipping-taxable","13":"purchasable","14":"product-type-variable"},"_links":{"self":[{"href":"https:\/\/nexgendecors.com\/es\/wp-json\/wp\/v2\/product\/172455","targetHints":{"allow":["GET"]}}],"collection":[{"href":"https:\/\/nexgendecors.com\/es\/wp-json\/wp\/v2\/product"}],"about":[{"href":"https:\/\/nexgendecors.com\/es\/wp-json\/wp\/v2\/types\/product"}],"replies":[{"embeddable":true,"href":"https:\/\/nexgendecors.com\/es\/wp-json\/wp\/v2\/comments?post=172455"}],"version-history":[{"count":0,"href":"https:\/\/nexgendecors.com\/es\/wp-json\/wp\/v2\/product\/172455\/revisions"}],"wp:featuredmedia":[{"embeddable":true,"href":"https:\/\/nexgendecors.com\/es\/wp-json\/wp\/v2\/media\/172454"}],"wp:attachment":[{"href":"https:\/\/nexgendecors.com\/es\/wp-json\/wp\/v2\/media?parent=172455"}],"wp:term":[{"taxonomy":"product_brand","embeddable":true,"href":"https:\/\/nexgendecors.com\/es\/wp-json\/wp\/v2\/product_brand?post=172455"},{"taxonomy":"product_cat","embeddable":true,"href":"https:\/\/nexgendecors.com\/es\/wp-json\/wp\/v2\/product_cat?post=172455"},{"taxonomy":"product_tag","embeddable":true,"href":"https:\/\/nexgendecors.com\/es\/wp-json\/wp\/v2\/product_tag?post=172455"}],"curies":[{"name":"wp","href":"https:\/\/api.w.org\/{rel}","templated":true}]}}