{"id":172466,"date":"2025-02-25T05:40:17","date_gmt":"2025-02-25T05:40:17","guid":{"rendered":"https:\/\/nexgendecors.com\/en\/product\/cheap-price-rechargeable-touchless-foam-soap-gel-alcohol-lotion-plastic-bottle-automatic-hand-sanitizer-dispenser\/"},"modified":"2025-04-06T10:16:03","modified_gmt":"2025-04-06T10:16:03","slug":"cheap-price-rechargeable-touchless-foam-soap-gel-alcohol-lotion-plastic-bottle-automatic-hand-sanitizer-dispenser","status":"publish","type":"product","link":"https:\/\/nexgendecors.com\/es\/product\/cheap-price-rechargeable-touchless-foam-soap-gel-alcohol-lotion-plastic-bottle-automatic-hand-sanitizer-dispenser\/","title":{"rendered":"Dispensador autom\u00e1tico de desinfectante de manos, botella de pl\u00e1stico recargable, sin contacto, para loci\u00f3n de alcohol y jab\u00f3n en espuma, a bajo precio"},"content":{"rendered":"<ul>\n<li><strong>Garant\u00eda : <\/strong> 1 a\u00f1o<\/li>\n<li><strong>Instalaci\u00f3n : <\/strong> Montado en la pared<\/li>\n<li><strong>Servicio postventa: <\/strong> Soporte t\u00e9cnico en l\u00ednea<\/li>\n<li><strong>Capacidad de soluci\u00f3n del proyecto: <\/strong> graphic design, 3D model design, total solution for projects, Cross Categories Consolidation<\/li>\n<li><strong>Solicitud : <\/strong> Ba\u00f1o<\/li>\n<li><strong>Estilo de dise\u00f1o: <\/strong> Moderno<\/li>\n<li><strong>Lugar de origen: <\/strong> Guangdong, China<\/li>\n<li><strong>Nombre de la marca: <\/strong> SVAVO<\/li>\n<li><strong>N\u00famero de modelo : <\/strong> PL-151056<\/li>\n<li><strong>Caracter\u00edstica : <\/strong> Dispensador de jab\u00f3n en espuma<\/li>\n<li><strong>Material principal: <\/strong> Pl\u00e1stico<\/li>\n<li><strong>Dispensador de jab\u00f3n l\u00edquido Tipo: <\/strong> Dispensador autom\u00e1tico de jab\u00f3n<\/li>\n<li><strong>Nombre del producto : <\/strong> Large Capacity Foam Type Automatic Soap Dispensers<\/li>\n<li><strong>Volumen : <\/strong> 1000ml<\/li>\n<li><strong>Embalaje: <\/strong> 12pcs\/ctn<\/li>\n<li><strong>Uso: <\/strong> Pubic Place<\/li>\n<li><strong>Power supply : <\/strong> 4&#8243;C&#8221;batteries<\/li>\n<\/ul>","protected":false},"excerpt":{"rendered":"<p>Garant\u00eda: 1 a\u00f1o Instalaci\u00f3n: Montaje en pared Servicio posventa: Soporte t\u00e9cnico en l\u00ednea Capacidad de soluci\u00f3n de proyectos: dise\u00f1o gr\u00e1fico,<\/p>","protected":false},"featured_media":172465,"comment_status":"open","ping_status":"closed","template":"","meta":[],"product_brand":[],"product_cat":[30927,30940],"product_tag":[],"class_list":{"0":"post-172466","1":"product","2":"type-product","3":"status-publish","4":"has-post-thumbnail","6":"product_cat-bath","7":"product_cat-hotel-shower-dispensers-liquid","9":"first","10":"instock","11":"taxable","12":"shipping-taxable","13":"purchasable","14":"product-type-variable"},"_links":{"self":[{"href":"https:\/\/nexgendecors.com\/es\/wp-json\/wp\/v2\/product\/172466","targetHints":{"allow":["GET"]}}],"collection":[{"href":"https:\/\/nexgendecors.com\/es\/wp-json\/wp\/v2\/product"}],"about":[{"href":"https:\/\/nexgendecors.com\/es\/wp-json\/wp\/v2\/types\/product"}],"replies":[{"embeddable":true,"href":"https:\/\/nexgendecors.com\/es\/wp-json\/wp\/v2\/comments?post=172466"}],"version-history":[{"count":0,"href":"https:\/\/nexgendecors.com\/es\/wp-json\/wp\/v2\/product\/172466\/revisions"}],"wp:featuredmedia":[{"embeddable":true,"href":"https:\/\/nexgendecors.com\/es\/wp-json\/wp\/v2\/media\/172465"}],"wp:attachment":[{"href":"https:\/\/nexgendecors.com\/es\/wp-json\/wp\/v2\/media?parent=172466"}],"wp:term":[{"taxonomy":"product_brand","embeddable":true,"href":"https:\/\/nexgendecors.com\/es\/wp-json\/wp\/v2\/product_brand?post=172466"},{"taxonomy":"product_cat","embeddable":true,"href":"https:\/\/nexgendecors.com\/es\/wp-json\/wp\/v2\/product_cat?post=172466"},{"taxonomy":"product_tag","embeddable":true,"href":"https:\/\/nexgendecors.com\/es\/wp-json\/wp\/v2\/product_tag?post=172466"}],"curies":[{"name":"wp","href":"https:\/\/api.w.org\/{rel}","templated":true}]}}