{"id":172486,"date":"2025-02-25T05:40:31","date_gmt":"2025-02-25T05:40:31","guid":{"rendered":"https:\/\/nexgendecors.com\/en\/product\/2023-best-seller-hotel-bathroom-kitchen-abs-plastic-wall-mount-manual-shower-gel-liquid-hand-soap-dispenser\/"},"modified":"2025-04-06T10:16:15","modified_gmt":"2025-04-06T10:16:15","slug":"2023-best-seller-hotel-bathroom-kitchen-abs-plastic-wall-mount-manual-shower-gel-liquid-hand-soap-dispenser","status":"publish","type":"product","link":"https:\/\/nexgendecors.com\/es\/product\/2023-best-seller-hotel-bathroom-kitchen-abs-plastic-wall-mount-manual-shower-gel-liquid-hand-soap-dispenser\/","title":{"rendered":"2023 Best Seller Hotel Bathroom Kitchen Abs Plastic Wall Mount Manual Shower Gel Liquid Hand Soap Dispenser"},"content":{"rendered":"<ul>\n<li><strong>Garant\u00eda : <\/strong> 1 a\u00f1o<\/li>\n<li><strong>Servicio postventa: <\/strong> Soporte t\u00e9cnico en l\u00ednea, Instalaci\u00f3n en sitio, Capacitaci\u00f3n en sitio<\/li>\n<li><strong>Capacidad de soluci\u00f3n del proyecto: <\/strong> dise\u00f1o gr\u00e1fico, dise\u00f1o de modelos 3D<\/li>\n<li><strong>Solicitud : <\/strong> Hotel<\/li>\n<li><strong>Estilo de dise\u00f1o: <\/strong> Moderno<\/li>\n<li><strong>Lugar de origen: <\/strong> Guangdong, China<\/li>\n<li><strong>Nombre de la marca: <\/strong> SVAVO<\/li>\n<li><strong>N\u00famero de modelo : <\/strong> V-7101<\/li>\n<li><strong>Material principal: <\/strong> Pl\u00e1stico<\/li>\n<li><strong>Dispensador de jab\u00f3n l\u00edquido Tipo: <\/strong> Dispensador de jab\u00f3n de manos<\/li>\n<li><strong>Model : <\/strong> V-7101<\/li>\n<li><strong>Product size : <\/strong> L110*W106*H165mm<\/li>\n<li><strong>Volumen : <\/strong> 700ml<\/li>\n<li><strong>Embalaje: <\/strong> 40 pcs \/ ctn<\/li>\n<li><strong>Tama\u00f1o de la caja: <\/strong> 560*476*370mm<\/li>\n<li><strong>Color : <\/strong> White,Chrome<\/li>\n<li><strong>Cantidad m\u00ednima de pedido: <\/strong> 100Pcs<\/li>\n<li><strong>Logotipo : <\/strong> Accept Customization<\/li>\n<li><strong>Estilo : <\/strong> Simple Bathroom Accessories<\/li>\n<li><strong>Material : <\/strong> abdominales<\/li>\n<\/ul>","protected":false},"excerpt":{"rendered":"<p>Garant\u00eda: 1 a\u00f1o Servicio posventa: Soporte t\u00e9cnico en l\u00ednea, Instalaci\u00f3n en el sitio, Capacitaci\u00f3n en el sitio Capacidad de soluci\u00f3n de proyectos: dise\u00f1o gr\u00e1fico,<\/p>","protected":false},"featured_media":172485,"comment_status":"open","ping_status":"closed","template":"","meta":[],"product_brand":[],"product_cat":[30927,30940],"product_tag":[],"class_list":{"0":"post-172486","1":"product","2":"type-product","3":"status-publish","4":"has-post-thumbnail","6":"product_cat-bath","7":"product_cat-hotel-shower-dispensers-liquid","9":"first","10":"instock","11":"taxable","12":"shipping-taxable","13":"purchasable","14":"product-type-variable"},"_links":{"self":[{"href":"https:\/\/nexgendecors.com\/es\/wp-json\/wp\/v2\/product\/172486","targetHints":{"allow":["GET"]}}],"collection":[{"href":"https:\/\/nexgendecors.com\/es\/wp-json\/wp\/v2\/product"}],"about":[{"href":"https:\/\/nexgendecors.com\/es\/wp-json\/wp\/v2\/types\/product"}],"replies":[{"embeddable":true,"href":"https:\/\/nexgendecors.com\/es\/wp-json\/wp\/v2\/comments?post=172486"}],"version-history":[{"count":0,"href":"https:\/\/nexgendecors.com\/es\/wp-json\/wp\/v2\/product\/172486\/revisions"}],"wp:featuredmedia":[{"embeddable":true,"href":"https:\/\/nexgendecors.com\/es\/wp-json\/wp\/v2\/media\/172485"}],"wp:attachment":[{"href":"https:\/\/nexgendecors.com\/es\/wp-json\/wp\/v2\/media?parent=172486"}],"wp:term":[{"taxonomy":"product_brand","embeddable":true,"href":"https:\/\/nexgendecors.com\/es\/wp-json\/wp\/v2\/product_brand?post=172486"},{"taxonomy":"product_cat","embeddable":true,"href":"https:\/\/nexgendecors.com\/es\/wp-json\/wp\/v2\/product_cat?post=172486"},{"taxonomy":"product_tag","embeddable":true,"href":"https:\/\/nexgendecors.com\/es\/wp-json\/wp\/v2\/product_tag?post=172486"}],"curies":[{"name":"wp","href":"https:\/\/api.w.org\/{rel}","templated":true}]}}