{"id":172524,"date":"2025-02-25T05:41:05","date_gmt":"2025-02-25T05:41:05","guid":{"rendered":"https:\/\/nexgendecors.com\/en\/product\/cheap-price-wall-mounted-touchless-smart-sensor-1000ml-automatic-hand-sanitizer-liquid-soap-dispenser\/"},"modified":"2025-04-06T10:16:37","modified_gmt":"2025-04-06T10:16:37","slug":"cheap-price-wall-mounted-touchless-smart-sensor-1000ml-automatic-hand-sanitizer-liquid-soap-dispenser","status":"publish","type":"product","link":"https:\/\/nexgendecors.com\/es\/product\/cheap-price-wall-mounted-touchless-smart-sensor-1000ml-automatic-hand-sanitizer-liquid-soap-dispenser\/","title":{"rendered":"Dispensador autom\u00e1tico de jab\u00f3n l\u00edquido desinfectante de manos de 1000 ml con sensor inteligente sin contacto y montado en la pared, precio econ\u00f3mico"},"content":{"rendered":"<ul>\n<li><strong>Garant\u00eda : <\/strong> 1 a\u00f1o<\/li>\n<li><strong>Servicio postventa: <\/strong> Soporte t\u00e9cnico en l\u00ednea<\/li>\n<li><strong>Capacidad de soluci\u00f3n del proyecto: <\/strong> dise\u00f1o gr\u00e1fico<\/li>\n<li><strong>Solicitud : <\/strong> Ba\u00f1o<\/li>\n<li><strong>Estilo de dise\u00f1o: <\/strong> Moderno<\/li>\n<li><strong>Lugar de origen: <\/strong> Guangdong, China<\/li>\n<li><strong>Nombre de la marca: <\/strong> SVAVO\/OEM<\/li>\n<li><strong>N\u00famero de modelo : <\/strong> OS-0410<\/li>\n<li><strong>Material principal: <\/strong> Pl\u00e1stico<\/li>\n<li><strong>Dispensador de jab\u00f3n l\u00edquido Tipo: <\/strong> Dispensador autom\u00e1tico de jab\u00f3n<\/li>\n<li><strong>Vol : <\/strong> 1000ml<\/li>\n<li><strong>Color : <\/strong> White\/White &amp; Clarity Blue\/Black\/Chrome<\/li>\n<li><strong>Material : <\/strong> ABS&amp;PC<\/li>\n<li><strong>Dimension : <\/strong> L138*W96*H178mm<\/li>\n<li><strong>Battery : <\/strong> 4 &#8220;AA&#8221; batterIiesnot included<\/li>\n<li><strong>Sensor distance : <\/strong> 0-10cm<\/li>\n<li><strong>Tipo : <\/strong> Automatic Sensor Liquild<\/li>\n<li><strong>Liquid Dosage : <\/strong> 0.6-1ml<\/li>\n<li><strong>Instalaci\u00f3n : <\/strong> Instalaci\u00f3n en pared<\/li>\n<li><strong>Nombre del producto : <\/strong> Refillable bottle automatic hand liquid soap hand sanitizer dispenser<\/li>\n<\/ul>","protected":false},"excerpt":{"rendered":"<p>Garant\u00eda: 1 a\u00f1o Servicio posventa: Soporte t\u00e9cnico en l\u00ednea Capacidad de soluci\u00f3n de proyecto: dise\u00f1o gr\u00e1fico Aplicaci\u00f3n: Dise\u00f1o de ba\u00f1o<\/p>","protected":false},"featured_media":172523,"comment_status":"open","ping_status":"closed","template":"","meta":[],"product_brand":[],"product_cat":[30927,30940],"product_tag":[],"class_list":{"0":"post-172524","1":"product","2":"type-product","3":"status-publish","4":"has-post-thumbnail","6":"product_cat-bath","7":"product_cat-hotel-shower-dispensers-liquid","9":"first","10":"instock","11":"taxable","12":"shipping-taxable","13":"purchasable","14":"product-type-variable"},"_links":{"self":[{"href":"https:\/\/nexgendecors.com\/es\/wp-json\/wp\/v2\/product\/172524","targetHints":{"allow":["GET"]}}],"collection":[{"href":"https:\/\/nexgendecors.com\/es\/wp-json\/wp\/v2\/product"}],"about":[{"href":"https:\/\/nexgendecors.com\/es\/wp-json\/wp\/v2\/types\/product"}],"replies":[{"embeddable":true,"href":"https:\/\/nexgendecors.com\/es\/wp-json\/wp\/v2\/comments?post=172524"}],"version-history":[{"count":0,"href":"https:\/\/nexgendecors.com\/es\/wp-json\/wp\/v2\/product\/172524\/revisions"}],"wp:featuredmedia":[{"embeddable":true,"href":"https:\/\/nexgendecors.com\/es\/wp-json\/wp\/v2\/media\/172523"}],"wp:attachment":[{"href":"https:\/\/nexgendecors.com\/es\/wp-json\/wp\/v2\/media?parent=172524"}],"wp:term":[{"taxonomy":"product_brand","embeddable":true,"href":"https:\/\/nexgendecors.com\/es\/wp-json\/wp\/v2\/product_brand?post=172524"},{"taxonomy":"product_cat","embeddable":true,"href":"https:\/\/nexgendecors.com\/es\/wp-json\/wp\/v2\/product_cat?post=172524"},{"taxonomy":"product_tag","embeddable":true,"href":"https:\/\/nexgendecors.com\/es\/wp-json\/wp\/v2\/product_tag?post=172524"}],"curies":[{"name":"wp","href":"https:\/\/api.w.org\/{rel}","templated":true}]}}