{"id":172561,"date":"2025-02-25T05:42:16","date_gmt":"2025-02-25T05:42:16","guid":{"rendered":"https:\/\/nexgendecors.com\/en\/product\/svavo-pressing-abs-plastic-soap-dispenser-wall-mount-refillable-shower-gel-liquid-hand-wash-soap-dispenser\/"},"modified":"2025-04-06T10:17:08","modified_gmt":"2025-04-06T10:17:08","slug":"svavo-pressing-abs-plastic-soap-dispenser-wall-mount-refillable-shower-gel-liquid-hand-wash-soap-dispenser","status":"publish","type":"product","link":"https:\/\/nexgendecors.com\/es\/product\/svavo-pressing-abs-plastic-soap-dispenser-wall-mount-refillable-shower-gel-liquid-hand-wash-soap-dispenser\/","title":{"rendered":"Dispensador de jab\u00f3n l\u00edquido para manos SVAVO de pl\u00e1stico ABS de alta presi\u00f3n, recargable, para montaje en pared."},"content":{"rendered":"<ul>\n<li><strong>Garant\u00eda : <\/strong> 1 a\u00f1o<\/li>\n<li><strong>Servicio postventa: <\/strong> Soporte t\u00e9cnico en l\u00ednea<\/li>\n<li><strong>Capacidad de soluci\u00f3n del proyecto: <\/strong> graphic design, 3D model design, total solution for projects, Cross Categories Consolidation<\/li>\n<li><strong>Solicitud : <\/strong> Ba\u00f1o<\/li>\n<li><strong>Estilo de dise\u00f1o: <\/strong> Moderno<\/li>\n<li><strong>Lugar de origen: <\/strong> Guangdong<\/li>\n<li><strong>Nombre de la marca: <\/strong> SVAVO<\/li>\n<li><strong>N\u00famero de modelo : <\/strong> V-5101<\/li>\n<li><strong>Material principal: <\/strong> abdominales<\/li>\n<li><strong>Dispensador de jab\u00f3n l\u00edquido Tipo: <\/strong> Dispensador de jab\u00f3n de manos<\/li>\n<li><strong>Nombre del producto : <\/strong> Wall Mounted Hotel hand liquid soap dispenser<\/li>\n<li><strong>Volumen : <\/strong> 350ml<\/li>\n<li><strong>Unit size : <\/strong> L88*W85*H165mm<\/li>\n<li><strong>color : <\/strong> White\/Chrome<\/li>\n<li><strong>Installment : <\/strong> Wall mounted<\/li>\n<\/ul>","protected":false},"excerpt":{"rendered":"<p>Garant\u00eda: 1 a\u00f1o Servicio posventa: Soporte t\u00e9cnico en l\u00ednea Capacidad de soluci\u00f3n de proyectos: dise\u00f1o gr\u00e1fico, dise\u00f1o de modelos 3D, total<\/p>","protected":false},"featured_media":172560,"comment_status":"open","ping_status":"closed","template":"","meta":[],"product_brand":[],"product_cat":[30927,30940],"product_tag":[],"class_list":{"0":"post-172561","1":"product","2":"type-product","3":"status-publish","4":"has-post-thumbnail","6":"product_cat-bath","7":"product_cat-hotel-shower-dispensers-liquid","9":"first","10":"instock","11":"taxable","12":"shipping-taxable","13":"purchasable","14":"product-type-variable"},"_links":{"self":[{"href":"https:\/\/nexgendecors.com\/es\/wp-json\/wp\/v2\/product\/172561","targetHints":{"allow":["GET"]}}],"collection":[{"href":"https:\/\/nexgendecors.com\/es\/wp-json\/wp\/v2\/product"}],"about":[{"href":"https:\/\/nexgendecors.com\/es\/wp-json\/wp\/v2\/types\/product"}],"replies":[{"embeddable":true,"href":"https:\/\/nexgendecors.com\/es\/wp-json\/wp\/v2\/comments?post=172561"}],"version-history":[{"count":0,"href":"https:\/\/nexgendecors.com\/es\/wp-json\/wp\/v2\/product\/172561\/revisions"}],"wp:featuredmedia":[{"embeddable":true,"href":"https:\/\/nexgendecors.com\/es\/wp-json\/wp\/v2\/media\/172560"}],"wp:attachment":[{"href":"https:\/\/nexgendecors.com\/es\/wp-json\/wp\/v2\/media?parent=172561"}],"wp:term":[{"taxonomy":"product_brand","embeddable":true,"href":"https:\/\/nexgendecors.com\/es\/wp-json\/wp\/v2\/product_brand?post=172561"},{"taxonomy":"product_cat","embeddable":true,"href":"https:\/\/nexgendecors.com\/es\/wp-json\/wp\/v2\/product_cat?post=172561"},{"taxonomy":"product_tag","embeddable":true,"href":"https:\/\/nexgendecors.com\/es\/wp-json\/wp\/v2\/product_tag?post=172561"}],"curies":[{"name":"wp","href":"https:\/\/api.w.org\/{rel}","templated":true}]}}