{"id":172577,"date":"2025-02-25T05:42:55","date_gmt":"2025-02-25T05:42:55","guid":{"rendered":"https:\/\/nexgendecors.com\/en\/product\/commercial-large-capacity-infrared-sensor-faucet-shape-touchless-automatic-foaming-soap-dispenser\/"},"modified":"2025-04-06T10:17:27","modified_gmt":"2025-04-06T10:17:27","slug":"commercial-large-capacity-infrared-sensor-faucet-shape-touchless-automatic-foaming-soap-dispenser","status":"publish","type":"product","link":"https:\/\/nexgendecors.com\/es\/product\/commercial-large-capacity-infrared-sensor-faucet-shape-touchless-automatic-foaming-soap-dispenser\/","title":{"rendered":"Dispensador autom\u00e1tico de jab\u00f3n espumoso sin contacto con sensor infrarrojo de gran capacidad para uso comercial."},"content":{"rendered":"<ul>\n<li><strong>Garant\u00eda : <\/strong> 1 a\u00f1o<\/li>\n<li><strong>Servicio postventa: <\/strong> Soporte t\u00e9cnico en l\u00ednea, Instalaci\u00f3n en sitio, Capacitaci\u00f3n en sitio<\/li>\n<li><strong>Capacidad de soluci\u00f3n del proyecto: <\/strong> Dise\u00f1o gr\u00e1fico, dise\u00f1o de modelos 3D, soluci\u00f3n total para proyectos.<\/li>\n<li><strong>Solicitud : <\/strong> Hotel<\/li>\n<li><strong>Estilo de dise\u00f1o: <\/strong> Moderno<\/li>\n<li><strong>Lugar de origen: <\/strong> Guangdong, China<\/li>\n<li><strong>Nombre de la marca: <\/strong> SVAVO<\/li>\n<li><strong>N\u00famero de modelo : <\/strong> V-SEN3010<\/li>\n<li><strong>Caracter\u00edstica : <\/strong> Dispensador de jab\u00f3n en espuma<\/li>\n<li><strong>Material principal: <\/strong> Pl\u00e1stico<\/li>\n<li><strong>Dispensador de jab\u00f3n l\u00edquido Tipo: <\/strong> Dispensador autom\u00e1tico de jab\u00f3n<\/li>\n<li><strong>Tipo : <\/strong> Foam Faucet Soap Dispenser<\/li>\n<li><strong>Material : <\/strong> Alloy+ABS<\/li>\n<li><strong>vol : <\/strong> 2000ml<\/li>\n<li><strong>drip volume : <\/strong> 1-5ML<\/li>\n<li><strong>unit size : <\/strong> L139*W50*H107mm<\/li>\n<li><strong>color : <\/strong> White&amp;Black\/Chrome&amp;Black\/Chrome\/White<\/li>\n<li><strong>battery : <\/strong> AC\/DC adaptor<\/li>\n<li><strong>Peso : <\/strong> 1326g<\/li>\n<li><strong>Inductive distance : <\/strong> 0.5-15cm<\/li>\n<li><strong>Voltaje : <\/strong> DC6V<\/li>\n<\/ul>","protected":false},"excerpt":{"rendered":"<p>Garant\u00eda: 1 a\u00f1o Servicio posventa: Soporte t\u00e9cnico en l\u00ednea, Instalaci\u00f3n en el sitio, Capacitaci\u00f3n en el sitio Capacidad de soluci\u00f3n de proyectos: dise\u00f1o gr\u00e1fico,<\/p>","protected":false},"featured_media":172576,"comment_status":"open","ping_status":"closed","template":"","meta":[],"product_brand":[],"product_cat":[30927,30940],"product_tag":[],"class_list":{"0":"post-172577","1":"product","2":"type-product","3":"status-publish","4":"has-post-thumbnail","6":"product_cat-bath","7":"product_cat-hotel-shower-dispensers-liquid","9":"first","10":"instock","11":"taxable","12":"shipping-taxable","13":"purchasable","14":"product-type-variable"},"_links":{"self":[{"href":"https:\/\/nexgendecors.com\/es\/wp-json\/wp\/v2\/product\/172577","targetHints":{"allow":["GET"]}}],"collection":[{"href":"https:\/\/nexgendecors.com\/es\/wp-json\/wp\/v2\/product"}],"about":[{"href":"https:\/\/nexgendecors.com\/es\/wp-json\/wp\/v2\/types\/product"}],"replies":[{"embeddable":true,"href":"https:\/\/nexgendecors.com\/es\/wp-json\/wp\/v2\/comments?post=172577"}],"version-history":[{"count":0,"href":"https:\/\/nexgendecors.com\/es\/wp-json\/wp\/v2\/product\/172577\/revisions"}],"wp:featuredmedia":[{"embeddable":true,"href":"https:\/\/nexgendecors.com\/es\/wp-json\/wp\/v2\/media\/172576"}],"wp:attachment":[{"href":"https:\/\/nexgendecors.com\/es\/wp-json\/wp\/v2\/media?parent=172577"}],"wp:term":[{"taxonomy":"product_brand","embeddable":true,"href":"https:\/\/nexgendecors.com\/es\/wp-json\/wp\/v2\/product_brand?post=172577"},{"taxonomy":"product_cat","embeddable":true,"href":"https:\/\/nexgendecors.com\/es\/wp-json\/wp\/v2\/product_cat?post=172577"},{"taxonomy":"product_tag","embeddable":true,"href":"https:\/\/nexgendecors.com\/es\/wp-json\/wp\/v2\/product_tag?post=172577"}],"curies":[{"name":"wp","href":"https:\/\/api.w.org\/{rel}","templated":true}]}}