{"id":172620,"date":"2025-02-25T05:47:41","date_gmt":"2025-02-25T05:47:41","guid":{"rendered":"https:\/\/nexgendecors.com\/en\/product\/svavo-wall-mounted-jumbo-roll-paper-towel-dispenser-center-pull-paper-holder\/"},"modified":"2025-03-31T17:13:09","modified_gmt":"2025-03-31T17:13:09","slug":"svavo-wall-mounted-jumbo-roll-paper-towel-dispenser-center-pull-paper-holder","status":"publish","type":"product","link":"https:\/\/nexgendecors.com\/es\/product\/svavo-wall-mounted-jumbo-roll-paper-towel-dispenser-center-pull-paper-holder\/","title":{"rendered":"SVAVO Dispensador de Toallas de Papel de Rollo Jumbo con Tirador Central para Montaje en Pared"},"content":{"rendered":"<ul>\n<li><strong>Garant\u00eda : <\/strong> 1 a\u00f1o<\/li>\n<li><strong>Caracter\u00edstica : <\/strong> Plastic, Wall-mounted<\/li>\n<li><strong>Servicio postventa: <\/strong> Soporte t\u00e9cnico en l\u00ednea<\/li>\n<li><strong>Capacidad de soluci\u00f3n del proyecto: <\/strong> Dise\u00f1o gr\u00e1fico, dise\u00f1o de modelos 3D, soluci\u00f3n total para proyectos.<\/li>\n<li><strong>Solicitud : <\/strong> Hospital<\/li>\n<li><strong>Estilo de dise\u00f1o: <\/strong> Moderno<\/li>\n<li><strong>Lugar de origen: <\/strong> Guangdong, China<\/li>\n<li><strong>Nombre de la marca: <\/strong> SVAVO<\/li>\n<li><strong>N\u00famero de modelo : <\/strong> PL-151066, PL-151066<\/li>\n<li><strong>Material : <\/strong> Plastic, ABS<\/li>\n<li><strong>Nombre del producto : <\/strong> Roll Center Pull  Paper Tissue Dispenser Wall Mounted Toilet<\/li>\n<li><strong>Tama\u00f1o : <\/strong> L270*W270*H159mm<\/li>\n<li><strong>Color : <\/strong> Blanco\/Blanco y gris\/Negro<\/li>\n<li><strong>Instalaci\u00f3n : <\/strong> Montaje en pared<\/li>\n<li><strong>Peso : <\/strong> 795g<\/li>\n<li><strong>Uso: <\/strong> Inicio Hotel Ba\u00f1o<\/li>\n<li><strong>Embalaje: <\/strong> Caja de cart\u00f3n<\/li>\n<\/ul>","protected":false},"excerpt":{"rendered":"<p>Garant\u00eda : 1 a\u00f1o Caracter\u00edstica : Pl\u00e1stico, Montaje en pared Servicio posventa : Soporte t\u00e9cnico en l\u00ednea Capacidad de soluci\u00f3n de proyectos : Dise\u00f1o gr\u00e1fico,<\/p>","protected":false},"featured_media":172619,"comment_status":"open","ping_status":"closed","template":"","meta":[],"product_brand":[],"product_cat":[30927,30940],"product_tag":[],"class_list":{"0":"post-172620","1":"product","2":"type-product","3":"status-publish","4":"has-post-thumbnail","6":"product_cat-bath","7":"product_cat-hotel-shower-dispensers-liquid","9":"first","10":"instock","11":"taxable","12":"shipping-taxable","13":"purchasable","14":"product-type-variable"},"_links":{"self":[{"href":"https:\/\/nexgendecors.com\/es\/wp-json\/wp\/v2\/product\/172620","targetHints":{"allow":["GET"]}}],"collection":[{"href":"https:\/\/nexgendecors.com\/es\/wp-json\/wp\/v2\/product"}],"about":[{"href":"https:\/\/nexgendecors.com\/es\/wp-json\/wp\/v2\/types\/product"}],"replies":[{"embeddable":true,"href":"https:\/\/nexgendecors.com\/es\/wp-json\/wp\/v2\/comments?post=172620"}],"version-history":[{"count":0,"href":"https:\/\/nexgendecors.com\/es\/wp-json\/wp\/v2\/product\/172620\/revisions"}],"wp:featuredmedia":[{"embeddable":true,"href":"https:\/\/nexgendecors.com\/es\/wp-json\/wp\/v2\/media\/172619"}],"wp:attachment":[{"href":"https:\/\/nexgendecors.com\/es\/wp-json\/wp\/v2\/media?parent=172620"}],"wp:term":[{"taxonomy":"product_brand","embeddable":true,"href":"https:\/\/nexgendecors.com\/es\/wp-json\/wp\/v2\/product_brand?post=172620"},{"taxonomy":"product_cat","embeddable":true,"href":"https:\/\/nexgendecors.com\/es\/wp-json\/wp\/v2\/product_cat?post=172620"},{"taxonomy":"product_tag","embeddable":true,"href":"https:\/\/nexgendecors.com\/es\/wp-json\/wp\/v2\/product_tag?post=172620"}],"curies":[{"name":"wp","href":"https:\/\/api.w.org\/{rel}","templated":true}]}}