{"id":172683,"date":"2025-02-25T05:49:40","date_gmt":"2025-02-25T05:49:40","guid":{"rendered":"https:\/\/nexgendecors.com\/en\/product\/cheap-price-bathroom-large-capacity-200-sheet-hand-towel-square-tissue-box-with-lock-wall-mounted-c-fold-paper-towel-dispenser\/"},"modified":"2025-02-25T05:50:05","modified_gmt":"2025-02-25T05:50:05","slug":"cheap-price-bathroom-large-capacity-200-sheet-hand-towel-square-tissue-box-with-lock-wall-mounted-c-fold-paper-towel-dispenser","status":"publish","type":"product","link":"https:\/\/nexgendecors.com\/es\/product\/cheap-price-bathroom-large-capacity-200-sheet-hand-towel-square-tissue-box-with-lock-wall-mounted-c-fold-paper-towel-dispenser\/","title":{"rendered":"Cheap Price Bathroom Large Capacity 200 Sheet Hand Towel square Tissue Box with Lock Wall Mounted C Fold Paper Towel Dispenser"},"content":{"rendered":"<ul>\n<li><strong>Garant\u00eda : <\/strong> 1 a\u00f1o<\/li>\n<li><strong>Servicio postventa: <\/strong> Online technical support, Free spare parts<\/li>\n<li><strong>Capacidad de soluci\u00f3n del proyecto: <\/strong> Dise\u00f1o gr\u00e1fico, dise\u00f1o de modelos 3D, soluci\u00f3n total para proyectos.<\/li>\n<li><strong>Solicitud : <\/strong> Hotel<\/li>\n<li><strong>Estilo de dise\u00f1o: <\/strong> Moderno<\/li>\n<li><strong>Lugar de origen: <\/strong> Guangdong, China<\/li>\n<li><strong>Nombre de la marca: <\/strong> SVAVO<\/li>\n<li><strong>N\u00famero de modelo : <\/strong> V-620<\/li>\n<li><strong>Material : <\/strong> Plastic, ABS plastic<\/li>\n<li><strong>Nombre del producto : <\/strong> Wall-mounted Bathroom Tissue Dispenser  Multifold Paper Towel Holder<\/li>\n<li><strong>Model : <\/strong> V-620<\/li>\n<li><strong>Tama\u00f1o : <\/strong> L273*W97*H203mm<\/li>\n<li><strong>Color : <\/strong> White\/Clarity Brown<\/li>\n<li><strong>Tissue paper holder : <\/strong> Tissue paper dispenser<\/li>\n<li><strong>Marca : <\/strong> SVAVO<\/li>\n<li><strong>Sevries : <\/strong> OEM &amp; distribute<\/li>\n<li><strong>Install : <\/strong> wall mounted<\/li>\n<li><strong>Certificates : <\/strong> BSCI audit, ISO9001-2015<\/li>\n<\/ul>","protected":false},"excerpt":{"rendered":"<p>Garant\u00eda: 1 a\u00f1o Servicio posventa: Soporte t\u00e9cnico en l\u00ednea, repuestos gratuitos Capacidad de soluci\u00f3n de proyectos: dise\u00f1o gr\u00e1fico, 3D<\/p>","protected":false},"featured_media":172682,"comment_status":"open","ping_status":"closed","template":"","meta":[],"product_brand":[],"product_cat":[30927,30940],"product_tag":[],"class_list":{"0":"post-172683","1":"product","2":"type-product","3":"status-publish","4":"has-post-thumbnail","6":"product_cat-bath","7":"product_cat-hotel-shower-dispensers-liquid","9":"first","10":"instock","11":"taxable","12":"shipping-taxable","13":"purchasable","14":"product-type-variable"},"_links":{"self":[{"href":"https:\/\/nexgendecors.com\/es\/wp-json\/wp\/v2\/product\/172683","targetHints":{"allow":["GET"]}}],"collection":[{"href":"https:\/\/nexgendecors.com\/es\/wp-json\/wp\/v2\/product"}],"about":[{"href":"https:\/\/nexgendecors.com\/es\/wp-json\/wp\/v2\/types\/product"}],"replies":[{"embeddable":true,"href":"https:\/\/nexgendecors.com\/es\/wp-json\/wp\/v2\/comments?post=172683"}],"version-history":[{"count":0,"href":"https:\/\/nexgendecors.com\/es\/wp-json\/wp\/v2\/product\/172683\/revisions"}],"wp:featuredmedia":[{"embeddable":true,"href":"https:\/\/nexgendecors.com\/es\/wp-json\/wp\/v2\/media\/172682"}],"wp:attachment":[{"href":"https:\/\/nexgendecors.com\/es\/wp-json\/wp\/v2\/media?parent=172683"}],"wp:term":[{"taxonomy":"product_brand","embeddable":true,"href":"https:\/\/nexgendecors.com\/es\/wp-json\/wp\/v2\/product_brand?post=172683"},{"taxonomy":"product_cat","embeddable":true,"href":"https:\/\/nexgendecors.com\/es\/wp-json\/wp\/v2\/product_cat?post=172683"},{"taxonomy":"product_tag","embeddable":true,"href":"https:\/\/nexgendecors.com\/es\/wp-json\/wp\/v2\/product_tag?post=172683"}],"curies":[{"name":"wp","href":"https:\/\/api.w.org\/{rel}","templated":true}]}}