{"id":172847,"date":"2025-02-25T06:08:51","date_gmt":"2025-02-25T06:08:51","guid":{"rendered":"https:\/\/nexgendecors.com\/en\/product\/svavo-commercial-toilet-washroom-white-wall-mounted-1350w-electric-automatic-sensor-high-speed-hand-dryer\/"},"modified":"2025-04-06T10:20:12","modified_gmt":"2025-04-06T10:20:12","slug":"svavo-commercial-toilet-washroom-white-wall-mounted-1350w-electric-automatic-sensor-high-speed-hand-dryer","status":"publish","type":"product","link":"https:\/\/nexgendecors.com\/es\/product\/svavo-commercial-toilet-washroom-white-wall-mounted-1350w-electric-automatic-sensor-high-speed-hand-dryer\/","title":{"rendered":"SVAVO Commercial Toilet Washroom White Wall Mounted 1350W Electric Automatic Sensor High-speed Hand Dryer"},"content":{"rendered":"<ul>\n<li><strong>Servicio postventa proporcionado: <\/strong> Free spare parts, Onsite Installation, Field maintenance and repair service<\/li>\n<li><strong>garant\u00eda : <\/strong> 1 a\u00f1o<\/li>\n<li><strong>idioma de funcionamiento: <\/strong> Ingl\u00e9s<\/li>\n<li><strong>solicitud : <\/strong> Hotel, Comercial, Hogar<\/li>\n<li><strong>fuente de energ\u00eda: <\/strong> El\u00e9ctrico<\/li>\n<li><strong>controlado por aplicaci\u00f3n: <\/strong> NO<\/li>\n<li><strong>molde privado: <\/strong> NO<\/li>\n<li><strong>logotipo\/patr\u00f3n: <\/strong> Serigraf\u00eda, Impresi\u00f3n l\u00e1ser<\/li>\n<li><strong>tipos de embalaje: <\/strong> Caja de cart\u00f3n corrugado<\/li>\n<li><strong>sensor: <\/strong> S\u00ed<\/li>\n<li><strong>potencia w : <\/strong> 1350<\/li>\n<li><strong>nombre de marca: <\/strong> SVAVO<\/li>\n<li><strong>N\u00famero de modelo: <\/strong> V-182S<\/li>\n<li><strong>lugar de origen : <\/strong> Guangdong, China<\/li>\n<li><strong>Instalaci\u00f3n : <\/strong> Wall Mounted, Wall mounted<\/li>\n<li><strong>Material : <\/strong> Plastic, ABS<\/li>\n<li><strong>caracter\u00edstica : <\/strong> Automatic<\/li>\n<li><strong>N\u00famero de modelo : <\/strong> V-182S<\/li>\n<li><strong>Power W : <\/strong> 1350<\/li>\n<li><strong>Nombre de la marca: <\/strong> SVAVO<\/li>\n<li><strong>Voltage V : <\/strong> 220<\/li>\n<li><strong>Color : <\/strong> white\/silver\/white&amp;silver<\/li>\n<li><strong>Unit size : <\/strong> L250*W168*H242 mm<\/li>\n<li><strong>Unit weight : <\/strong> 1.5kg<\/li>\n<li><strong>Warm wind : <\/strong> 60\u2103<\/li>\n<\/ul>","protected":false},"excerpt":{"rendered":"<p>servicio postventa proporcionado : Piezas de repuesto gratuitas, instalaci\u00f3n in situ, mantenimiento sobre el terreno y servicio de reparaci\u00f3n Garant\u00eda : 1 a\u00f1o de funcionamiento Idioma<\/p>","protected":false},"featured_media":172846,"comment_status":"open","ping_status":"closed","template":"","meta":[],"product_brand":[],"product_cat":[30927,30940],"product_tag":[],"class_list":{"0":"post-172847","1":"product","2":"type-product","3":"status-publish","4":"has-post-thumbnail","6":"product_cat-bath","7":"product_cat-hotel-shower-dispensers-liquid","9":"first","10":"instock","11":"taxable","12":"shipping-taxable","13":"purchasable","14":"product-type-variable"},"_links":{"self":[{"href":"https:\/\/nexgendecors.com\/es\/wp-json\/wp\/v2\/product\/172847","targetHints":{"allow":["GET"]}}],"collection":[{"href":"https:\/\/nexgendecors.com\/es\/wp-json\/wp\/v2\/product"}],"about":[{"href":"https:\/\/nexgendecors.com\/es\/wp-json\/wp\/v2\/types\/product"}],"replies":[{"embeddable":true,"href":"https:\/\/nexgendecors.com\/es\/wp-json\/wp\/v2\/comments?post=172847"}],"version-history":[{"count":0,"href":"https:\/\/nexgendecors.com\/es\/wp-json\/wp\/v2\/product\/172847\/revisions"}],"wp:featuredmedia":[{"embeddable":true,"href":"https:\/\/nexgendecors.com\/es\/wp-json\/wp\/v2\/media\/172846"}],"wp:attachment":[{"href":"https:\/\/nexgendecors.com\/es\/wp-json\/wp\/v2\/media?parent=172847"}],"wp:term":[{"taxonomy":"product_brand","embeddable":true,"href":"https:\/\/nexgendecors.com\/es\/wp-json\/wp\/v2\/product_brand?post=172847"},{"taxonomy":"product_cat","embeddable":true,"href":"https:\/\/nexgendecors.com\/es\/wp-json\/wp\/v2\/product_cat?post=172847"},{"taxonomy":"product_tag","embeddable":true,"href":"https:\/\/nexgendecors.com\/es\/wp-json\/wp\/v2\/product_tag?post=172847"}],"curies":[{"name":"wp","href":"https:\/\/api.w.org\/{rel}","templated":true}]}}