{"id":172957,"date":"2025-02-25T06:23:33","date_gmt":"2025-02-25T06:23:33","guid":{"rendered":"https:\/\/nexgendecors.com\/en\/product\/hollow-paper-roll-hotel-toilet-paper-guest-room-small-paper-roll-hotel-toilet-with-hotel-coreless-paper-roll\/"},"modified":"2025-04-06T10:21:35","modified_gmt":"2025-04-06T10:21:35","slug":"hollow-paper-roll-hotel-toilet-paper-guest-room-small-paper-roll-hotel-toilet-with-hotel-coreless-paper-roll","status":"publish","type":"product","link":"https:\/\/nexgendecors.com\/es\/product\/hollow-paper-roll-hotel-toilet-paper-guest-room-small-paper-roll-hotel-toilet-with-hotel-coreless-paper-roll\/","title":{"rendered":"Rollo de papel hueco, papel higi\u00e9nico para hotel, habitaci\u00f3n de invitados, rollo de papel peque\u00f1o, papel higi\u00e9nico para hotel con rollo de papel sin n\u00facleo para hotel"},"content":{"rendered":"","protected":false},"excerpt":{"rendered":"","protected":false},"featured_media":172956,"comment_status":"open","ping_status":"closed","template":"","meta":[],"product_brand":[],"product_cat":[30927,30938],"product_tag":[],"class_list":{"0":"post-172957","1":"product","2":"type-product","3":"status-publish","4":"has-post-thumbnail","6":"product_cat-bath","7":"product_cat-paper-products","9":"first","10":"instock","11":"taxable","12":"shipping-taxable","13":"purchasable","14":"product-type-simple"},"_links":{"self":[{"href":"https:\/\/nexgendecors.com\/es\/wp-json\/wp\/v2\/product\/172957","targetHints":{"allow":["GET"]}}],"collection":[{"href":"https:\/\/nexgendecors.com\/es\/wp-json\/wp\/v2\/product"}],"about":[{"href":"https:\/\/nexgendecors.com\/es\/wp-json\/wp\/v2\/types\/product"}],"replies":[{"embeddable":true,"href":"https:\/\/nexgendecors.com\/es\/wp-json\/wp\/v2\/comments?post=172957"}],"version-history":[{"count":0,"href":"https:\/\/nexgendecors.com\/es\/wp-json\/wp\/v2\/product\/172957\/revisions"}],"wp:featuredmedia":[{"embeddable":true,"href":"https:\/\/nexgendecors.com\/es\/wp-json\/wp\/v2\/media\/172956"}],"wp:attachment":[{"href":"https:\/\/nexgendecors.com\/es\/wp-json\/wp\/v2\/media?parent=172957"}],"wp:term":[{"taxonomy":"product_brand","embeddable":true,"href":"https:\/\/nexgendecors.com\/es\/wp-json\/wp\/v2\/product_brand?post=172957"},{"taxonomy":"product_cat","embeddable":true,"href":"https:\/\/nexgendecors.com\/es\/wp-json\/wp\/v2\/product_cat?post=172957"},{"taxonomy":"product_tag","embeddable":true,"href":"https:\/\/nexgendecors.com\/es\/wp-json\/wp\/v2\/product_tag?post=172957"}],"curies":[{"name":"wp","href":"https:\/\/api.w.org\/{rel}","templated":true}]}}