{"id":173094,"date":"2025-02-25T06:34:24","date_gmt":"2025-02-25T06:34:24","guid":{"rendered":"https:\/\/nexgendecors.com\/en\/product\/custom-logo-napkin-printing-customized-milk-tea-shop-coffee-shop-hotel-small-square-restaurant-catering-paper-folding-tissues\/"},"modified":"2025-04-06T10:23:31","modified_gmt":"2025-04-06T10:23:31","slug":"custom-logo-napkin-printing-customized-milk-tea-shop-coffee-shop-hotel-small-square-restaurant-catering-paper-folding-tissues","status":"publish","type":"product","link":"https:\/\/nexgendecors.com\/es\/product\/custom-logo-napkin-printing-customized-milk-tea-shop-coffee-shop-hotel-small-square-restaurant-catering-paper-folding-tissues\/","title":{"rendered":"Servilletas con impresi\u00f3n de logotipos personalizados, papel plegable para cafeter\u00edas, hoteles, restaurantes, cafeter\u00edas, etc."},"content":{"rendered":"<ul>\n<li><strong>Nombre de la marca: <\/strong> Honger<\/li>\n<li><strong>Tipo : <\/strong> Adhesive Sticker<\/li>\n<li><strong>Caracter\u00edstica : <\/strong> Impermeable<\/li>\n<li><strong>Material : <\/strong> paper, Eco-friendly wood pulp material<\/li>\n<li><strong>N\u00famero de modelo : <\/strong> NP01<\/li>\n<li><strong>Pedido personalizado: <\/strong> Aceptar<\/li>\n<li><strong>Usar : <\/strong> Jelly, Milk, Sugar, Sandwich, cake, Bread, Snack, Chocolate, Lollipop, Noodle, Pizza, Chewing Gum, OLIVE OIL, Salad, Sushi, Cookie, Seasonings &amp; Condiments, Canned Food, CANDY, Baby Food, PET FOOD, POTATO CHIPS, Hamburger, Nuts &amp; Kernels<\/li>\n<li><strong>Lugar de origen: <\/strong> Guangdong, China<\/li>\n<li><strong>Uso industrial: <\/strong> Alimento<\/li>\n<li><strong>Printing Handling : <\/strong> Flexographic Printing<\/li>\n<li><strong>Nombre del producto : <\/strong> Tissue Custom Printing Logo<\/li>\n<li><strong>Forma : <\/strong> Cuadrado<\/li>\n<li><strong>Logotipo : <\/strong> Logotipo personalizado<\/li>\n<li><strong>Tama\u00f1o : <\/strong> Costumbre<\/li>\n<li><strong>Color : <\/strong> white , brown<\/li>\n<li><strong>Embalaje: <\/strong> 100pcs\/bag,  5000pcs\/carton<\/li>\n<li><strong>Cantidad m\u00ednima de pedido: <\/strong> 50bags=5000pcs<\/li>\n<li><strong>Plazo de entrega: <\/strong> 5-7 d\u00edas<\/li>\n<li><strong>Uso: <\/strong> in the Advertising Bar; Hotel Restaurant; Catering; restaurant etc.<\/li>\n<\/ul>","protected":false},"excerpt":{"rendered":"<p>Brand Name : Honger Type : Adhesive Sticker Feature : Waterproof Material : paper, Eco-friendly wood pulp material Model Number<\/p>","protected":false},"featured_media":173093,"comment_status":"open","ping_status":"closed","template":"","meta":[],"product_brand":[],"product_cat":[30927,30938],"product_tag":[],"class_list":{"0":"post-173094","1":"product","2":"type-product","3":"status-publish","4":"has-post-thumbnail","6":"product_cat-bath","7":"product_cat-paper-products","9":"first","10":"instock","11":"taxable","12":"shipping-taxable","13":"purchasable","14":"product-type-variable"},"_links":{"self":[{"href":"https:\/\/nexgendecors.com\/es\/wp-json\/wp\/v2\/product\/173094","targetHints":{"allow":["GET"]}}],"collection":[{"href":"https:\/\/nexgendecors.com\/es\/wp-json\/wp\/v2\/product"}],"about":[{"href":"https:\/\/nexgendecors.com\/es\/wp-json\/wp\/v2\/types\/product"}],"replies":[{"embeddable":true,"href":"https:\/\/nexgendecors.com\/es\/wp-json\/wp\/v2\/comments?post=173094"}],"version-history":[{"count":0,"href":"https:\/\/nexgendecors.com\/es\/wp-json\/wp\/v2\/product\/173094\/revisions"}],"wp:featuredmedia":[{"embeddable":true,"href":"https:\/\/nexgendecors.com\/es\/wp-json\/wp\/v2\/media\/173093"}],"wp:attachment":[{"href":"https:\/\/nexgendecors.com\/es\/wp-json\/wp\/v2\/media?parent=173094"}],"wp:term":[{"taxonomy":"product_brand","embeddable":true,"href":"https:\/\/nexgendecors.com\/es\/wp-json\/wp\/v2\/product_brand?post=173094"},{"taxonomy":"product_cat","embeddable":true,"href":"https:\/\/nexgendecors.com\/es\/wp-json\/wp\/v2\/product_cat?post=173094"},{"taxonomy":"product_tag","embeddable":true,"href":"https:\/\/nexgendecors.com\/es\/wp-json\/wp\/v2\/product_tag?post=173094"}],"curies":[{"name":"wp","href":"https:\/\/api.w.org\/{rel}","templated":true}]}}