{"id":173150,"date":"2025-02-25T06:45:48","date_gmt":"2025-02-25T06:45:48","guid":{"rendered":"https:\/\/nexgendecors.com\/en\/product\/cotton-bedding-hotel-bed-and-breakfast-four-piece-set-single-piece-pure-cotton-simple-satin-stripe-bed-sheet-quilt-cover-pillowcase\/"},"modified":"2025-04-06T10:23:41","modified_gmt":"2025-04-06T10:23:41","slug":"cotton-bedding-hotel-bed-and-breakfast-four-piece-set-single-piece-pure-cotton-simple-satin-stripe-bed-sheet-quilt-cover-pillowcase","status":"publish","type":"product","link":"https:\/\/nexgendecors.com\/es\/product\/cotton-bedding-hotel-bed-and-breakfast-four-piece-set-single-piece-pure-cotton-simple-satin-stripe-bed-sheet-quilt-cover-pillowcase\/","title":{"rendered":"Ropa de cama de algod\u00f3n, hotel, alojamiento y desayuno, conjunto de cuatro piezas, s\u00e1bana de una sola pieza de algod\u00f3n puro, simple, de sat\u00e9n a rayas, funda de edred\u00f3n, funda de almohada"},"content":{"rendered":"","protected":false},"excerpt":{"rendered":"","protected":false},"featured_media":173149,"comment_status":"open","ping_status":"closed","template":"","meta":[],"product_brand":[],"product_cat":[30926,30951,30953],"product_tag":[],"class_list":{"0":"post-173150","1":"product","2":"type-product","3":"status-publish","4":"has-post-thumbnail","6":"product_cat-bedding","7":"product_cat-hotel-bedding","8":"product_cat-hotel-sheet-linen","10":"first","11":"instock","12":"taxable","13":"shipping-taxable","14":"purchasable","15":"product-type-simple"},"_links":{"self":[{"href":"https:\/\/nexgendecors.com\/es\/wp-json\/wp\/v2\/product\/173150","targetHints":{"allow":["GET"]}}],"collection":[{"href":"https:\/\/nexgendecors.com\/es\/wp-json\/wp\/v2\/product"}],"about":[{"href":"https:\/\/nexgendecors.com\/es\/wp-json\/wp\/v2\/types\/product"}],"replies":[{"embeddable":true,"href":"https:\/\/nexgendecors.com\/es\/wp-json\/wp\/v2\/comments?post=173150"}],"version-history":[{"count":0,"href":"https:\/\/nexgendecors.com\/es\/wp-json\/wp\/v2\/product\/173150\/revisions"}],"wp:featuredmedia":[{"embeddable":true,"href":"https:\/\/nexgendecors.com\/es\/wp-json\/wp\/v2\/media\/173149"}],"wp:attachment":[{"href":"https:\/\/nexgendecors.com\/es\/wp-json\/wp\/v2\/media?parent=173150"}],"wp:term":[{"taxonomy":"product_brand","embeddable":true,"href":"https:\/\/nexgendecors.com\/es\/wp-json\/wp\/v2\/product_brand?post=173150"},{"taxonomy":"product_cat","embeddable":true,"href":"https:\/\/nexgendecors.com\/es\/wp-json\/wp\/v2\/product_cat?post=173150"},{"taxonomy":"product_tag","embeddable":true,"href":"https:\/\/nexgendecors.com\/es\/wp-json\/wp\/v2\/product_tag?post=173150"}],"curies":[{"name":"wp","href":"https:\/\/api.w.org\/{rel}","templated":true}]}}